{"id":121038,"date":"2024-10-19T00:00:00","date_gmt":"2024-10-18T22:00:00","guid":{"rendered":"https:\/\/gpl-love.com\/fr\/produit\/bookflare-a-modern-education-et-lms-wordpress-theme\/"},"modified":"2026-03-20T22:56:40","modified_gmt":"2026-03-20T21:56:40","slug":"bookflare-a-modern-education-et-lms-wordpress-theme","status":"publish","type":"product","link":"https:\/\/gpl-love.com\/fr\/produit\/bookflare-a-modern-education-et-lms-wordpress-theme\/","title":{"rendered":"Bookflare A Modern Education et LMS WordPress Theme 1.0.6"},"content":{"rendered":"<h3>Bookflare A Modern Education et LMS WordPress Theme Traits<\/h3>\n<p>BookFlare est un th\u00e8me de pointe et WordPress LMS qui pr\u00e9sente une interface tr\u00e8s conviviale pour la cr\u00e9ation et la gestion des cours en ligne. B\u00e9n\u00e9ficiant d&rsquo;une conception intuitive et d&rsquo;une pl\u00e9thore d&rsquo;options personnalisables, ce th\u00e8me \u00e9quipe les \u00e9ducateurs des outils n\u00e9cessaires pour fournir du contenu dynamique et captivant \u00e0 leurs \u00e9tudiants. Parmi sa vaste gamme de fonctionnalit\u00e9s figurent la cr\u00e9ation de cours, les quiz en ligne, le suivi des progr\u00e8s et les options de mon\u00e9tisation, ce qui le rend le choix ultime pour les personnes cherchant \u00e0 \u00e9tablir une plate-forme d&rsquo;\u00e9ducation en ligne. De plus, BookFlare est m\u00e9ticuleusement optimis\u00e9 pour les moteurs de recherche, accordant aux \u00e9ducateurs la capacit\u00e9 d&rsquo;atteindre un large public et d&rsquo;augmenter leur base \u00e9tudiante. Que vous repr\u00e9sentiez un \u00e9tablissement d&rsquo;enseignement, un enseignant individuel ou un entrepreneur ambitieux, soyez assur\u00e9 que BookFlare est un instrument formidable qui facilitera la cr\u00e9ation et la gestion de votre contenu \u00e9ducatif en ligne avec une facilit\u00e9 in\u00e9gal\u00e9e.<\/p>\n<ul>\n<li>Un th\u00e8me WordPress ax\u00e9 sur l&rsquo;\u00e9ducation moderne et \u00e9l\u00e9gant<\/li>\n<li>Optimis\u00e9 pour une utilisation comme syst\u00e8me de gestion de l&rsquo;apprentissage (LMS)<\/li>\n<li>Comprend des mod\u00e8les de page personnalis\u00e9s pour les listes de cours, les profils d&rsquo;instructeurs et plus encore<\/li>\n<li>Int\u00e9gration avec des plugins LMS populaires tels que LearnDash et Sensei<\/li>\n<li>Prise en charge int\u00e9gr\u00e9e pour les quiz, les affectations et le suivi des progr\u00e8s des cours<\/li>\n<li>Builder de page de glisser-d\u00e9poser et de d\u00e9pression facile \u00e0 utiliser pour la personnalisation sans codage<\/li>\n<li>Conception enti\u00e8rement r\u00e9active pour une exp\u00e9rience utilisateur sans couture sur n&rsquo;importe quel appareil<\/li>\n<li>Compatible avec les plugins de commerce \u00e9lectronique populaires tels que WooCommerce pour vendre des cours et des mat\u00e9riaux<\/li>\n<li>\u00c9quipe de support d\u00e9di\u00e9e disponible pour toutes les questions ou probl\u00e8mes techniques<\/li>\n<\/ul>\n","protected":false},"excerpt":{"rendered":"<p>D\u00e9couvrez The BookFlare &#8211; Un th\u00e8me WordPress \u00e9ducatif moderne et LMS. Ce th\u00e8me est con\u00e7u avec des fonctionnalit\u00e9s et des fonctionnalit\u00e9s modernes, parfaits pour les \u00e9tablissements d&rsquo;enseignement, les services de tutorat, les plateformes d&rsquo;apprentissage en ligne, etc. Le th\u00e8me de BookFlare est construit en pensant \u00e0 un syst\u00e8me de gestion de l&rsquo;apprentissage (LMS), offrant des outils complets pour g\u00e9rer les cours, les le\u00e7ons, les quiz et les progr\u00e8s des \u00e9tudiants. Que vous soyez un tuteur d&rsquo;\u00e9cole, d&rsquo;universit\u00e9 ou de priv\u00e9, ce th\u00e8me soutiendra vos besoins \u00e9ducatifs. Avec sa conception r\u00e9active, BookFlare garantit que votre site Web est magnifique sur tous les appareils. Il poss\u00e8de \u00e9galement un codage SEO-friendly pour aider \u00e0 am\u00e9liorer la visibilit\u00e9 de votre site. Obtenez BookFlare aujourd&rsquo;hui et exp\u00e9rimentez le pouvoir d&rsquo;un th\u00e8me WordPress \u00e9ducatif moderne.<\/p>\n","protected":false},"featured_media":143266,"comment_status":"open","ping_status":"open","template":"","meta":[],"product_brand":[2433],"product_cat":[1242,1212,1213],"product_tag":[1366],"class_list":{"0":"post-121038","1":"product","2":"type-product","3":"status-publish","4":"has-post-thumbnail","6":"product_brand-themeforest","7":"product_cat-creatif","8":"product_cat-themes","9":"product_cat-wordpress-themes","10":"product_tag-themeforest","11":"member-discount","12":"discount-restricted","14":"first","15":"instock","16":"sale","17":"downloadable","18":"virtual","19":"sold-individually","20":"purchasable","21":"product-type-simple"},"_links":{"self":[{"href":"https:\/\/gpl-love.com\/fr\/wp-json\/wp\/v2\/product\/121038","targetHints":{"allow":["GET"]}}],"collection":[{"href":"https:\/\/gpl-love.com\/fr\/wp-json\/wp\/v2\/product"}],"about":[{"href":"https:\/\/gpl-love.com\/fr\/wp-json\/wp\/v2\/types\/product"}],"replies":[{"embeddable":true,"href":"https:\/\/gpl-love.com\/fr\/wp-json\/wp\/v2\/comments?post=121038"}],"wp:featuredmedia":[{"embeddable":true,"href":"https:\/\/gpl-love.com\/fr\/wp-json\/wp\/v2\/media\/143266"}],"wp:attachment":[{"href":"https:\/\/gpl-love.com\/fr\/wp-json\/wp\/v2\/media?parent=121038"}],"wp:term":[{"taxonomy":"product_brand","embeddable":true,"href":"https:\/\/gpl-love.com\/fr\/wp-json\/wp\/v2\/product_brand?post=121038"},{"taxonomy":"product_cat","embeddable":true,"href":"https:\/\/gpl-love.com\/fr\/wp-json\/wp\/v2\/product_cat?post=121038"},{"taxonomy":"product_tag","embeddable":true,"href":"https:\/\/gpl-love.com\/fr\/wp-json\/wp\/v2\/product_tag?post=121038"}],"curies":[{"name":"wp","href":"https:\/\/api.w.org\/{rel}","templated":true}]}}