{"id":121036,"date":"2023-02-09T00:00:00","date_gmt":"2023-02-08T23:00:00","guid":{"rendered":"https:\/\/gpl-love.com\/fr\/produit\/armania-multipurpose-elementor-woocommerce-theme\/"},"modified":"2026-03-20T22:55:03","modified_gmt":"2026-03-20T21:55:03","slug":"armania-multipurpose-elementor-woocommerce-theme","status":"publish","type":"product","link":"https:\/\/gpl-love.com\/fr\/produit\/armania-multipurpose-elementor-woocommerce-theme\/","title":{"rendered":"Armania Multipurpose Elementor WooCommerce Theme 1.3.1"},"content":{"rendered":"<h3>Armania Multipurpose Elementor WooCommerce Theme Traits<\/h3>\n<p>Armania Le th\u00e8me WooCommerce multipurpose Elementor est une solution exceptionnellement robuste et polyvalente pour les personnes cherchant \u00e0 \u00e9tablir une boutique en ligne exceptionnelle qui est capable de r\u00e9pondre \u00e0 des besoins divers. Ce th\u00e8me se d\u00e9marque car il est m\u00e9ticuleusement construit sur les bases du constructeur de pages Elementor tr\u00e8s acclam\u00e9, permettant aux utilisateurs de personnaliser sans effort leur site Web et d&rsquo;atteindre une apparence \u00e9l\u00e9gante et contemporaine. De plus, l&rsquo;int\u00e9gration transparente de WooCommerce permet aux utilisateurs d&rsquo;\u00e9tablir rapidement une vitrine en ligne de pointe, \u00e9quip\u00e9e d&rsquo;une gamme de fonctionnalit\u00e9s indispensables telles que le filtrage des produits, la fonctionnalit\u00e9 des chariots d&rsquo;achat et les pages de paiement con\u00e7ues intuitivement. De plus, le th\u00e8me englobe un assortiment impressionnant de mod\u00e8les pr\u00e9d\u00e9finis, m\u00e9ticuleusement con\u00e7u pour r\u00e9pondre \u00e0 un vaste \u00e9ventail de boutiques en ligne, allant des boutiques de mode tendance aux magasins \u00e9lectroniques technologiquement avanc\u00e9s. Il est \u00e0 noter que Armania, offrant une r\u00e9activit\u00e9 compl\u00e8te et une optimisation impeccable du r\u00e9f\u00e9rencement, garantit que votre magasin d\u00e9gagera de magnificence et de professionnalisme sur tous les appareils, captivant ainsi sans effort et engageant les clients. En outre, avec son interface remarquablement conviviale et sa documentation compl\u00e8te, Armania appara\u00eet comme un choix de premier plan incontestable pour les individus qui se lancent dans le parcours d&rsquo;\u00e9tablissement ou d&rsquo;\u00e9l\u00e9vation de leur entreprise en ligne, promettant un succ\u00e8s et une satisfaction in\u00e9gal\u00e9s.<\/p>\n<ul>\n<li>Design \u00e9l\u00e9gant et moderne pour pr\u00e9senter les produits de la meilleure fa\u00e7on possible<\/li>\n<li>Compatible avec Elementor Page Builder pour personnaliser tous les aspects du site<\/li>\n<li>Construit sur la plate-forme WooCommerce pour permettre une gestion facile de la boutique en ligne<\/li>\n<li>Enti\u00e8rement r\u00e9actif et optimis\u00e9 mobile pour la navigation transparente sur tous les appareils<\/li>\n<li>Livr\u00e9 avec une vari\u00e9t\u00e9 de pages et de dispositions pr\u00e9d\u00e9finies pour une configuration rapide et facile<\/li>\n<li>Comprend des plugins premium tels que Slider Revolution et WPML pour am\u00e9liorer les fonctionnalit\u00e9s<\/li>\n<li>SEO convivial pour am\u00e9liorer le classement des moteurs de recherche et g\u00e9n\u00e9rer plus de trafic vers le site<\/li>\n<li>Vitesse de chargement rapide pour une exp\u00e9rience utilisateur optimale<\/li>\n<li>Options de personnalisation avanc\u00e9es pour les couleurs, les polices et la mise en page<\/li>\n<li>Excellent support client et mises \u00e0 jour r\u00e9guli\u00e8res pour les fonctionnalit\u00e9s et la s\u00e9curit\u00e9 optimales.<\/li>\n<\/ul>\n","protected":false},"excerpt":{"rendered":"<p>D\u00e9couvrez les possibilit\u00e9s avec Armania, un th\u00e8me WooCommerce dynamique et polyvalent con\u00e7u pour tous vos besoins de commerce \u00e9lectronique. Ce th\u00e8me polyvalent regorge de fonctionnalit\u00e9s personnalisables qui vous permettent de cr\u00e9er une boutique en ligne unique et captivante. Avec le puissant constructeur de page Elementor, vous pouvez facilement personnaliser tous les aspects de votre site, cr\u00e9ant une exp\u00e9rience d&rsquo;achat qui refl\u00e8te vraiment votre marque. L&rsquo;int\u00e9gration innovante de WooCommerce d&rsquo;Armania signifie que vous pouvez g\u00e9rer votre boutique en ligne avec facilit\u00e9, rationaliser vos op\u00e9rations et vous donner plus de temps pour vous concentrer sur vos clients. Que vous vendiez des v\u00eatements, de l&rsquo;\u00e9lectronique, des meubles ou quoi que ce soit entre les deux, la conception polyvalente d&rsquo;Armania s&rsquo;adapte \u00e0 vos besoins, en garantissant que vos produits brillent. D\u00e9couvrez la diff\u00e9rence avec Armania.<\/p>\n","protected":false},"featured_media":143157,"comment_status":"open","ping_status":"open","template":"","meta":[],"product_brand":[2433],"product_cat":[1214,1212,1213],"product_tag":[1366],"class_list":{"0":"post-121036","1":"product","2":"type-product","3":"status-publish","4":"has-post-thumbnail","6":"product_brand-themeforest","7":"product_cat-polyvalent","8":"product_cat-themes","9":"product_cat-wordpress-themes","10":"product_tag-themeforest","11":"member-discount","12":"discount-restricted","14":"first","15":"instock","16":"sale","17":"downloadable","18":"virtual","19":"sold-individually","20":"purchasable","21":"product-type-simple"},"_links":{"self":[{"href":"https:\/\/gpl-love.com\/fr\/wp-json\/wp\/v2\/product\/121036","targetHints":{"allow":["GET"]}}],"collection":[{"href":"https:\/\/gpl-love.com\/fr\/wp-json\/wp\/v2\/product"}],"about":[{"href":"https:\/\/gpl-love.com\/fr\/wp-json\/wp\/v2\/types\/product"}],"replies":[{"embeddable":true,"href":"https:\/\/gpl-love.com\/fr\/wp-json\/wp\/v2\/comments?post=121036"}],"wp:featuredmedia":[{"embeddable":true,"href":"https:\/\/gpl-love.com\/fr\/wp-json\/wp\/v2\/media\/143157"}],"wp:attachment":[{"href":"https:\/\/gpl-love.com\/fr\/wp-json\/wp\/v2\/media?parent=121036"}],"wp:term":[{"taxonomy":"product_brand","embeddable":true,"href":"https:\/\/gpl-love.com\/fr\/wp-json\/wp\/v2\/product_brand?post=121036"},{"taxonomy":"product_cat","embeddable":true,"href":"https:\/\/gpl-love.com\/fr\/wp-json\/wp\/v2\/product_cat?post=121036"},{"taxonomy":"product_tag","embeddable":true,"href":"https:\/\/gpl-love.com\/fr\/wp-json\/wp\/v2\/product_tag?post=121036"}],"curies":[{"name":"wp","href":"https:\/\/api.w.org\/{rel}","templated":true}]}}