{"id":121034,"date":"2025-12-29T00:00:00","date_gmt":"2025-12-28T23:00:00","guid":{"rendered":"https:\/\/gpl-love.com\/fr\/produit\/timeline-pour-elementor\/"},"modified":"2026-03-20T23:41:04","modified_gmt":"2026-03-20T22:41:04","slug":"timeline-pour-elementor","status":"publish","type":"product","link":"https:\/\/gpl-love.com\/fr\/produit\/timeline-pour-elementor\/","title":{"rendered":"Timeline pour Elementor 1.0.6"},"content":{"rendered":"<h3>Timeline pour Elementor Traits<\/h3>\n<p>Le chronologie pour le plugin Elementor est un outil incroyablement robuste et puissant qui offre une solution globale pour les personnes qui cherchent \u00e0 cr\u00e9er des d\u00e9lais interactifs pour leurs sites Web. Sp\u00e9cialement con\u00e7u pour s&rsquo;int\u00e9grer de mani\u00e8re transparente \u00e0 Elementor, ce plugin permet aux utilisateurs d&rsquo;incorporer sans effort des d\u00e9lais captivants visuellement et riches en fonctionnalit\u00e9s sur leurs pages Web. Offrant une large gamme d&rsquo;options de personnalisation, Timeline pour Elementor permet aux utilisateurs d&rsquo;ajouter et de personnaliser des \u00e9v\u00e9nements, de modifier les sch\u00e9mas de couleurs et m\u00eame de g\u00e9n\u00e9rer des animations \u00e0 couper le souffle qui ne seront pas s\u00fbres et engagent les visiteurs de leur site Web. De plus, ce plugin poss\u00e8de un large \u00e9ventail de mod\u00e8les et de styles, garantissant que les utilisateurs peuvent cr\u00e9er sans effort des d\u00e9lais qui compl\u00e8tent parfaitement l&rsquo;esth\u00e9tique et le contenu de la conception de leur site Web. Que vous tissiez un r\u00e9cit captivant, que vous mettiez en valeur un projet impressionnant ou que vous pr\u00e9sentiez l&rsquo;histoire de votre entreprise, la chronologie pour Elementor sert d&rsquo;outil inestimable qui vous aidera sans aucun doute \u00e0 fabriquer des d\u00e9lais de qualit\u00e9 professionnelle et tr\u00e8s engageants.<\/p>\n<ul>\n<li>Int\u00e9grez de mani\u00e8re transparente une chronologie personnalisable dans votre site Web aliment\u00e9 par Elementor<\/li>\n<li>Afficher les informations chronologiques d&rsquo;une mani\u00e8re visuellement attrayante et engageante<\/li>\n<li>Choisissez parmi une vari\u00e9t\u00e9 d&rsquo;options de mise en page, y compris les orientations horizontales, verticales et mixtes<\/li>\n<li>Personnalisez l&rsquo;apparence de votre chronologie avec une large gamme d&rsquo;options de style telles que la police, la couleur et les effets d&rsquo;animation<\/li>\n<li>Affichez facilement les gammes de dates personnalis\u00e9es, les \u00e9v\u00e9nements et les jalons<\/li>\n<li>Exp\u00e9rience utilisateur am\u00e9lior\u00e9e avec une conception r\u00e9active pour les mobiles et les tablettes<\/li>\n<li>Compatible avec tous les principaux navigateurs et plateformes, y compris WordPress -5 et Elementor -0<\/li>\n<li>Facile \u00e0 installer et \u00e0 utiliser sans aucune connaissance de codage requise<\/li>\n<li>Acc\u00e8s \u00e0 l&rsquo;\u00e9quipe d&rsquo;assistance d\u00e9di\u00e9e et \u00e0 des mises \u00e0 jour de produit avec un co\u00fbt d&rsquo;achat unique.<\/li>\n<\/ul>\n","protected":false},"excerpt":{"rendered":"<p>Entr\u00e9e: Le plugin Timeline pour Elementor est sp\u00e9cifiquement d\u00e9velopp\u00e9 pour les utilisateurs d&rsquo;Elementor, visant \u00e0 fournir une exp\u00e9rience transparente et conviviale. Il permet aux propri\u00e9taires de sites Web d&rsquo;\u00e9laborer sans effort des calendriers visuellement attrayants et interactifs sans n\u00e9cessiter d&rsquo;expertise en codage. Ce plugin remarquable comprend un large \u00e9ventail de choix de conception et de param\u00e8tres personnalisables, permettant la cr\u00e9ation de chronologies qui s&rsquo;harmonisent avec l&rsquo;identit\u00e9 de votre marque et l&rsquo;esth\u00e9tique du site Web. Que vous ayez besoin de pr\u00e9senter des r\u00e9alisations importantes, des \u00e9v\u00e9nements m\u00e9morables ou des \u00e9tapes notables, la contribution: Timeline pour Elementor s&rsquo;av\u00e8re \u00eatre un compagnon id\u00e9al pour les entreprises, les blogueurs et les sites Web de portefeuille. Par cons\u00e9quent, si vous recherchez une m\u00e9thode rapide et simple pour int\u00e9grer des d\u00e9lais dans votre site Web bas\u00e9 sur Elementor, votre recherche culmine avec entr\u00e9e: timeline pour Elementor.<\/p>\n","protected":false},"featured_media":145589,"comment_status":"open","ping_status":"open","template":"","meta":[],"product_brand":[2433],"product_cat":[1189,1181,1186],"product_tag":[1366],"class_list":{"0":"post-121034","1":"product","2":"type-product","3":"status-publish","4":"has-post-thumbnail","6":"product_brand-themeforest","7":"product_cat-personnalisation","8":"product_cat-plugins","9":"product_cat-wordpress-plugins","10":"product_tag-themeforest","11":"member-discount","12":"discount-restricted","14":"first","15":"instock","16":"sale","17":"downloadable","18":"virtual","19":"sold-individually","20":"purchasable","21":"product-type-simple"},"_links":{"self":[{"href":"https:\/\/gpl-love.com\/fr\/wp-json\/wp\/v2\/product\/121034","targetHints":{"allow":["GET"]}}],"collection":[{"href":"https:\/\/gpl-love.com\/fr\/wp-json\/wp\/v2\/product"}],"about":[{"href":"https:\/\/gpl-love.com\/fr\/wp-json\/wp\/v2\/types\/product"}],"replies":[{"embeddable":true,"href":"https:\/\/gpl-love.com\/fr\/wp-json\/wp\/v2\/comments?post=121034"}],"wp:featuredmedia":[{"embeddable":true,"href":"https:\/\/gpl-love.com\/fr\/wp-json\/wp\/v2\/media\/145589"}],"wp:attachment":[{"href":"https:\/\/gpl-love.com\/fr\/wp-json\/wp\/v2\/media?parent=121034"}],"wp:term":[{"taxonomy":"product_brand","embeddable":true,"href":"https:\/\/gpl-love.com\/fr\/wp-json\/wp\/v2\/product_brand?post=121034"},{"taxonomy":"product_cat","embeddable":true,"href":"https:\/\/gpl-love.com\/fr\/wp-json\/wp\/v2\/product_cat?post=121034"},{"taxonomy":"product_tag","embeddable":true,"href":"https:\/\/gpl-love.com\/fr\/wp-json\/wp\/v2\/product_tag?post=121034"}],"curies":[{"name":"wp","href":"https:\/\/api.w.org\/{rel}","templated":true}]}}