{"id":121006,"date":"2026-05-12T00:00:00","date_gmt":"2026-05-11T22:00:00","guid":{"rendered":"https:\/\/gpl-love.com\/fr\/produit\/advanced-database-cleaner\/"},"modified":"2026-05-13T00:30:12","modified_gmt":"2026-05-12T22:30:12","slug":"advanced-database-cleaner","status":"publish","type":"product","link":"https:\/\/gpl-love.com\/fr\/produit\/advanced-database-cleaner\/","title":{"rendered":"Advanced Database Cleaner Premium 4.1.1"},"content":{"rendered":"<h3>Advanced Database Cleaner Premium Traits<\/h3>\n<p>Advanced Database Cleaner est un outil incroyablement robuste et tr\u00e8s efficace qui a \u00e9t\u00e9 m\u00e9ticuleusement con\u00e7u pour vous aider \u00e0 maintenir une base de donn\u00e9es m\u00e9ticuleusement propre et impeccablement efficace pour votre site Web estim\u00e9. Ce logiciel de pointe et r\u00e9volutionnaire a la capacit\u00e9 remarquable de examiner minutieusement votre base de donn\u00e9es WordPress estim\u00e9e et d&rsquo;identifier m\u00e9ticuleusement toutes les donn\u00e9es superflues et redondantes qui peuvent potentiellement provoquer votre site Web estim\u00e9 \u00e0 ressentir un ralentissement substantiel ou \u00e0 performer assez mal. Avec l&rsquo;assistance inestimable de Advanced Database Cleaner, vous aurez la capacit\u00e9 in\u00e9gal\u00e9e pour \u00e9liminer sans effort et rapidement tous les publications, r\u00e9visions, commentaires de spam sans effort et un \u00e9ventail \u00e9tendu d&rsquo;autres donn\u00e9es redondantes et inutiles en seulement quelques clics. Par cons\u00e9quent, cette ligne de conduite primordiale et indispensable entra\u00eenera sans aucun doute le d\u00e9veloppement et l&rsquo;optimisation transparents de votre site Web estim\u00e9, garantissant ainsi une exp\u00e9rience de navigation beaucoup plus rapide et plus rationalis\u00e9e pour vos visiteurs ch\u00e9ris. Que vous soyez un blogueur tr\u00e8s appr\u00e9ci\u00e9 et respect\u00e9, un propri\u00e9taire de petite entreprise en aventure, ou m\u00eame une prestigieuse entreprise de niveau d&rsquo;entreprise, il ne peut absolument pas nier le fait que Advanced Database Cleaner est sans \u00e9quivoque un outil essentiel et indispensable que vous vous Je ne peux tout simplement pas se permettre de n\u00e9gliger, car c&rsquo;est vraiment la cl\u00e9 pour garantir que votre site Web estim\u00e9 fonctionne syst\u00e9matiquement \u00e0 son plus haut niveau de performance et d&rsquo;efficacit\u00e9 le plus exceptionnel.<\/p>\n<ul>\n<li>Tr\u00e8s efficace et efficace pour nettoyer les tables de base de donn\u00e9es<\/li>\n<li>Stimule les performances de la base de donn\u00e9es en supprimant les donn\u00e9es inutiles et en lib\u00e9rant un espace de stockage<\/li>\n<li>Interface intuitive et conviviale pour une navigation et un contr\u00f4le faciles<\/li>\n<li>Offre des options avanc\u00e9es pour plus de contr\u00f4le granulaire sur la suppression et le filtrage<\/li>\n<li>Prend en charge plusieurs plates-formes de base de donn\u00e9es, notamment MySQL, PostgreSQL et Microsoft SQL Server<\/li>\n<li>Fournit des rapports d\u00e9taill\u00e9s sur les actions de nettoyage et leur impact sur la base de donn\u00e9es<\/li>\n<li>Fonctionnement s\u00fbr et fiable avec des fonctionnalit\u00e9s de sauvegarde et de restauration pour \u00e9viter la perte de donn\u00e9es<\/li>\n<li>Id\u00e9al pour les grandes bases de donn\u00e9es avec beaucoup de tables et des relations complexes<\/li>\n<li>Convient aux utilisateurs novices et exp\u00e9riment\u00e9s gr\u00e2ce \u00e0 une documentation compl\u00e8te et \u00e0 un support technique<\/li>\n<\/ul>\n","protected":false},"excerpt":{"rendered":"<p>L&rsquo;outil de nettoyant de base de donn\u00e9es avanc\u00e9 est une solution puissante et robuste pour un nettoyage efficace de la base de donn\u00e9es. Cet outil con\u00e7u par des experts est non seulement efficace pour la suppression des donn\u00e9es inutile, mais excelle \u00e9galement dans la restructuration et le r\u00e9glage de la base de donn\u00e9es. En \u00e9liminant les donn\u00e9es de base de donn\u00e9es superflues, il optimise les performances des bases de donn\u00e9es, conduisant \u00e0 une r\u00e9duction significative des temps de requ\u00eate.<\/p>\n<p>Ce puissant outil de purge de base de donn\u00e9es am\u00e9liore non seulement la stabilit\u00e9 du syst\u00e8me, mais est \u00e9galement \u00e9quip\u00e9 d&rsquo;options de nettoyage de base de donn\u00e9es personnalisables. Il permet aux professionnels de l&rsquo;informatique et des administrateurs de base de donn\u00e9es de r\u00e9primer les performances de la base de donn\u00e9es en fonction des besoins et des exigences sp\u00e9cifiques. L&rsquo;interface conviviale pour la maintenance de la base de donn\u00e9es simplifie et rationalise les proc\u00e9dures d&rsquo;optimisation de la base de donn\u00e9es, ce qui en fait un outil ing\u00e9nieux pour les administrateurs de la base de donn\u00e9es.<\/p>\n<p>En plus d&rsquo;\u00eatre un outil puissant pour un nettoyage efficace de la base de donn\u00e9es, cet outil robuste pour le nettoyage de la base de donn\u00e9es joue \u00e9galement un r\u00f4le pivot dans l&rsquo;am\u00e9lioration des performances de la base de donn\u00e9es. Il restructure effectivement et affinent les bases de donn\u00e9es, optimisant ainsi leurs niveaux de performance. Cela entra\u00eene \u00e0 son tour une diminution notable des temps de requ\u00eate, am\u00e9liorant consid\u00e9rablement la stabilit\u00e9 globale du syst\u00e8me.<\/p>\n<p>Les avanc\u00e9s<\/p>\n","protected":false},"featured_media":143063,"comment_status":"open","ping_status":"open","template":"","meta":[],"product_brand":[2450],"product_cat":[1187,1181,1186],"product_tag":[2298],"class_list":{"0":"post-121006","1":"product","2":"type-product","3":"status-publish","4":"has-post-thumbnail","6":"product_brand-sigma-plugin","7":"product_cat-administration-wordpress-plugins","8":"product_cat-plugins","9":"product_cat-wordpress-plugins","10":"product_tag-sigma-plugin","11":"member-discount","12":"discount-restricted","14":"first","15":"instock","16":"sale","17":"downloadable","18":"virtual","19":"sold-individually","20":"purchasable","21":"product-type-simple"},"_links":{"self":[{"href":"https:\/\/gpl-love.com\/fr\/wp-json\/wp\/v2\/product\/121006","targetHints":{"allow":["GET"]}}],"collection":[{"href":"https:\/\/gpl-love.com\/fr\/wp-json\/wp\/v2\/product"}],"about":[{"href":"https:\/\/gpl-love.com\/fr\/wp-json\/wp\/v2\/types\/product"}],"replies":[{"embeddable":true,"href":"https:\/\/gpl-love.com\/fr\/wp-json\/wp\/v2\/comments?post=121006"}],"wp:featuredmedia":[{"embeddable":true,"href":"https:\/\/gpl-love.com\/fr\/wp-json\/wp\/v2\/media\/143063"}],"wp:attachment":[{"href":"https:\/\/gpl-love.com\/fr\/wp-json\/wp\/v2\/media?parent=121006"}],"wp:term":[{"taxonomy":"product_brand","embeddable":true,"href":"https:\/\/gpl-love.com\/fr\/wp-json\/wp\/v2\/product_brand?post=121006"},{"taxonomy":"product_cat","embeddable":true,"href":"https:\/\/gpl-love.com\/fr\/wp-json\/wp\/v2\/product_cat?post=121006"},{"taxonomy":"product_tag","embeddable":true,"href":"https:\/\/gpl-love.com\/fr\/wp-json\/wp\/v2\/product_tag?post=121006"}],"curies":[{"name":"wp","href":"https:\/\/api.w.org\/{rel}","templated":true}]}}