{"id":120933,"date":"2026-03-06T00:00:00","date_gmt":"2026-03-05T23:00:00","guid":{"rendered":"https:\/\/gpl-love.com\/fr\/produit\/woocommerce-cart-reports\/"},"modified":"2026-04-10T18:46:21","modified_gmt":"2026-04-10T16:46:21","slug":"woocommerce-cart-reports","status":"publish","type":"product","link":"https:\/\/gpl-love.com\/fr\/produit\/woocommerce-cart-reports\/","title":{"rendered":"WooCommerce Cart Reports 1.5.2"},"content":{"rendered":"<h3>WooCommerce Cart Reports Traits<\/h3>\n<p>L&rsquo;outil WooCommerce CART RAPPORT, qui offre un large \u00e9ventail de informations compl\u00e8tes sur l&rsquo;activit\u00e9 des paniers, constitue un atout inestimable pour les propri\u00e9taires de magasins en ligne visant \u00e0 prendre des d\u00e9cisions bien inform\u00e9es. Ce plugin permet aux utilisateurs de r\u00e9cup\u00e9rer commod\u00e9ment des donn\u00e9es relatives \u00e0 l&rsquo;abandon des paniers, aux taux de conversion, aux produits populaires et \u00e0 diverses autres mesures. En outre, ces rapports peuvent \u00eatre adapt\u00e9s sans effort pour r\u00e9pondre aux exigences sp\u00e9cifiques et accessibles sans effort directement \u00e0 partir du tableau de bord WordPress. En analysant en profondeur ces donn\u00e9es inestimables, les propri\u00e9taires de magasins sont \u00e9quip\u00e9s pour am\u00e9liorer leurs strat\u00e9gies de vente et maximiser leurs efforts de marketing, favorisant ainsi les conversions accrues et la g\u00e9n\u00e9ration de revenus. Compte tenu de son interface utilisateur intuitive et de ses capacit\u00e9s de rapports m\u00e9ticuleuses, il est s\u00fbr d&rsquo;affirmer que les rapports de CART WooCommerce repr\u00e9sentent un outil indispensable pour toute boutique en ligne prosp\u00e8re.<\/p>\n<ul>\n<li>Rapports d\u00e9taill\u00e9s sur le panier de votre boutique WooCommerce<\/li>\n<li>Interface facile \u00e0 utiliser pour le suivi des ventes et le comportement des clients<\/li>\n<li>Mises \u00e0 jour en temps r\u00e9el pour des informations pr\u00e9cises<\/li>\n<li>Plages de dattes personnalisables pour afficher l&rsquo;activit\u00e9 du panier sur des p\u00e9riodes sp\u00e9cifiques<\/li>\n<li>Capacit\u00e9 \u00e0 suivre les chariots abandonn\u00e9s et \u00e0 r\u00e9cup\u00e9rer les ventes perdues<\/li>\n<li>Identifier les produits populaires et les articles les plus vendus<\/li>\n<li>Analyser le comportement des clients pour am\u00e9liorer le marketing et les promotions<\/li>\n<li>Filtres int\u00e9gr\u00e9s pour vous aider \u00e0 segmenter vos donn\u00e9es pour de meilleures informations<\/li>\n<li>Rapports exportables aux formats Excel, CSV ou PDF<\/li>\n<li>Compatible avec une gamme d&rsquo;extensions et de plugins WooCommerce<\/li>\n<\/ul>\n","protected":false},"excerpt":{"rendered":"<p>WooCommerce CART Reports est un plugin de reportage exceptionnellement robuste et complet qui fournit des informations profondes et approfondies sur les activit\u00e9s de CART dans votre magasin de commerce \u00e9lectronique estim\u00e9. Ce plugin remarquable poss\u00e8de une interface navigable sans effort, vous permettant de g\u00e9n\u00e9rer sans effort des rapports concernant les chariots abandonn\u00e9s, les tendances de vente, le comportement des clients et un \u00e9ventail d&rsquo;autres aspects cruciaux. De plus, ce plugin offre un niveau de personnalisation impressionnant, vous accordant l&rsquo;occasion inestimable d&rsquo;adapter m\u00e9ticuleusement vos rapports en fonction des besoins et des exigences sur mesure de votre magasin estim\u00e9. Il importe que vous soyez un novice dans le domaine du commerce \u00e9lectronique ou un utilisateur chevronn\u00e9 et comp\u00e9tent, car les rapports de CART WooCommerce servent de solution par excellence et optimale pour examiner et optimiser m\u00e9ticulement les activit\u00e9s de CART au sein de votre magasin estim\u00e9.<\/p>\n","protected":false},"featured_media":145831,"comment_status":"open","ping_status":"open","template":"","meta":[],"product_brand":[2440],"product_cat":[1183,1182,1181],"product_tag":[1398],"class_list":{"0":"post-120933","1":"product","2":"type-product","3":"status-publish","4":"has-post-thumbnail","6":"product_brand-woocommerce","7":"product_cat-administration","8":"product_cat-commerce-electronique-plugins","9":"product_cat-plugins","10":"product_tag-woocommerce","11":"member-discount","12":"discount-restricted","14":"first","15":"instock","16":"sale","17":"downloadable","18":"virtual","19":"sold-individually","20":"purchasable","21":"product-type-simple"},"_links":{"self":[{"href":"https:\/\/gpl-love.com\/fr\/wp-json\/wp\/v2\/product\/120933","targetHints":{"allow":["GET"]}}],"collection":[{"href":"https:\/\/gpl-love.com\/fr\/wp-json\/wp\/v2\/product"}],"about":[{"href":"https:\/\/gpl-love.com\/fr\/wp-json\/wp\/v2\/types\/product"}],"replies":[{"embeddable":true,"href":"https:\/\/gpl-love.com\/fr\/wp-json\/wp\/v2\/comments?post=120933"}],"wp:featuredmedia":[{"embeddable":true,"href":"https:\/\/gpl-love.com\/fr\/wp-json\/wp\/v2\/media\/145831"}],"wp:attachment":[{"href":"https:\/\/gpl-love.com\/fr\/wp-json\/wp\/v2\/media?parent=120933"}],"wp:term":[{"taxonomy":"product_brand","embeddable":true,"href":"https:\/\/gpl-love.com\/fr\/wp-json\/wp\/v2\/product_brand?post=120933"},{"taxonomy":"product_cat","embeddable":true,"href":"https:\/\/gpl-love.com\/fr\/wp-json\/wp\/v2\/product_cat?post=120933"},{"taxonomy":"product_tag","embeddable":true,"href":"https:\/\/gpl-love.com\/fr\/wp-json\/wp\/v2\/product_tag?post=120933"}],"curies":[{"name":"wp","href":"https:\/\/api.w.org\/{rel}","templated":true}]}}