{"id":120922,"date":"2026-02-05T00:00:00","date_gmt":"2026-02-04T23:00:00","guid":{"rendered":"https:\/\/gpl-love.com\/fr\/produit\/woocommerce-flat-rate-box-shipping\/"},"modified":"2026-04-10T18:46:55","modified_gmt":"2026-04-10T16:46:55","slug":"woocommerce-flat-rate-box-shipping","status":"publish","type":"product","link":"https:\/\/gpl-love.com\/fr\/produit\/woocommerce-flat-rate-box-shipping\/","title":{"rendered":"WooCommerce Flat Rate Box Shipping 2.4.9"},"content":{"rendered":"<h3>WooCommerce Flat Rate Box Shipping Traits<\/h3>\n<p>La livraison de bo\u00eetes \u00e0 d\u00e9bit plat WooCommerce est une extension de m\u00e9thode d&rsquo;exp\u00e9dition exceptionnelle qui offre aux propri\u00e9taires de magasins en ligne la possibilit\u00e9 d&rsquo;offrir une gamme diversifi\u00e9e d&rsquo;options d&rsquo;exp\u00e9dition \u00e0 taux forfaitaire, en tenant compte de la taille et du poids de leurs produits. Cette extension remarquable permet non seulement aux propri\u00e9taires de magasins d&rsquo;\u00e9tablir plusieurs bo\u00eetes \u00e0 taux forfaitaire, mais leur permet \u00e9galement d&rsquo;\u00e9tablir des tarifs d&rsquo;exp\u00e9dition qui sont bas\u00e9s sur la destination, le poids et les dimensions des produits envoy\u00e9s. De plus, il offre une gamme de fonctionnalit\u00e9s avanc\u00e9es, y compris la possibilit\u00e9 d&rsquo;exclure des produits sp\u00e9cifiques de l&rsquo;exp\u00e9dition forfaitaire, de calculer les tarifs d&rsquo;exp\u00e9dition en fonction de la quantit\u00e9 de produits et m\u00eame d&rsquo;incorporer des frais de manutention. En adoptant la livraison de bo\u00eete \u00e0 tarifs forfaitaires WooCommerce, les propri\u00e9taires de magasins en ligne peuvent offrir sans effort \u00e0 leurs clients des alternatives d&rsquo;exp\u00e9dition hautement comp\u00e9titives et personnalis\u00e9es, tout en g\u00e9rant et en contr\u00f4lant de mani\u00e8re experte leurs d\u00e9penses d&rsquo;exp\u00e9dition.<\/p>\n<ul>\n<li>Installation et configuration faciles pour les propri\u00e9taires de magasins WooCommerce<\/li>\n<li>Permet la cr\u00e9ation de bo\u00eetes d&rsquo;exp\u00e9dition \u00e0 tarifs forfaitaires personnalis\u00e9s<\/li>\n<li>Option pour d\u00e9finir des restrictions de taille et de poids pour chaque bo\u00eete<\/li>\n<li>Possibilit\u00e9 d&rsquo;offrir des r\u00e9ductions d&rsquo;exp\u00e9dition pour plusieurs articles dans une seule bo\u00eete<\/li>\n<li>\u00c9tiquettes et descriptions personnalisables pour chaque option d&rsquo;exp\u00e9dition<\/li>\n<li>Prend en charge le ramassage local comme une option d&rsquo;exp\u00e9dition<\/li>\n<li>Calcul automatique des frais d&rsquo;exp\u00e9dition en fonction de l&#8217;emplacement du client et du poids \/ taille du package<\/li>\n<li>Compatible avec les principaux transporteurs d&rsquo;exp\u00e9dition, notamment USPS, FedEx et UPS.<\/li>\n<\/ul>\n","protected":false},"excerpt":{"rendered":"<p>La livraison de bo\u00eete \u00e0 tarifs forfaits WooCommerce est une extension de m\u00e9thode d&rsquo;exp\u00e9dition qui s&rsquo;adresse aux magasins en ligne fonctionnant sur la plate-forme WooCommerce. En utilisant cette extension, les propri\u00e9taires de magasins re\u00e7oivent un moyen pratique d&rsquo;offrir une navigation forfaitaire qui d\u00e9pend \u00e0 la fois des dimensions et du poids des bo\u00eetes d&rsquo;exp\u00e9dition. Cette fonctionnalit\u00e9 permet aux propri\u00e9taires de magasins de g\u00e9rer et de minimiser efficacement leurs frais d&rsquo;exp\u00e9dition, leur permettant finalement de transf\u00e9rer ces \u00e9conomies de co\u00fbts sur leurs pr\u00e9cieux clients. Avec la mise en \u0153uvre de la livraison de bo\u00eete \u00e0 taux forfaitaire WooCommerce, les utilisateurs sont en mesure d&rsquo;\u00e9tablir des tarifs d&rsquo;exp\u00e9dition qui sont fond\u00e9s sur la taille et le poids sp\u00e9cifiques des produits individuels, ainsi que le poids cumulatif de l&rsquo;ensemble de la commande. Par cons\u00e9quent, cela garantit que les clients sont toujours pr\u00e9sent\u00e9s avec des devis d&rsquo;exp\u00e9dition pr\u00e9cis et pr\u00e9cis. En outre, cette extension est remarquablement conviviale et sans effort \u00e0 configurer, offrant aux utilisateurs la possibilit\u00e9 de personnaliser et de pr\u00e9senter une s\u00e9lection diversifi\u00e9e d&rsquo;options d&rsquo;exp\u00e9dition \u00e0 leur client\u00e8le. Compte tenu de ces attributs, il est particuli\u00e8rement avantageux pour les entreprises qui n\u00e9cessitent l&rsquo;exp\u00e9dition d&rsquo;un vaste assortiment de produits et aspire pour optimiser leurs d\u00e9penses d&rsquo;exp\u00e9dition.<\/p>\n","protected":false},"featured_media":145884,"comment_status":"open","ping_status":"open","template":"","meta":[],"product_brand":[2440],"product_cat":[1182,1223,1181],"product_tag":[1398],"class_list":{"0":"post-120922","1":"product","2":"type-product","3":"status-publish","4":"has-post-thumbnail","6":"product_brand-woocommerce","7":"product_cat-commerce-electronique-plugins","8":"product_cat-personnalisation-commerce-electronique-plugins","9":"product_cat-plugins","10":"product_tag-woocommerce","11":"member-discount","12":"discount-restricted","14":"first","15":"instock","16":"sale","17":"downloadable","18":"virtual","19":"sold-individually","20":"purchasable","21":"product-type-simple"},"_links":{"self":[{"href":"https:\/\/gpl-love.com\/fr\/wp-json\/wp\/v2\/product\/120922","targetHints":{"allow":["GET"]}}],"collection":[{"href":"https:\/\/gpl-love.com\/fr\/wp-json\/wp\/v2\/product"}],"about":[{"href":"https:\/\/gpl-love.com\/fr\/wp-json\/wp\/v2\/types\/product"}],"replies":[{"embeddable":true,"href":"https:\/\/gpl-love.com\/fr\/wp-json\/wp\/v2\/comments?post=120922"}],"wp:featuredmedia":[{"embeddable":true,"href":"https:\/\/gpl-love.com\/fr\/wp-json\/wp\/v2\/media\/145884"}],"wp:attachment":[{"href":"https:\/\/gpl-love.com\/fr\/wp-json\/wp\/v2\/media?parent=120922"}],"wp:term":[{"taxonomy":"product_brand","embeddable":true,"href":"https:\/\/gpl-love.com\/fr\/wp-json\/wp\/v2\/product_brand?post=120922"},{"taxonomy":"product_cat","embeddable":true,"href":"https:\/\/gpl-love.com\/fr\/wp-json\/wp\/v2\/product_cat?post=120922"},{"taxonomy":"product_tag","embeddable":true,"href":"https:\/\/gpl-love.com\/fr\/wp-json\/wp\/v2\/product_tag?post=120922"}],"curies":[{"name":"wp","href":"https:\/\/api.w.org\/{rel}","templated":true}]}}