{"id":120921,"date":"2024-04-17T00:00:00","date_gmt":"2024-04-16T22:00:00","guid":{"rendered":"https:\/\/gpl-love.com\/fr\/produit\/woocommerce-dwolla\/"},"modified":"2026-04-10T18:46:44","modified_gmt":"2026-04-10T16:46:44","slug":"woocommerce-dwolla","status":"publish","type":"product","link":"https:\/\/gpl-love.com\/fr\/produit\/woocommerce-dwolla\/","title":{"rendered":"WooCommerce Dwolla 1.7"},"content":{"rendered":"<h3>WooCommerce Dwolla Traits<\/h3>\n<p>Le plugin de passerelle de paiement Dwolla WooCommerce sert de facilitateur remarquable pour les commer\u00e7ants qui souhaitent recevoir des paiements directement de leur magasin WooCommerce en ligne, car il leur permet d&rsquo;accepter de mani\u00e8re transparente les paiements via le syst\u00e8me de paiement Dwolla s\u00e9curis\u00e9 et rentable. Dwolla, un syst\u00e8me de paiement efficace et digne de confiance, permet aux entreprises de transf\u00e9rer efficacement des fonds, de payer des factures et d&rsquo;effectuer des achats en ligne. En int\u00e9grant ce plugin dans leur boutique en ligne, les clients peuvent effectuer des achats de mani\u00e8re pratique et en toute s\u00e9curit\u00e9 en utilisant leur compte Dwolla, am\u00e9liorant ainsi leur exp\u00e9rience d&rsquo;achat globale. De plus, cette int\u00e9gration \u00e9largit non seulement les options de paiement disponibles pour les clients, mais r\u00e9duit \u00e9galement les frais de transaction pour les commer\u00e7ants, ce qui entra\u00eene un processus de paiement plus efficace et plus efficace. Essentiellement, le plugin WooCommerce Dwolla appara\u00eet comme un actif indispensable pour toute entreprise en ligne cherchant \u00e0 diversifier leurs options de paiement et \u00e0 optimiser leur processus de paiement.<\/p>\n<ul>\n<li>Int\u00e9gration facile avec WooCommerce, vous permettant d&rsquo;accepter les paiements via Dwolla<\/li>\n<li>S\u00e9curiser les transactions avec les mesures de s\u00e9curit\u00e9 avanc\u00e9es de Dwolla<\/li>\n<li>Paiements plus rapides via les transferts en temps r\u00e9el de Dwolla et la v\u00e9rification instantan\u00e9e<\/li>\n<li>Frais faibles par rapport aux services de traitement des paiements en ligne traditionnels<\/li>\n<li>Options de paiement personnalisables, permettant \u00e0 vos clients de payer avec leur m\u00e9thode pr\u00e9f\u00e9r\u00e9e<\/li>\n<li>R\u00e9conciliation et suivi automatis\u00e9s, ce qui facilite la suite de toutes les transactions<\/li>\n<li>Acc\u00e8s \u00e0 un r\u00e9seau de clients v\u00e9rifi\u00e9s, contribuant \u00e0 r\u00e9duire le risque de fraude<\/li>\n<li>Flexibilit\u00e9 pour s&rsquo;int\u00e9grer \u00e0 d&rsquo;autres plates-formes tierces, ce qui facilite l&rsquo;\u00e9largissement de votre boutique en ligne.<\/li>\n<\/ul>\n","protected":false},"excerpt":{"rendered":"<p>WooCommerce Dwolla est une int\u00e9gration de passerelle de paiement remarquable qui permet \u00e0 votre magasin WooCommerce d&rsquo;accepter de mani\u00e8re transparente et sans effort les paiements par le biais de Dwolla estim\u00e9. Dwolla, \u00e9tant une plate-forme de paiement exceptionnellement robuste, facilite les transferts bancaires opportuns et rapides tout en garantissant des frais de transaction nominaux. En embrassant WooCommerce Dwolla, vous pouvez gracieusement pr\u00e9senter votre client\u00e8le estim\u00e9e une option de paiement ing\u00e9nieuse et alternative qui garantit \u00e0 la fois la s\u00e9curit\u00e9 et la commodit\u00e9. De plus, la configuration et l&rsquo;utilisation de ce plugin in\u00e9gal\u00e9 sont remarquablement conviviales, vous permettant ainsi de superviser et de g\u00e9rer sans effort toutes vos ventes et paiements \u00e0 partir d&rsquo;un emplacement singulier et centralis\u00e9. Pascez pas de temps et entrez dans un voyage d&rsquo;accepter les paiements de Dwolla sur votre magasin WooCommerce en tirant parti de la fiabilit\u00e9 et de l&rsquo;efficacit\u00e9 in\u00e9gal\u00e9es que ce plugin exceptionnel produit.<\/p>\n","protected":false},"featured_media":145868,"comment_status":"open","ping_status":"open","template":"","meta":[],"product_brand":[2440],"product_cat":[1182,1401,1181],"product_tag":[1398],"class_list":{"0":"post-120921","1":"product","2":"type-product","3":"status-publish","4":"has-post-thumbnail","6":"product_brand-woocommerce","7":"product_cat-commerce-electronique-plugins","8":"product_cat-paiement-commerce-electronique-plugins","9":"product_cat-plugins","10":"product_tag-woocommerce","11":"member-discount","12":"discount-restricted","14":"first","15":"instock","16":"sale","17":"downloadable","18":"virtual","19":"sold-individually","20":"purchasable","21":"product-type-simple"},"_links":{"self":[{"href":"https:\/\/gpl-love.com\/fr\/wp-json\/wp\/v2\/product\/120921","targetHints":{"allow":["GET"]}}],"collection":[{"href":"https:\/\/gpl-love.com\/fr\/wp-json\/wp\/v2\/product"}],"about":[{"href":"https:\/\/gpl-love.com\/fr\/wp-json\/wp\/v2\/types\/product"}],"replies":[{"embeddable":true,"href":"https:\/\/gpl-love.com\/fr\/wp-json\/wp\/v2\/comments?post=120921"}],"wp:featuredmedia":[{"embeddable":true,"href":"https:\/\/gpl-love.com\/fr\/wp-json\/wp\/v2\/media\/145868"}],"wp:attachment":[{"href":"https:\/\/gpl-love.com\/fr\/wp-json\/wp\/v2\/media?parent=120921"}],"wp:term":[{"taxonomy":"product_brand","embeddable":true,"href":"https:\/\/gpl-love.com\/fr\/wp-json\/wp\/v2\/product_brand?post=120921"},{"taxonomy":"product_cat","embeddable":true,"href":"https:\/\/gpl-love.com\/fr\/wp-json\/wp\/v2\/product_cat?post=120921"},{"taxonomy":"product_tag","embeddable":true,"href":"https:\/\/gpl-love.com\/fr\/wp-json\/wp\/v2\/product_tag?post=120921"}],"curies":[{"name":"wp","href":"https:\/\/api.w.org\/{rel}","templated":true}]}}