{"id":120875,"date":"2026-03-23T00:00:00","date_gmt":"2026-03-22T23:00:00","guid":{"rendered":"https:\/\/gpl-love.com\/fr\/produit\/woocurrency-pro\/"},"modified":"2026-04-01T00:30:57","modified_gmt":"2026-03-31T22:30:57","slug":"woocurrency-pro","status":"publish","type":"product","link":"https:\/\/gpl-love.com\/fr\/produit\/woocurrency-pro\/","title":{"rendered":"Woocurrency Pro 2.2.8"},"content":{"rendered":"<h3>Woocurrency Pro Traits<\/h3>\n<p>WooCurrency Pro est une plate-forme de trading de crypto-monnaie de premier plan, distingu\u00e9e par son \u00e9ventail exceptionnel de fonctionnalit\u00e9s et d&rsquo;avantages qui s&rsquo;adressent aux commer\u00e7ants \u00e0 tous les niveaux d&rsquo;expertise. B\u00e9n\u00e9ficiant d&rsquo;une interface qui est non seulement intuitive mais \u00e9galement compl\u00e9t\u00e9e par des outils de trading de pointe, Woocurrency Pro permet aux utilisateurs de g\u00e9rer sans effort leurs portefeuilles et d&rsquo;ex\u00e9cuter des transactions avec une vitesse rapide et une pr\u00e9cision de poitrine. Dans les coulisses, la plate-forme est fortifi\u00e9e par la technologie de pointe, garantissant la plus grande s\u00e9curit\u00e9 et la fiabilit\u00e9, cimentant ainsi sa position de choix globalement v\u00e9n\u00e9r\u00e9 parmi les commer\u00e7ants. De plus, WooCurrency Pro \u00e9tend son appel en offrant une vaste s\u00e9lection de paires de trading et en imposant des frais faibles, en lui rendant une option financi\u00e8rement viable et facilement accessible qui fait appel aux novices et aux commer\u00e7ants exp\u00e9riment\u00e9s. Dans la poursuite d&rsquo;une plate-forme de trading de crypto-monnaie influente et constante, Woocurrency Pro est sans aucun doute la solution ultime.<\/p>\n<ul>\n<li>Une plateforme compl\u00e8te de trading crypto con\u00e7u pour les commer\u00e7ants professionnels<\/li>\n<li>Caract\u00e9ristiques des donn\u00e9es du march\u00e9 en temps r\u00e9el et des outils d&rsquo;analyse technique avanc\u00e9s<\/li>\n<li>Prend en charge plusieurs crypto-monnaies, notamment Bitcoin, Ethereum et Litecoin<\/li>\n<li>Offre des tableaux de bord de trading personnalisables pour une meilleure ex\u00e9cution commerciale<\/li>\n<li>Donne acc\u00e8s aux types de commandes avanc\u00e9es et aux strat\u00e9gies de trading automatis\u00e9es<\/li>\n<li>Comprend une gamme de fonctionnalit\u00e9s de s\u00e9curit\u00e9, telles que l&rsquo;authentification \u00e0 deux facteurs et le stockage \u00e0 froid<\/li>\n<li>Offre des prix comp\u00e9titifs et des frais de transaction faibles pour les commer\u00e7ants \u00e0 volume \u00e9lev\u00e9<\/li>\n<li>Permet une int\u00e9gration transparente avec des robots de trading populaires et des applications tierces<\/li>\n<li>Fournit un support client 24\/7 et des mises \u00e0 jour logicielles r\u00e9guli\u00e8res pour assurer des performances optimales.<\/li>\n<\/ul>\n","protected":false},"excerpt":{"rendered":"<p>Nous sommes fiers de pr\u00e9senter Woocurrency Pro, un outil de trading de crypto-monnaie innovant et r\u00e9volutionnaire qui permet aux utilisateurs de prendre sans effort des d\u00e9cisions de n\u00e9gociation bien inform\u00e9es. Gr\u00e2ce \u00e0 l&rsquo;utilisation de ses algorithmes de trading sophistiqu\u00e9s et de ses analyses approfondies, WooCurrency Pro offre aux utilisateurs des mises \u00e0 jour sur le march\u00e9 \u00e0 la minute, ainsi que la possibilit\u00e9 de personnaliser des indicateurs et des strat\u00e9gies de trading pour r\u00e9pondre \u00e0 leurs besoins individuels. Que vous soyez un d\u00e9butant \u00e0 vous aventurer dans le monde du commerce ou un trader exp\u00e9riment\u00e9 cherchant \u00e0 am\u00e9liorer votre rentabilit\u00e9, WooCurrency Pro est m\u00e9ticuleusement con\u00e7u pour vous aider \u00e0 optimiser vos prouesses commerciales et \u00e0 r\u00e9aliser des m\u00e9tiers plus lucratifs. Ne perdez pas de temps et vous lancez dans un parcours transformateur dans le trading bas\u00e9 sur les donn\u00e9es en essayant aujourd&rsquo;hui WooCurrency Pro.<\/p>\n","protected":false},"featured_media":146079,"comment_status":"open","ping_status":"open","template":"","meta":[],"product_brand":[2655],"product_cat":[1182,1223,1181],"product_tag":[2288],"class_list":{"0":"post-120875","1":"product","2":"type-product","3":"status-publish","4":"has-post-thumbnail","6":"product_brand-woobewoo","7":"product_cat-commerce-electronique-plugins","8":"product_cat-personnalisation-commerce-electronique-plugins","9":"product_cat-plugins","10":"product_tag-woobewoo","11":"member-discount","12":"discount-restricted","14":"first","15":"instock","16":"sale","17":"downloadable","18":"virtual","19":"sold-individually","20":"purchasable","21":"product-type-simple"},"_links":{"self":[{"href":"https:\/\/gpl-love.com\/fr\/wp-json\/wp\/v2\/product\/120875","targetHints":{"allow":["GET"]}}],"collection":[{"href":"https:\/\/gpl-love.com\/fr\/wp-json\/wp\/v2\/product"}],"about":[{"href":"https:\/\/gpl-love.com\/fr\/wp-json\/wp\/v2\/types\/product"}],"replies":[{"embeddable":true,"href":"https:\/\/gpl-love.com\/fr\/wp-json\/wp\/v2\/comments?post=120875"}],"wp:featuredmedia":[{"embeddable":true,"href":"https:\/\/gpl-love.com\/fr\/wp-json\/wp\/v2\/media\/146079"}],"wp:attachment":[{"href":"https:\/\/gpl-love.com\/fr\/wp-json\/wp\/v2\/media?parent=120875"}],"wp:term":[{"taxonomy":"product_brand","embeddable":true,"href":"https:\/\/gpl-love.com\/fr\/wp-json\/wp\/v2\/product_brand?post=120875"},{"taxonomy":"product_cat","embeddable":true,"href":"https:\/\/gpl-love.com\/fr\/wp-json\/wp\/v2\/product_cat?post=120875"},{"taxonomy":"product_tag","embeddable":true,"href":"https:\/\/gpl-love.com\/fr\/wp-json\/wp\/v2\/product_tag?post=120875"}],"curies":[{"name":"wp","href":"https:\/\/api.w.org\/{rel}","templated":true}]}}