{"id":120869,"date":"2022-01-26T00:00:00","date_gmt":"2022-01-25T23:00:00","guid":{"rendered":"https:\/\/gpl-love.com\/fr\/produit\/ascend-premium-wordpress-theme\/"},"modified":"2026-03-20T22:55:06","modified_gmt":"2026-03-20T21:55:06","slug":"ascend-premium-wordpress-theme","status":"publish","type":"product","link":"https:\/\/gpl-love.com\/fr\/produit\/ascend-premium-wordpress-theme\/","title":{"rendered":"Ascend Premium Wordpress Theme 1.9.22"},"content":{"rendered":"<h3>Ascend Premium Wordpress Theme Traits<\/h3>\n<p>Le th\u00e8me WordPress Ascend Premium, pr\u00e9sent\u00e9 comme un th\u00e8me extr\u00eamement fonctionnel et personnalisable, a \u00e9t\u00e9 m\u00e9ticuleusement con\u00e7u pour vous assurer que votre site Web se d\u00e9marque sans effort au milieu du paysage en ligne bond\u00e9. Avec un design polyvalent, ce th\u00e8me poss\u00e8de une esth\u00e9tique contemporaine et \u00e9pur\u00e9e, offrant une multitude d&rsquo;options de mise en page qui vous offrent la possibilit\u00e9 de cultiver une pr\u00e9sence en ligne distinctive qui incarne fid\u00e8lement votre identit\u00e9 de marque. Les avantages in\u00e9gal\u00e9s d&rsquo;Ascend Premium s&rsquo;\u00e9tendent au-del\u00e0 de son attrait visuel, car il vous offre une vaste gamme de fonctionnalit\u00e9s et d&rsquo;outils pour faciliter la construction transparente d&rsquo;un site Web de qualit\u00e9 professionnelle, le tout sans n\u00e9cessiter aucune expertise de codage. Ces ressources inestimables englobent un constructeur de page de glisser-d\u00e9poser instinctif et convivial, un vaste \u00e9ventail de choix de couleurs illimit\u00e9s, l&rsquo;inclusion de widgets personnalis\u00e9s, ainsi qu&rsquo;une conception r\u00e9active qui garantit l&rsquo;apparence impeccable de votre site dans un assortiment d&rsquo;appareils. Incontestablement, le th\u00e8me WordPress Ascend Premium appara\u00eet comme la s\u00e9lection par excellence pour les individus \u00e0 la recherche d&rsquo;un th\u00e8me dominant et flexible qui donne r\u00e9guli\u00e8rement des r\u00e9sultats \u00e0 couper le souffle.<\/p>\n<ul>\n<li>Design enti\u00e8rement personnalisable avec plusieurs sch\u00e9mas de couleurs, styles de police et options de mise en page \u00e0 choisir<\/li>\n<li>Optimis\u00e9 pour la vitesse de chargement rapide et la r\u00e9activit\u00e9 mobile, assurant une exp\u00e9rience utilisateur transparent sur n&rsquo;importe quel appareil<\/li>\n<li>Livr\u00e9 avec des mod\u00e8les pr\u00e9d\u00e9finis et des constructeurs de pages faciles \u00e0 utiliser, ce qui facilite la cr\u00e9ation de pages et de dispositions \u00e9tonnantes<\/li>\n<li>Construit avec les derni\u00e8res normes de codage pour assurer la compatibilit\u00e9 avec la derni\u00e8re version de WordPress et les futures mises \u00e0 jour<\/li>\n<li>Comprend des fonctionnalit\u00e9s de r\u00e9f\u00e9rencement avanc\u00e9es pour am\u00e9liorer le classement et la visibilit\u00e9 des moteurs de recherche de votre site Web<\/li>\n<li>Options d&rsquo;int\u00e9gration des m\u00e9dias sociaux int\u00e9gr\u00e9s pour vous aider \u00e0 promouvoir votre marque et \u00e0 augmenter l&rsquo;engagement<\/li>\n<li>Livr\u00e9 avec une vari\u00e9t\u00e9 de zones widgetis\u00e9es et d&rsquo;options conviviales, ce qui facilite l&rsquo;ajout et la gestion du contenu<\/li>\n<li>Comprend une documentation d\u00e9taill\u00e9e et un support client expert pour vous aider avec toutes les questions ou probl\u00e8mes que vous pouvez rencontrer.<\/li>\n<\/ul>\n","protected":false},"excerpt":{"rendered":"<p>D\u00e9couvrez l&rsquo;ultime dans la conception du site Web avec le th\u00e8me WordPress Ascend Premium. Ce th\u00e8me haut de gamme offre une multitude de fonctionnalit\u00e9s qui transformeront votre site Web en une plate-forme dynamique et interactive. Avec son design \u00e9l\u00e9gant et moderne, Ascend garantit que votre site Web se d\u00e9marque dans le paysage num\u00e9rique. Il poss\u00e8de une interface intuitive et conviviale qui permet aux visiteurs de naviguer facilement de votre contenu. De plus, il est enti\u00e8rement r\u00e9actif, donc votre site sera \u00e9tonnant sur n&rsquo;importe quel appareil. Ascend propose \u00e9galement une int\u00e9gration transparente avec des plugins populaires pour des fonctionnalit\u00e9s suppl\u00e9mentaires. Avec des options de personnalisation avanc\u00e9es, vous pouvez adapter votre site pour correspondre parfaitement \u00e0 votre marque. D\u00e9couvrez les avantages de la qualit\u00e9 sup\u00e9rieure et \u00e9levez votre pr\u00e9sence en ligne avec le th\u00e8me WordPress Ascend Premium.<\/p>\n","protected":false},"featured_media":143161,"comment_status":"open","ping_status":"open","template":"","meta":[],"product_brand":[2460],"product_cat":[1242,1212,1213],"product_tag":[1845],"class_list":{"0":"post-120869","1":"product","2":"type-product","3":"status-publish","4":"has-post-thumbnail","6":"product_brand-kadence-wp","7":"product_cat-creatif","8":"product_cat-themes","9":"product_cat-wordpress-themes","10":"product_tag-kadence-wp","11":"member-discount","12":"discount-restricted","14":"first","15":"instock","16":"sale","17":"downloadable","18":"virtual","19":"sold-individually","20":"purchasable","21":"product-type-simple"},"_links":{"self":[{"href":"https:\/\/gpl-love.com\/fr\/wp-json\/wp\/v2\/product\/120869","targetHints":{"allow":["GET"]}}],"collection":[{"href":"https:\/\/gpl-love.com\/fr\/wp-json\/wp\/v2\/product"}],"about":[{"href":"https:\/\/gpl-love.com\/fr\/wp-json\/wp\/v2\/types\/product"}],"replies":[{"embeddable":true,"href":"https:\/\/gpl-love.com\/fr\/wp-json\/wp\/v2\/comments?post=120869"}],"wp:featuredmedia":[{"embeddable":true,"href":"https:\/\/gpl-love.com\/fr\/wp-json\/wp\/v2\/media\/143161"}],"wp:attachment":[{"href":"https:\/\/gpl-love.com\/fr\/wp-json\/wp\/v2\/media?parent=120869"}],"wp:term":[{"taxonomy":"product_brand","embeddable":true,"href":"https:\/\/gpl-love.com\/fr\/wp-json\/wp\/v2\/product_brand?post=120869"},{"taxonomy":"product_cat","embeddable":true,"href":"https:\/\/gpl-love.com\/fr\/wp-json\/wp\/v2\/product_cat?post=120869"},{"taxonomy":"product_tag","embeddable":true,"href":"https:\/\/gpl-love.com\/fr\/wp-json\/wp\/v2\/product_tag?post=120869"}],"curies":[{"name":"wp","href":"https:\/\/api.w.org\/{rel}","templated":true}]}}