{"id":120867,"date":"2025-11-30T00:00:00","date_gmt":"2025-11-29T23:00:00","guid":{"rendered":"https:\/\/gpl-love.com\/fr\/produit\/virtue-premium-wordpress-theme\/"},"modified":"2026-03-20T23:43:07","modified_gmt":"2026-03-20T22:43:07","slug":"virtue-premium-wordpress-theme","status":"publish","type":"product","link":"https:\/\/gpl-love.com\/fr\/produit\/virtue-premium-wordpress-theme\/","title":{"rendered":"Virtue Premium WordPress Theme 4.10.20"},"content":{"rendered":"<h3>Virtue Premium WordPress Theme Traits<\/h3>\n<p>Le th\u00e8me WordPress Virtue Premium, r\u00e9put\u00e9 pour sa polyvalence et sa vaste gamme de fonctionnalit\u00e9s, offre aux utilisateurs la capacit\u00e9 sans pr\u00e9c\u00e9dent \u00e0 la mode captivante et \u00e0 la mode et aux sites Web professionnels. B\u00e9n\u00e9ficiant d&rsquo;un assortiment d&rsquo;options de personnalisation, y compris une multitude de dispositions de page d&rsquo;accueil, un \u00e9ventail de choix de portefeuille et de blog, ainsi qu&rsquo;un constructeur de pages glisser-d\u00e9poser robuste, ce th\u00e8me s&rsquo;adresse aux pr\u00e9f\u00e9rences uniques de chaque individu. De plus, avec son int\u00e9gration int\u00e9gr\u00e9e avec WooCommerce, les utilisateurs peuvent rapidement \u00e9tablir une boutique en ligne enti\u00e8rement op\u00e9rationnelle. En outre, le th\u00e8me pr\u00e9sente une r\u00e9activit\u00e9 compl\u00e8te et une r\u00e9alit\u00e9 de la r\u00e9tine, certifiant que le site Web d\u00e9gagera de la magnificence sur tous les appareils. Pour am\u00e9liorer son attrait, le th\u00e8me WordPress de Virtue Premium est fortifi\u00e9 par une \u00e9quipe de support d\u00e9vou\u00e9e, ce qui en fait une s\u00e9lection impeccable pour ceux qui aspirent \u00e0 cr\u00e9er un site Web exquis et fonctionnel.<\/p>\n<ul>\n<li>Th\u00e8me WordPress hautement personnalisable avec un design moderne et \u00e9l\u00e9gant<\/li>\n<li>Livr\u00e9 avec plus de 20 d\u00e9mos pr\u00e9d\u00e9finies pour une configuration rapide et une inspiration<\/li>\n<li>Importateur de d\u00e9monstration en un clic pour une installation et une configuration faciles<\/li>\n<li>Faire glisser et d\u00e9poser le constructeur de page pour une personnalisation facile sans aucune connaissance de codage<\/li>\n<li>Comprend plus de 200 mod\u00e8les et \u00e9l\u00e9ments pr\u00e9d\u00e9finis<\/li>\n<li>Conception enti\u00e8rement r\u00e9active, garantir que votre site Web a fi\u00e8re allure sur tous les appareils<\/li>\n<li>SEO optimis\u00e9 pour am\u00e9liorer le classement des moteurs de recherche<\/li>\n<li>WooCommerce compatible pour une int\u00e9gration facile du commerce \u00e9lectronique<\/li>\n<li>Int\u00e9gration int\u00e9gr\u00e9e des m\u00e9dias sociaux pour un partage et une promotion faciles<\/li>\n<li>\u00c9quipe de support client d\u00e9di\u00e9e disponible pour l&rsquo;aide et le d\u00e9pannage.<\/li>\n<\/ul>\n","protected":false},"excerpt":{"rendered":"<p>Pr\u00e9sentation du th\u00e8me WordPress premium de vertu remarquable, un th\u00e8me vraiment polyvalent et extr\u00eamement puissant m\u00e9ticuleusement con\u00e7u pour les entreprises et les professionnels qui aspirent \u00e0 rien de moins qu&rsquo;une pr\u00e9sence en ligne extraordinaire qui captiver et captivera. Avec son design \u00e9l\u00e9gant et moderne d\u00e9gageant de sophistication, la vertu propose sans effort une pl\u00e9thore d&rsquo;options de personnalisation flexibles adapt\u00e9es \u00e0 vos besoins sp\u00e9cifiques, accompagn\u00e9s de dispositions tr\u00e8s r\u00e9actives et d&rsquo;un arsenal de fonctionnalit\u00e9s avanc\u00e9es qui vous permettra de construire sans effort le site Web de vos r\u00eaves en un clin d&rsquo;un clin d&rsquo;\u0153il d&rsquo;un \u0153il. Que ce soit en tant que blogueur chevronn\u00e9 cherchant \u00e0 vous faire un nom, un pigiste talentueux s&rsquo;effor\u00e7ant de pr\u00e9senter vos comp\u00e9tences remarquables, ou m\u00eame un entrepreneur visionnaire s&rsquo;effor\u00e7ant d&rsquo;\u00e9tablir votre marque et de cultiver un public d\u00e9vou\u00e9, la vertu est la panac\u00e9e ultime qui livre tout le n\u00e9cessaire Outils et ressources pour concr\u00e9tiser vos aspirations. M\u00e9ticuleusement con\u00e7u conform\u00e9ment aux derni\u00e8res normes WordPress, la vertu est \u00e9galement astucieusement optimis\u00e9e pour l&rsquo;optimisation des moteurs de recherche (SEO) et la vitesse, garantissant ainsi que votre site Web monte sans effort les rangs et les charges avec exp\u00e9dition, laissant vos visiteurs en admiration entre vos prouesses num\u00e9riques. N&rsquo;h\u00e9sitez pas \u00e0 saisir cette opportunit\u00e9 en or, \u00e0 acqu\u00e9rir le th\u00e8me WordPress de Virtue Premium aujourd&rsquo;hui et \u00e0 \u00e9lever de mani\u00e8re transparente votre site Web \u00e0 des niveaux de grandeur et de triomphe sans pr\u00e9c\u00e9dent!<\/p>\n","protected":false},"featured_media":145721,"comment_status":"open","ping_status":"open","template":"","meta":[],"product_brand":[2460],"product_cat":[1242,1212,1213],"product_tag":[1845],"class_list":{"0":"post-120867","1":"product","2":"type-product","3":"status-publish","4":"has-post-thumbnail","6":"product_brand-kadence-wp","7":"product_cat-creatif","8":"product_cat-themes","9":"product_cat-wordpress-themes","10":"product_tag-kadence-wp","11":"member-discount","12":"discount-restricted","14":"first","15":"instock","16":"sale","17":"downloadable","18":"virtual","19":"sold-individually","20":"purchasable","21":"product-type-simple"},"_links":{"self":[{"href":"https:\/\/gpl-love.com\/fr\/wp-json\/wp\/v2\/product\/120867","targetHints":{"allow":["GET"]}}],"collection":[{"href":"https:\/\/gpl-love.com\/fr\/wp-json\/wp\/v2\/product"}],"about":[{"href":"https:\/\/gpl-love.com\/fr\/wp-json\/wp\/v2\/types\/product"}],"replies":[{"embeddable":true,"href":"https:\/\/gpl-love.com\/fr\/wp-json\/wp\/v2\/comments?post=120867"}],"wp:featuredmedia":[{"embeddable":true,"href":"https:\/\/gpl-love.com\/fr\/wp-json\/wp\/v2\/media\/145721"}],"wp:attachment":[{"href":"https:\/\/gpl-love.com\/fr\/wp-json\/wp\/v2\/media?parent=120867"}],"wp:term":[{"taxonomy":"product_brand","embeddable":true,"href":"https:\/\/gpl-love.com\/fr\/wp-json\/wp\/v2\/product_brand?post=120867"},{"taxonomy":"product_cat","embeddable":true,"href":"https:\/\/gpl-love.com\/fr\/wp-json\/wp\/v2\/product_cat?post=120867"},{"taxonomy":"product_tag","embeddable":true,"href":"https:\/\/gpl-love.com\/fr\/wp-json\/wp\/v2\/product_tag?post=120867"}],"curies":[{"name":"wp","href":"https:\/\/api.w.org\/{rel}","templated":true}]}}