{"id":120865,"date":"2023-01-24T00:00:00","date_gmt":"2023-01-23T23:00:00","guid":{"rendered":"https:\/\/gpl-love.com\/fr\/produit\/wpzoom-academica-wordpress-theme\/"},"modified":"2026-03-20T23:52:10","modified_gmt":"2026-03-20T22:52:10","slug":"wpzoom-academica-wordpress-theme","status":"publish","type":"product","link":"https:\/\/gpl-love.com\/fr\/produit\/wpzoom-academica-wordpress-theme\/","title":{"rendered":"WPZoom Academica WordPress Theme 3.0.19"},"content":{"rendered":"<h3>WPZoom Academica WordPress Theme Traits<\/h3>\n<p>Le th\u00e8me Wpzoom Academica WordPress poss\u00e8de une impressionnante gamme d&rsquo;attributs qui le rendent un outil incroyablement puissant pour les individus d\u00e9sireux de modeler des sites Web \u00e9ducatifs. Ce th\u00e8me est rempli d&rsquo;une gamme compl\u00e8te de fonctionnalit\u00e9s, y compris la possibilit\u00e9 d&rsquo;adapter les dispositions \u00e0 ses sp\u00e9cifications, une conception qui s&rsquo;adapte sans effort \u00e0 diff\u00e9rents appareils, un \u00e9ventail de widgets qui peuvent \u00eatre personnalis\u00e9s pour r\u00e9pondre \u00e0 ses besoins et un panel extr\u00eamement robuste d\u00e9bordant de Options du th\u00e8me. En tant que tel, cela se r\u00e9v\u00e8le \u00eatre un choix id\u00e9al pour les \u00e9tablissements d&rsquo;enseignement, les enseignants et les tuteurs cherchant \u00e0 \u00e9tablir une formidable pr\u00e9sence en ligne pour eux-m\u00eames ou leurs organisations respectives. Gr\u00e2ce au th\u00e8me de WordPress acad\u00e9mique, les utilisateurs sont en mesure de forger de mani\u00e8re douce et de mani\u00e8re transparente des sites Web visuellement \u00e9tonnants et hautement fonctionnels qui sont m\u00e9ticuleusement optimis\u00e9s pour offrir une visibilit\u00e9 optimale du moteur et une exp\u00e9rience utilisateur. Que l&rsquo;ambition soit de cr\u00e9er un blog modeste et simple ou une plate-forme d&rsquo;apprentissage en ligne multiforme de complexit\u00e9 stup\u00e9fiante, le th\u00e8me WPZOOM WordPress WordPress appara\u00eet comme la solution ultime.<\/p>\n<ul>\n<li>Th\u00e8me WordPress hautement personnalisable con\u00e7u pour les \u00e9tablissements d&rsquo;enseignement et les sites Web acad\u00e9miques<\/li>\n<li>Design propre et moderne en mettant l&rsquo;accent sur l&rsquo;exp\u00e9rience utilisateur<\/li>\n<li>Int\u00e9gr\u00e9 avec des plugins populaires tels que WooCommerce, BuddyPress et BBPress<\/li>\n<li>Enti\u00e8rement r\u00e9actif et convivial pour la navigation transparente sur n&rsquo;importe quel appareil<\/li>\n<li>Mod\u00e8les de plusieurs pages pour divers types de contenu tels que les cours, les professeurs et les \u00e9v\u00e9nements<\/li>\n<li>Des options de personnalisation faciles \u00e0 utiliser, y compris les sch\u00e9mas de couleurs, les polices et les param\u00e8tres de mise en page<\/li>\n<li>Comprend un constructeur de pages glisser-d\u00e9poser pour cr\u00e9er des dispositions uniques sans codage<\/li>\n<li>Construit avec les meilleures pratiques SEO \u00e0 l&rsquo;esprit pour une meilleure visibilit\u00e9 du moteur de recherche<\/li>\n<li>Livr\u00e9 avec un support d\u00e9di\u00e9 et des mises \u00e0 jour r\u00e9guli\u00e8res pour la maintenance et l&rsquo;am\u00e9lioration continue<\/li>\n<\/ul>\n","protected":false},"excerpt":{"rendered":"<p>Nous sommes heureux de pr\u00e9senter le th\u00e8me WordPress WPZOOM Academia, un th\u00e8me WordPress m\u00e9ticuleusement con\u00e7u et hautement fonctionnel sp\u00e9cialement con\u00e7u pour les \u00e9tablissements d&rsquo;enseignement, les plateformes d&rsquo;apprentissage en ligne et les communaut\u00e9s acad\u00e9miques. Ce th\u00e8me poss\u00e8de non seulement un design visuellement \u00e9tonnant, mais offre \u00e9galement un large \u00e9ventail de fonctionnalit\u00e9s qui r\u00e9pondent aux besoins uniques de l&rsquo;\u00e9ducation en ligne.<\/p>\n","protected":false},"featured_media":146309,"comment_status":"open","ping_status":"open","template":"","meta":[],"product_brand":[2745],"product_cat":[1242,1212,1213],"product_tag":[2272],"class_list":{"0":"post-120865","1":"product","2":"type-product","3":"status-publish","4":"has-post-thumbnail","6":"product_brand-wp-zoom","7":"product_cat-creatif","8":"product_cat-themes","9":"product_cat-wordpress-themes","10":"product_tag-wp-zoom","11":"member-discount","12":"discount-restricted","14":"first","15":"instock","16":"sale","17":"downloadable","18":"virtual","19":"sold-individually","20":"purchasable","21":"product-type-simple"},"_links":{"self":[{"href":"https:\/\/gpl-love.com\/fr\/wp-json\/wp\/v2\/product\/120865","targetHints":{"allow":["GET"]}}],"collection":[{"href":"https:\/\/gpl-love.com\/fr\/wp-json\/wp\/v2\/product"}],"about":[{"href":"https:\/\/gpl-love.com\/fr\/wp-json\/wp\/v2\/types\/product"}],"replies":[{"embeddable":true,"href":"https:\/\/gpl-love.com\/fr\/wp-json\/wp\/v2\/comments?post=120865"}],"wp:featuredmedia":[{"embeddable":true,"href":"https:\/\/gpl-love.com\/fr\/wp-json\/wp\/v2\/media\/146309"}],"wp:attachment":[{"href":"https:\/\/gpl-love.com\/fr\/wp-json\/wp\/v2\/media?parent=120865"}],"wp:term":[{"taxonomy":"product_brand","embeddable":true,"href":"https:\/\/gpl-love.com\/fr\/wp-json\/wp\/v2\/product_brand?post=120865"},{"taxonomy":"product_cat","embeddable":true,"href":"https:\/\/gpl-love.com\/fr\/wp-json\/wp\/v2\/product_cat?post=120865"},{"taxonomy":"product_tag","embeddable":true,"href":"https:\/\/gpl-love.com\/fr\/wp-json\/wp\/v2\/product_tag?post=120865"}],"curies":[{"name":"wp","href":"https:\/\/api.w.org\/{rel}","templated":true}]}}