{"id":120863,"date":"2025-10-09T00:00:00","date_gmt":"2025-10-08T22:00:00","guid":{"rendered":"https:\/\/gpl-love.com\/fr\/produit\/ultimate-member-user-notes\/"},"modified":"2026-04-10T18:44:15","modified_gmt":"2026-04-10T16:44:15","slug":"ultimate-member-user-notes","status":"publish","type":"product","link":"https:\/\/gpl-love.com\/fr\/produit\/ultimate-member-user-notes\/","title":{"rendered":"Ultimate Member User Notes 1.1.6"},"content":{"rendered":"<h3>Ultimate Member User Notes Traits<\/h3>\n<p>Ultimate Member User Notes est un plugin WordPress exceptionnellement avantageux qui permet aux utilisateurs d&rsquo;incorporer et de g\u00e9rer sans effort leurs notes personnelles dans les limites de leur page de profil. Cet outil remarquable offre une pl\u00e9thore de fonctionnalit\u00e9s, en veillant \u00e0 ce que les utilisateurs puissent cr\u00e9er et organiser impeccablement des notes \u00e0 des fins, que ce soit avec diligence en gardant une trace des informations cruciales, en fixant m\u00e9ticuleusement les rappels ou en notant simplement des id\u00e9es \u00e9ph\u00e9m\u00e8res. De plus, la sophistication in\u00e9gal\u00e9e du plugin s&rsquo;\u00e9tend \u00e0 l&rsquo;octroi des utilisateurs la possibilit\u00e9 de d\u00e9terminer m\u00e9ticuleusement le public qu&rsquo;ils souhaitent accorder l&rsquo;acc\u00e8s \u00e0 leurs notes, leur offrant la libert\u00e9 de conserver la plus grande vie priv\u00e9e ou, alternativement, partager leurs pens\u00e9es et leurs id\u00e9es avec d&rsquo;autres. En outre, ce plugin remarquable poss\u00e8de un assortiment impressionnant de fonctionnalit\u00e9s, y compris, mais sans s&rsquo;y limiter, l&rsquo;int\u00e9gration des \u00e9tiquettes personnalis\u00e9es, l&rsquo;incorporation transparente des m\u00e9canismes de codage couleur et l&rsquo;inclusion inestimable de fonctions de recherche tr\u00e8s efficaces. Ces attributs extraordinaires garantissent collectivement que les utilisateurs peuvent localiser et g\u00e9rer impeccablement leur gamme diversifi\u00e9e de notes avec une facilit\u00e9 in\u00e9gal\u00e9e. En r\u00e9sum\u00e9, il est \u00e9vident sans \u00e9quivoque que les notes des utilisateurs des membres ultimes repr\u00e9sentent un atout inestimable pour les propri\u00e9taires de sites WordPress qui aspirent \u00e0 \u00e9lever l&rsquo;exp\u00e9rience globale de leurs utilisateurs en les permettant d&rsquo;un niveau de contr\u00f4le sans pr\u00e9c\u00e9dent et d&rsquo;une flexibilit\u00e9 in\u00e9gal\u00e9e sur leurs pages de profil respectives.<\/p>\n<ul>\n<li>Permet aux utilisateurs d&rsquo;ajouter des notes priv\u00e9es \u00e0 tout profil utilisateur<\/li>\n<li>Les utilisateurs peuvent afficher et modifier leurs propres notes \u00e0 tout moment<\/li>\n<li>Les notes ne peuvent \u00eatre vues que par l&rsquo;utilisateur qui les a cr\u00e9\u00e9s et les administrateurs du site<\/li>\n<li>Int\u00e9gration transparente avec un plugin de membres ultime<\/li>\n<li>Fournit une interface simple et intuitive pour ajouter et g\u00e9rer des notes<\/li>\n<li>Aide les administrateurs du site \u00e0 suivre les interactions des utilisateurs et \u00e0 surveiller le comportement des utilisateurs<\/li>\n<li>Am\u00e9liore l&rsquo;engagement des utilisateurs en leur permettant de personnaliser leurs profils<\/li>\n<li>Prend en charge des notes illimit\u00e9es pour chaque profil utilisateur<\/li>\n<li>Les notes peuvent \u00eatre utilis\u00e9es \u00e0 diverses fins, y compris les commentaires, les rappels et la messagerie personnelle<\/li>\n<li>Augmente la s\u00e9curit\u00e9 du site en fournissant un canal de communication priv\u00e9 et confidentiel entre les utilisateurs et les administrateurs<\/li>\n<\/ul>\n","protected":false},"excerpt":{"rendered":"<p>Le plugin Ultimate Member User Notes, sp\u00e9cialement d\u00e9velopp\u00e9 pour la communaut\u00e9 des membres ultime, est un outil tr\u00e8s robuste qui donne aux utilisateurs la possibilit\u00e9 de cr\u00e9er et de superviser efficacement des notes personnalis\u00e9es concernant les autres membres de la communaut\u00e9. Offrant une commodit\u00e9 in\u00e9gal\u00e9e, ce plugin remarquable permet aux individus d&rsquo;incorporer de mani\u00e8re transparente des notes priv\u00e9es, publiques ou sp\u00e9cialement adapt\u00e9es concernant les autres utilisateurs, accordant ainsi un acc\u00e8s sans restriction \u00e0 cette ressource inestimable \u00e0 tout moment et \u00e0 partir de tout endroit. B\u00e9n\u00e9ficiant d&rsquo;efficacit\u00e9 in\u00e9gal\u00e9e, ce plugin repr\u00e9sente un atout exceptionnel lorsqu&rsquo;il s&rsquo;agit de favoriser une communaut\u00e9 num\u00e9rique florissante dans laquelle les utilisateurs peuvent s&rsquo;engager sans effort les uns avec les autres et \u00e9changer sans effort des informations pertinentes. Que l&rsquo;on se retrouve \u00e0 occuper le r\u00f4le d&rsquo;un blogueur, d&rsquo;un marketing ou m\u00eame d&rsquo;un propri\u00e9taire d&rsquo;entreprise, l&rsquo;utilisation du plugin Ultimate Member User Notes peut sans aucun doute faciliter la cr\u00e9ation d&rsquo;une pr\u00e9sence en ligne formidable tout en forgeant simultan\u00e9ment des connexions significatives avec son public cible.<\/p>\n","protected":false},"featured_media":145645,"comment_status":"open","ping_status":"open","template":"","meta":[],"product_brand":[2679],"product_cat":[1300,1181,1186],"product_tag":[2296],"class_list":{"0":"post-120863","1":"product","2":"type-product","3":"status-publish","4":"has-post-thumbnail","6":"product_brand-ultimate-member","7":"product_cat-adhesion","8":"product_cat-plugins","9":"product_cat-wordpress-plugins","10":"product_tag-ultimate-member","11":"member-discount","12":"discount-restricted","14":"first","15":"instock","16":"sale","17":"downloadable","18":"virtual","19":"sold-individually","20":"purchasable","21":"product-type-simple"},"_links":{"self":[{"href":"https:\/\/gpl-love.com\/fr\/wp-json\/wp\/v2\/product\/120863","targetHints":{"allow":["GET"]}}],"collection":[{"href":"https:\/\/gpl-love.com\/fr\/wp-json\/wp\/v2\/product"}],"about":[{"href":"https:\/\/gpl-love.com\/fr\/wp-json\/wp\/v2\/types\/product"}],"replies":[{"embeddable":true,"href":"https:\/\/gpl-love.com\/fr\/wp-json\/wp\/v2\/comments?post=120863"}],"wp:featuredmedia":[{"embeddable":true,"href":"https:\/\/gpl-love.com\/fr\/wp-json\/wp\/v2\/media\/145645"}],"wp:attachment":[{"href":"https:\/\/gpl-love.com\/fr\/wp-json\/wp\/v2\/media?parent=120863"}],"wp:term":[{"taxonomy":"product_brand","embeddable":true,"href":"https:\/\/gpl-love.com\/fr\/wp-json\/wp\/v2\/product_brand?post=120863"},{"taxonomy":"product_cat","embeddable":true,"href":"https:\/\/gpl-love.com\/fr\/wp-json\/wp\/v2\/product_cat?post=120863"},{"taxonomy":"product_tag","embeddable":true,"href":"https:\/\/gpl-love.com\/fr\/wp-json\/wp\/v2\/product_tag?post=120863"}],"curies":[{"name":"wp","href":"https:\/\/api.w.org\/{rel}","templated":true}]}}