{"id":120861,"date":"2024-11-28T00:00:00","date_gmt":"2024-11-27T23:00:00","guid":{"rendered":"https:\/\/gpl-love.com\/fr\/produit\/ultimate-member-private-content\/"},"modified":"2026-03-20T23:41:49","modified_gmt":"2026-03-20T22:41:49","slug":"ultimate-member-private-content","status":"publish","type":"product","link":"https:\/\/gpl-love.com\/fr\/produit\/ultimate-member-private-content\/","title":{"rendered":"Ultimate Member Private Content 2.1.5"},"content":{"rendered":"<h3>Ultimate Member Private Content Traits<\/h3>\n<p>Le plugin de contenu priv\u00e9 membre ultime, \u00e9tant un outil tr\u00e8s robuste et puissant, permet aux propri\u00e9taires de sites Web d&rsquo;\u00e9tablir des sections de contenu exclusives et isol\u00e9es dans leurs sites. Ce plugin remarquable est m\u00e9ticuleusement con\u00e7u pour offrir des avantages supr\u00eame aux membres en leur accordant une entr\u00e9e privil\u00e9gi\u00e9e \u00e0 des pi\u00e8ces de contenu sp\u00e9cifiques ou \u00e0 des fonctionnalit\u00e9s exceptionnelles, ce qui en fait un atout hautement louable pour les personnes aspirant \u00e0 \u00e9riger un domaine exclusif r\u00e9serv\u00e9 aux membres sur leurs sites Web. Gr\u00e2ce \u00e0 l&rsquo;utilisation de ce plugin, vous exercez sans effort la possibilit\u00e9 de restreindre l&rsquo;accessibilit\u00e9 aux pages ou aux messages d\u00e9sign\u00e9s, ainsi qu&rsquo;aux profils d&rsquo;utilisateurs, aux types de messages personnalis\u00e9s et \u00e0 un \u00e9ventail d&rsquo;autres \u00e9l\u00e9ments. De plus, vous poss\u00e9dez la capacit\u00e9 de forger des r\u00f4les utilisateur personnalis\u00e9s et de r\u00e9gir efficacement les autorisations des utilisateurs, garantissant ainsi la s\u00e9curit\u00e9 imp\u00e9n\u00e9trable et l&rsquo;autorisation d&rsquo;acc\u00e8s unique de votre contenu priv\u00e9 exclusivement aux utilisateurs autoris\u00e9s. Que vous soyez le propri\u00e9taire d&rsquo;un site Web bas\u00e9 sur les membres, d&rsquo;un cours acad\u00e9mique en ligne ou d&rsquo;une communaut\u00e9 restreinte, le plugin de contenu priv\u00e9 de membre ultime ph\u00e9nom\u00e9nal devient votre aide indispensable, vous permettant de superviser habilement votre contenu et de maintenir la r\u00e9tention de l&rsquo;engagement des utilisateurs \u00e0 son z\u00e9nith.<\/p>\n<ul>\n<li>Un plugin puissant pour cr\u00e9er du contenu priv\u00e9 sur votre site Web<\/li>\n<li>Vous donne un contr\u00f4le total sur qui peut acc\u00e9der \u00e0 votre contenu<\/li>\n<li>Fournit diverses options pour restreindre l&rsquo;acc\u00e8s, y compris les r\u00f4les utilisateur, les niveaux d&rsquo;adh\u00e9sion et les restrictions personnalis\u00e9es<\/li>\n<li>Vous permet de cr\u00e9er diff\u00e9rents niveaux de confidentialit\u00e9 pour diff\u00e9rents types de contenu<\/li>\n<li>Fournit une interface conviviale pour g\u00e9rer le contenu priv\u00e9<\/li>\n<li>Intregate de mani\u00e8re transparente au plugin ultime des membres pour une gestion am\u00e9lior\u00e9e des utilisateurs<\/li>\n<li>Compatible avec une large gamme de th\u00e8mes WordPress<\/li>\n<li>Livr\u00e9 avec un support d\u00e9di\u00e9 et des mises \u00e0 jour r\u00e9guli\u00e8res<\/li>\n<li>Vous aide \u00e0 cr\u00e9er une exp\u00e9rience utilisateur plus engageante et personnalis\u00e9e pour vos membres ou clients.<\/li>\n<\/ul>\n","protected":false},"excerpt":{"rendered":"<p>Un contenu priv\u00e9 Ultimate Member, un plugin sp\u00e9cialement con\u00e7u pour les sites Web WordPress, vous permet de modeler des pages exclusives uniquement accessibles aux membres, exer\u00e7ant ainsi un contr\u00f4le minutieux de la diffusion du contenu de votre site Web. \u00c9quip\u00e9 de cet outil robuste, adaptez de mani\u00e8re transparente votre site Web pour pr\u00e9senter des informations confidentielles strictement aux utilisateurs d\u00e9sign\u00e9s. De plus, supervisez sans effort les niveaux d&rsquo;adh\u00e9sion, l&rsquo;inscription des utilisateurs et les pr\u00e9f\u00e9rences d&rsquo;entr\u00e9e. En exploitant les capacit\u00e9s exceptionnelles du contenu priv\u00e9 des membres ultimes, vous favorisez la cr\u00e9ation d&rsquo;une communaut\u00e9 r\u00e9siliente tout en renfor\u00e7ant simultan\u00e9ment l&rsquo;interaction des utilisateurs et l&rsquo;implication avec votre plate-forme num\u00e9rique.<\/p>\n","protected":false},"featured_media":145639,"comment_status":"open","ping_status":"open","template":"","meta":[],"product_brand":[2679],"product_cat":[1300,1181,1186],"product_tag":[2296],"class_list":{"0":"post-120861","1":"product","2":"type-product","3":"status-publish","4":"has-post-thumbnail","6":"product_brand-ultimate-member","7":"product_cat-adhesion","8":"product_cat-plugins","9":"product_cat-wordpress-plugins","10":"product_tag-ultimate-member","11":"member-discount","12":"discount-restricted","14":"first","15":"instock","16":"sale","17":"downloadable","18":"virtual","19":"sold-individually","20":"purchasable","21":"product-type-simple"},"_links":{"self":[{"href":"https:\/\/gpl-love.com\/fr\/wp-json\/wp\/v2\/product\/120861","targetHints":{"allow":["GET"]}}],"collection":[{"href":"https:\/\/gpl-love.com\/fr\/wp-json\/wp\/v2\/product"}],"about":[{"href":"https:\/\/gpl-love.com\/fr\/wp-json\/wp\/v2\/types\/product"}],"replies":[{"embeddable":true,"href":"https:\/\/gpl-love.com\/fr\/wp-json\/wp\/v2\/comments?post=120861"}],"wp:featuredmedia":[{"embeddable":true,"href":"https:\/\/gpl-love.com\/fr\/wp-json\/wp\/v2\/media\/145639"}],"wp:attachment":[{"href":"https:\/\/gpl-love.com\/fr\/wp-json\/wp\/v2\/media?parent=120861"}],"wp:term":[{"taxonomy":"product_brand","embeddable":true,"href":"https:\/\/gpl-love.com\/fr\/wp-json\/wp\/v2\/product_brand?post=120861"},{"taxonomy":"product_cat","embeddable":true,"href":"https:\/\/gpl-love.com\/fr\/wp-json\/wp\/v2\/product_cat?post=120861"},{"taxonomy":"product_tag","embeddable":true,"href":"https:\/\/gpl-love.com\/fr\/wp-json\/wp\/v2\/product_tag?post=120861"}],"curies":[{"name":"wp","href":"https:\/\/api.w.org\/{rel}","templated":true}]}}