{"id":120859,"date":"2025-12-07T00:00:00","date_gmt":"2025-12-06T23:00:00","guid":{"rendered":"https:\/\/gpl-love.com\/fr\/produit\/ultimate-member-real-time-notifications\/"},"modified":"2026-04-10T18:44:13","modified_gmt":"2026-04-10T16:44:13","slug":"ultimate-member-real-time-notifications","status":"publish","type":"product","link":"https:\/\/gpl-love.com\/fr\/produit\/ultimate-member-real-time-notifications\/","title":{"rendered":"Ultimate Member Realtime Notifications 2.3.8"},"content":{"rendered":"<h3>Ultimate Member Realtime Notifications Traits<\/h3>\n<p>Les notifications en temps r\u00e9el des membres ultimes sont un plugin incroyablement robuste qui offre la capacit\u00e9 remarquable d&rsquo;activer les notifications en temps r\u00e9el pour votre site Web de communaut\u00e9 estim\u00e9. En utilisant ce plugin extraordinaire, vos utilisateurs estim\u00e9s peuvent ressentir l&rsquo;\u00e9clat de recevoir des notifications instantan\u00e9es pour une pl\u00e9thore d&rsquo;activit\u00e9s, y compris, mais sans s&rsquo;y limiter, de nouvelles demandes d&rsquo;amis, de nouveaux messages, de nouveaux commentaires et une myriade d&rsquo;autres \u00e9v\u00e9nements fascinants. De plus, ce plugin s&rsquo;int\u00e8gre parfaitement au plugin de membres ultimes tr\u00e8s acclam\u00e9, vous accordant ainsi l&rsquo;occasion inestimable de personnaliser m\u00e9ticuleusement les notifications conform\u00e9ment \u00e0 vos pr\u00e9f\u00e9rences exigeantes. En outre, vous poss\u00e9dez l&rsquo;autonomie pour activer ou d\u00e9sactiver sans effort des notifications exclusivement pour des r\u00f4les utilisateur sp\u00e9cifiques ou m\u00eame des utilisateurs individuels. En prime, ce plugin englobe \u00e9galement une interface conviviale m\u00e9ticuleusement con\u00e7ue qui vous offre la plus grande commodit\u00e9 pour g\u00e9rer efficacement les notifications et suivre avec diligence toutes les activit\u00e9s qui se transpirent dans votre site Web estim\u00e9. En adoptant les capacit\u00e9s remarquables des notifications en temps r\u00e9el des membres ultimes, vous avez ind\u00e9niablement le pouvoir sans pr\u00e9c\u00e9dent d&rsquo;augmenter l&rsquo;exp\u00e9rience utilisateur sur votre site Web de communaut\u00e9 estim\u00e9 en veillant \u00e0 ce que vos utilisateurs estim\u00e9s soient perp\u00e9tuellement engag\u00e9s et impeccablement inform\u00e9s en temps opportun.<\/p>\n<ul>\n<li>Recevez instantan\u00e9ment des notifications pour des \u00e9v\u00e9nements importants sur votre site Web de membres ultimes<\/li>\n<li>Restez \u00e0 jour avec les nouvelles inscriptions des utilisateurs, les approbations en attente, les mises \u00e0 jour du compte, et plus<\/li>\n<li>Personnalisez vos pr\u00e9f\u00e9rences de notification pour recevoir des alertes uniquement pour des \u00e9v\u00e9nements sp\u00e9cifiques et des r\u00f4les utilisateur<\/li>\n<li>Choisissez entre les notifications par e-mail et le navigateur pour une commodit\u00e9 ultime<\/li>\n<li>Profitez d&rsquo;une int\u00e9gration rapide et sans couture avec un plugin de membres ultime<\/li>\n<li>Am\u00e9liorez votre gestion des utilisateurs et votre engagement en ne manquant plus jamais un \u00e9v\u00e9nement important<\/li>\n<\/ul>\n","protected":false},"excerpt":{"rendered":"<p>Restez inform\u00e9 et connect\u00e9 avec les fonctionnalit\u00e9s remarquables offertes par les notifications en temps r\u00e9el des membres ultimes, vous permettant de recevoir des mises \u00e0 jour rapides concernant un \u00e9ventail diversifi\u00e9 d&rsquo;activit\u00e9s telles que de nouveaux messages, des demandes d&rsquo;amis et des mises \u00e0 jour, entre autres. Ce plugin incroyable vous accorde la commodit\u00e9 de personnaliser sans effort vos pr\u00e9f\u00e9rences de notification gr\u00e2ce \u00e0 sa conception \u00e9l\u00e9gante et intuitive, en vous assurant de recevoir des alertes imm\u00e9diates directement sur votre appareil. Que vous vous trouviez dans la position de superviser une communaut\u00e9 en ligne anim\u00e9e ou que vous aspirez simplement \u00e0 rester bien inform\u00e9 en ce qui concerne les d\u00e9veloppements les plus r\u00e9cents, vous pouvez incontestablement compter sur les notifications ultimes des membres en temps r\u00e9el comme instrument par excellence pour faciliter un moyen de communication transparent et ininterrompu.<\/p>\n","protected":false},"featured_media":145642,"comment_status":"open","ping_status":"open","template":"","meta":[],"product_brand":[2679],"product_cat":[1300,1181,1186],"product_tag":[2296],"class_list":{"0":"post-120859","1":"product","2":"type-product","3":"status-publish","4":"has-post-thumbnail","6":"product_brand-ultimate-member","7":"product_cat-adhesion","8":"product_cat-plugins","9":"product_cat-wordpress-plugins","10":"product_tag-ultimate-member","11":"member-discount","12":"discount-restricted","14":"first","15":"instock","16":"sale","17":"downloadable","18":"virtual","19":"sold-individually","20":"purchasable","21":"product-type-simple"},"_links":{"self":[{"href":"https:\/\/gpl-love.com\/fr\/wp-json\/wp\/v2\/product\/120859","targetHints":{"allow":["GET"]}}],"collection":[{"href":"https:\/\/gpl-love.com\/fr\/wp-json\/wp\/v2\/product"}],"about":[{"href":"https:\/\/gpl-love.com\/fr\/wp-json\/wp\/v2\/types\/product"}],"replies":[{"embeddable":true,"href":"https:\/\/gpl-love.com\/fr\/wp-json\/wp\/v2\/comments?post=120859"}],"wp:featuredmedia":[{"embeddable":true,"href":"https:\/\/gpl-love.com\/fr\/wp-json\/wp\/v2\/media\/145642"}],"wp:attachment":[{"href":"https:\/\/gpl-love.com\/fr\/wp-json\/wp\/v2\/media?parent=120859"}],"wp:term":[{"taxonomy":"product_brand","embeddable":true,"href":"https:\/\/gpl-love.com\/fr\/wp-json\/wp\/v2\/product_brand?post=120859"},{"taxonomy":"product_cat","embeddable":true,"href":"https:\/\/gpl-love.com\/fr\/wp-json\/wp\/v2\/product_cat?post=120859"},{"taxonomy":"product_tag","embeddable":true,"href":"https:\/\/gpl-love.com\/fr\/wp-json\/wp\/v2\/product_tag?post=120859"}],"curies":[{"name":"wp","href":"https:\/\/api.w.org\/{rel}","templated":true}]}}