{"id":120857,"date":"2024-11-28T00:00:00","date_gmt":"2024-11-27T23:00:00","guid":{"rendered":"https:\/\/gpl-love.com\/fr\/produit\/ultimate-member-notices\/"},"modified":"2026-03-20T23:41:48","modified_gmt":"2026-03-20T22:41:48","slug":"ultimate-member-notices","status":"publish","type":"product","link":"https:\/\/gpl-love.com\/fr\/produit\/ultimate-member-notices\/","title":{"rendered":"Ultimate Member Notices 2.1.9"},"content":{"rendered":"<h3>Ultimate Member Notices Traits<\/h3>\n<p>Le plugin Ultimate Member Avis est un outil de notification incroyablement robuste et riche en fonctionnalit\u00e9s qui vous donne la possibilit\u00e9 d&rsquo;envoyer des messages hautement personnalis\u00e9s \u00e0 vos utilisateurs. Ce plugin exceptionnel vous permet de cr\u00e9er sans effort des notifications sur mesure pour divers r\u00f4les d&rsquo;utilisateurs, niveaux d&rsquo;adh\u00e9sion ou m\u00eame cibler des individus sp\u00e9cifiques. De plus, il facilite la configuration des d\u00e9clencheurs pour une gamme d&rsquo;actions diverses, englobant, mais sans s&rsquo;y limiter, l&rsquo;enregistrement des utilisateurs, la connexion, les mises \u00e0 jour de profil et bien plus encore. Uniquement, ce plugin propose une vaste s\u00e9lection d&rsquo;options de notification pour r\u00e9pondre \u00e0 vos besoins sp\u00e9cifiques, englobant les e-mails, les SMS, la notification push et m\u00eame les notifications dans l&rsquo;application. De plus, l&rsquo;interface conviviale accompagnant ce plugin vous offre la commodit\u00e9 de g\u00e9rer et de personnaliser de mani\u00e8re transparente vos notifications au d\u00e9sir de votre c\u0153ur. Par cons\u00e9quent, il va sans dire que le plugin Ultimate Member Abstime est un outil indispensable pour tout propri\u00e9taire de site Web exigeant en train d&rsquo;enrichir l&rsquo;engagement de leur utilisateur et de favoriser la communication transparente.<\/p>\n<ul>\n<li>Notifications par e-mail personnalisables aux utilisateurs.<\/li>\n<li>Option pour configurer des messages automatis\u00e9s pour diverses actions utilisateur.<\/li>\n<li>Possibilit\u00e9 d&rsquo;envoyer des notifications \u00e0 des groupes d&rsquo;utilisateurs sp\u00e9cifiques ou \u00e0 des utilisateurs individuels.<\/li>\n<li>Options de notification pour les demandes d&rsquo;amis, les messages, les mises \u00e0 jour de profil, etc.<\/li>\n<li>Interface conviviale pour une configuration et une gestion faciles des notifications.<\/li>\n<li>Int\u00e9gration avec des plates-formes de marketing par e-mail populaires comme MailChimp et un contact constant.<\/li>\n<li>Compatible avec le plugin Ultimate Member et d&rsquo;autres plugins WordPress populaires.<\/li>\n<\/ul>\n","protected":false},"excerpt":{"rendered":"<p>Les avis des membres ultimes s&rsquo;av\u00e8rent \u00eatre un compl\u00e9ment indispensable pour votre plugin Ultimate Member, car il propose un ensemble de fonctionnalit\u00e9s robuste et pr\u00e9cieux. En tirant parti de cet outil puissant, vous \u00eates autoris\u00e9 \u00e0 exp\u00e9dier sans effort les notifications automatis\u00e9es \u00e0 vos utilisateurs, sp\u00e9cialement adapt\u00e9s \u00e0 leurs activit\u00e9s et comportements sur votre site Web. Gr\u00e2ce \u00e0 l&rsquo;utilisation des avis de membres ultimes, vous avez la possibilit\u00e9 de fa\u00e7onner des messages personnalis\u00e9s et adaptables pour un large \u00e9ventail d&rsquo;actions des utilisateurs, y compris, mais sans s&rsquo;y limiter, les nouvelles inscriptions des utilisateurs, les mises \u00e0 jour de profil, les modifications de mot de passe et de nombreux autres \u00e9v\u00e9nements. En adoptant ce syst\u00e8me de notification convivial et tr\u00e8s efficace, vous pouvez vous assurer que vos utilisateurs restent bien inform\u00e9s et engag\u00e9s de mani\u00e8re coh\u00e9rente avec votre plateforme.<\/p>\n","protected":false},"featured_media":145637,"comment_status":"open","ping_status":"open","template":"","meta":[],"product_brand":[2679],"product_cat":[1300,1181,1186],"product_tag":[2296],"class_list":{"0":"post-120857","1":"product","2":"type-product","3":"status-publish","4":"has-post-thumbnail","6":"product_brand-ultimate-member","7":"product_cat-adhesion","8":"product_cat-plugins","9":"product_cat-wordpress-plugins","10":"product_tag-ultimate-member","11":"member-discount","12":"discount-restricted","14":"first","15":"instock","16":"sale","17":"downloadable","18":"virtual","19":"sold-individually","20":"purchasable","21":"product-type-simple"},"_links":{"self":[{"href":"https:\/\/gpl-love.com\/fr\/wp-json\/wp\/v2\/product\/120857","targetHints":{"allow":["GET"]}}],"collection":[{"href":"https:\/\/gpl-love.com\/fr\/wp-json\/wp\/v2\/product"}],"about":[{"href":"https:\/\/gpl-love.com\/fr\/wp-json\/wp\/v2\/types\/product"}],"replies":[{"embeddable":true,"href":"https:\/\/gpl-love.com\/fr\/wp-json\/wp\/v2\/comments?post=120857"}],"wp:featuredmedia":[{"embeddable":true,"href":"https:\/\/gpl-love.com\/fr\/wp-json\/wp\/v2\/media\/145637"}],"wp:attachment":[{"href":"https:\/\/gpl-love.com\/fr\/wp-json\/wp\/v2\/media?parent=120857"}],"wp:term":[{"taxonomy":"product_brand","embeddable":true,"href":"https:\/\/gpl-love.com\/fr\/wp-json\/wp\/v2\/product_brand?post=120857"},{"taxonomy":"product_cat","embeddable":true,"href":"https:\/\/gpl-love.com\/fr\/wp-json\/wp\/v2\/product_cat?post=120857"},{"taxonomy":"product_tag","embeddable":true,"href":"https:\/\/gpl-love.com\/fr\/wp-json\/wp\/v2\/product_tag?post=120857"}],"curies":[{"name":"wp","href":"https:\/\/api.w.org\/{rel}","templated":true}]}}