{"id":120847,"date":"2025-01-16T00:00:00","date_gmt":"2025-01-15T23:00:00","guid":{"rendered":"https:\/\/gpl-love.com\/fr\/produit\/product-sales-report-pro-pour-woocommerce\/"},"modified":"2026-04-10T18:37:04","modified_gmt":"2026-04-10T16:37:04","slug":"product-sales-report-pro-pour-woocommerce","status":"publish","type":"product","link":"https:\/\/gpl-love.com\/fr\/produit\/product-sales-report-pro-pour-woocommerce\/","title":{"rendered":"Product Sales Report Pro 2.2.52"},"content":{"rendered":"<h3>Product Sales Report Pro Traits<\/h3>\n<p>Product Sales Report Pro est un outil logiciel tr\u00e8s robuste et extr\u00eamement puissant qui permet efficacement aux entreprises d&rsquo;acc\u00e9der et de plonger sans effort dans des informations complexes et m\u00e9ticuleuses et une analyse de leurs performances de vente. B\u00e9n\u00e9ficiant d&rsquo;une interface intuitivement conviviale, cet outil exceptionnel g\u00e9n\u00e8re sans effort et rapidement des rapports complets et globaux sur une vaste gamme de mesures, englobant mais pas limit\u00e9e aux revenus, aux marges b\u00e9n\u00e9ficiaires et au comportement du client. De plus, ce logiciel de pointe permet aux entreprises de suivre et de surveiller m\u00e9ticuleusement les tendances des ventes et de comparer les performances m\u00e9ticuleusement et scrupuleusement sur plusieurs p\u00e9riodes, ce qui leur permet de prendre et de prendre des opportunit\u00e9s lucratives et sagais Pour la croissance. En substance, le rapport sur les ventes de produits Pro est indiscutablement un outil indispensable et par excellence pour toute entreprise qui cherche avec ardente et ardemment \u00e0 optimiser et \u00e0 am\u00e9liorer leur strat\u00e9gie de vente et \u00e0 stimuler le succ\u00e8s sans pr\u00e9c\u00e9dent et retentissant.<\/p>\n<ul>\n<li>Reportage complet des ventes<\/li>\n<li>Visualisation des donn\u00e9es de vente en temps r\u00e9el<\/li>\n<li>Tableaux de bord de vente personnalisables<\/li>\n<li>Int\u00e9gration avec diverses plateformes de vente<\/li>\n<li>Options de rapports et de livraison automatis\u00e9s<\/li>\n<li>Outils sophistiqu\u00e9s d&rsquo;analyse et de pr\u00e9vision des donn\u00e9es<\/li>\n<li>Capacit\u00e9s efficaces de filtrage et de tri de donn\u00e9es<\/li>\n<li>Interface conviviale pour une manipulation facile des donn\u00e9es<\/li>\n<li>Caract\u00e9ristiques de s\u00e9curit\u00e9 avanc\u00e9es pour prot\u00e9ger les donn\u00e9es confidentielles<\/li>\n<li>Solution \u00e9volutive pour les entreprises en croissance<\/li>\n<\/ul>\n","protected":false},"excerpt":{"rendered":"<p>Product Sales Report Pro est une solution logicielle exceptionnellement puissante m\u00e9ticuleusement con\u00e7ue pour faciliter les entreprises dans la r\u00e9alisation d&rsquo;un suivi transparent et tr\u00e8s efficace du rapport de vente de leurs produits. Ce logiciel profite aux rapports complets et tr\u00e8s informatifs qui permettent aux propri\u00e9taires d&rsquo;entreprise de prendre des d\u00e9cisions bien inform\u00e9es et astucieuses concernant leurs strat\u00e9gies de vente de produits. Gr\u00e2ce \u00e0 son interface utilisateur remarquablement intuitive, les individus utilisant ce logiciel ont la possibilit\u00e9 remarquable de personnaliser leur rapport de vente \u00e0 leurs sp\u00e9cifications exactes, g\u00e9n\u00e9rant sans effort des rapports dans un vaste \u00e9ventail de formats, tout en y acc\u00e9dant simultan\u00e9ment \u00e0 leur plus grande commodit\u00e9, ind\u00e9pendamment de l&#8217;emplacement ou temps. En exploitant les prouesses incontestables du rapport de vente de produits Pro, les entreprises peuvent optimiser de mani\u00e8re approfondie leurs performances de vente et augmenter manifestement leurs revenus globaux.<\/p>\n","protected":false},"featured_media":145024,"comment_status":"open","ping_status":"open","template":"","meta":[],"product_brand":[2634],"product_cat":[1183,1182,1181],"product_tag":[2326],"class_list":{"0":"post-120847","1":"product","2":"type-product","3":"status-publish","4":"has-post-thumbnail","6":"product_brand-wp-zone","7":"product_cat-administration","8":"product_cat-commerce-electronique-plugins","9":"product_cat-plugins","10":"product_tag-wp-zone","11":"member-discount","12":"discount-restricted","14":"first","15":"instock","16":"sale","17":"downloadable","18":"virtual","19":"sold-individually","20":"purchasable","21":"product-type-simple"},"_links":{"self":[{"href":"https:\/\/gpl-love.com\/fr\/wp-json\/wp\/v2\/product\/120847","targetHints":{"allow":["GET"]}}],"collection":[{"href":"https:\/\/gpl-love.com\/fr\/wp-json\/wp\/v2\/product"}],"about":[{"href":"https:\/\/gpl-love.com\/fr\/wp-json\/wp\/v2\/types\/product"}],"replies":[{"embeddable":true,"href":"https:\/\/gpl-love.com\/fr\/wp-json\/wp\/v2\/comments?post=120847"}],"wp:featuredmedia":[{"embeddable":true,"href":"https:\/\/gpl-love.com\/fr\/wp-json\/wp\/v2\/media\/145024"}],"wp:attachment":[{"href":"https:\/\/gpl-love.com\/fr\/wp-json\/wp\/v2\/media?parent=120847"}],"wp:term":[{"taxonomy":"product_brand","embeddable":true,"href":"https:\/\/gpl-love.com\/fr\/wp-json\/wp\/v2\/product_brand?post=120847"},{"taxonomy":"product_cat","embeddable":true,"href":"https:\/\/gpl-love.com\/fr\/wp-json\/wp\/v2\/product_cat?post=120847"},{"taxonomy":"product_tag","embeddable":true,"href":"https:\/\/gpl-love.com\/fr\/wp-json\/wp\/v2\/product_tag?post=120847"}],"curies":[{"name":"wp","href":"https:\/\/api.w.org\/{rel}","templated":true}]}}