{"id":120845,"date":"2022-02-11T00:00:00","date_gmt":"2022-02-10T23:00:00","guid":{"rendered":"https:\/\/gpl-love.com\/fr\/produit\/mythemeshop-seekers-wordpress-theme\/"},"modified":"2026-04-10T18:33:15","modified_gmt":"2026-04-10T16:33:15","slug":"mythemeshop-seekers-wordpress-theme","status":"publish","type":"product","link":"https:\/\/gpl-love.com\/fr\/produit\/mythemeshop-seekers-wordpress-theme\/","title":{"rendered":"MyThemeShop Seekers WordPress Theme 1.1.4"},"content":{"rendered":"<h3>MyThemeShop Seekers WordPress Theme Traits<\/h3>\n<p>Le th\u00e8me WordPress des chercheurs de mythemeshop, r\u00e9put\u00e9 pour sa sophistication et sa modernit\u00e9, est sp\u00e9cifiquement adapt\u00e9 pour r\u00e9pondre aux besoins des blogueurs et des \u00e9crivains en ligne. Il sert de solution remarquable pour ceux qui aspirent \u00e0 \u00e9laborer un site Web engageant et visuellement captivant, le tout sans l&rsquo;exigence de prowesses de codage \u00e9tendues. Ce th\u00e8me poss\u00e8de une pl\u00e9thore d&rsquo;options personnalisables, allant de diverses dispositions de page d&rsquo;accueil \u00e0 un assortiment de widgets personnalis\u00e9s, et m\u00eame un constructeur de pages con\u00e7u intuitivement. De plus, son accent primordial sur l&rsquo;optimisation des moteurs de recherche et l&rsquo;adaptabilit\u00e9 transparente aux appareils mobiles garantit que votre site Web attire l&rsquo;attention et l&rsquo;accessibilit\u00e9 qu&rsquo;elle m\u00e9rite vraiment \u00e0 un public vaste et diversifi\u00e9. En raison de son esth\u00e9tique sophistiqu\u00e9e et de ses fonctionnalit\u00e9s conviviales, le th\u00e8me WordPress des chercheurs de mytheshop appara\u00eet comme le choix par excellence pour les personnes cherchant \u00e0 \u00e9lever leur pr\u00e9sence en ligne \u00e0 de nouveaux sommets.<\/p>\n<ul>\n<li>Conception enti\u00e8rement r\u00e9active compatible avec tous les appareils<\/li>\n<li>Plusieurs options de mise en page pour la personnalisation<\/li>\n<li>Optimis\u00e9 pour que SEO am\u00e9liore le classement des sites Web<\/li>\n<li>Construit avec du code propre et s\u00e9curis\u00e9 pour des temps de chargement plus rapides et des performances am\u00e9lior\u00e9es du site<\/li>\n<li>Gestion int\u00e9gr\u00e9e de publicit\u00e9 pour mon\u00e9tiser le trafic du site Web<\/li>\n<li>Panneau d&rsquo;options de th\u00e8me facile \u00e0 utiliser pour une personnalisation simple<\/li>\n<li>Prend en charge plusieurs formats de publication, y compris la vid\u00e9o, l&rsquo;audio et les galeries<\/li>\n<li>Livr\u00e9 avec plusieurs dispositions et widgets de page d&rsquo;accueil pr\u00e9d\u00e9finis<\/li>\n<li>Traduction pr\u00eate pour le public mondial<\/li>\n<li>Support client 24\/7 et documentation d\u00e9taill\u00e9e fournie.<\/li>\n<\/ul>\n","protected":false},"excerpt":{"rendered":"<p>Le th\u00e8me WordPress des chercheurs, d\u00e9velopp\u00e9 par MyTheShop, est un th\u00e8me extr\u00eamement con\u00e7u et de pointe qui s&rsquo;adresse sp\u00e9cifiquement aux blogueurs, aux photographes et aux professionnels cr\u00e9atifs. B\u00e9n\u00e9ficiant d&rsquo;une disposition visuellement attrayante et \u00e9l\u00e9gante, ce th\u00e8me offre des options de personnalisation in\u00e9gal\u00e9es pour votre page d&rsquo;accueil, vous permettant de pr\u00e9senter sans effort votre travail et de captiver votre public. De plus, sa nature adapt\u00e9e aux mobiles assure une exp\u00e9rience de navigation transparente pour les utilisateurs sur divers appareils. De plus, avec des fonctionnalit\u00e9s telles que l&rsquo;int\u00e9gration transparente avec les plateformes de m\u00e9dias sociaux, une disposition tr\u00e8s r\u00e9active et la possibilit\u00e9 d&rsquo;augmenter votre site avec des widgets personnalis\u00e9s, les chercheurs fournissent une vaste gamme d&rsquo;outils pour garantir que votre site Web se d\u00e9marque du concours. Que vous vous lanciez dans une nouvelle entreprise de blogs ou que vous cherchiez \u00e0 r\u00e9organiser votre pr\u00e9sence en ligne existante, les chercheurs de mythemeshop apparaissent comme le choix ultime, offrant un th\u00e8me WordPress raffin\u00e9 et convivial qui d\u00e9passera sans aucun doute vos attentes.<\/p>\n","protected":false},"featured_media":144693,"comment_status":"open","ping_status":"open","template":"","meta":[],"product_brand":[2601],"product_cat":[1242,1212,1213],"product_tag":[1309],"class_list":{"0":"post-120845","1":"product","2":"type-product","3":"status-publish","4":"has-post-thumbnail","6":"product_brand-my-theme-shop","7":"product_cat-creatif","8":"product_cat-themes","9":"product_cat-wordpress-themes","10":"product_tag-my-theme-shop","11":"member-discount","12":"discount-restricted","14":"first","15":"instock","16":"sale","17":"downloadable","18":"virtual","19":"sold-individually","20":"purchasable","21":"product-type-simple"},"_links":{"self":[{"href":"https:\/\/gpl-love.com\/fr\/wp-json\/wp\/v2\/product\/120845","targetHints":{"allow":["GET"]}}],"collection":[{"href":"https:\/\/gpl-love.com\/fr\/wp-json\/wp\/v2\/product"}],"about":[{"href":"https:\/\/gpl-love.com\/fr\/wp-json\/wp\/v2\/types\/product"}],"replies":[{"embeddable":true,"href":"https:\/\/gpl-love.com\/fr\/wp-json\/wp\/v2\/comments?post=120845"}],"wp:featuredmedia":[{"embeddable":true,"href":"https:\/\/gpl-love.com\/fr\/wp-json\/wp\/v2\/media\/144693"}],"wp:attachment":[{"href":"https:\/\/gpl-love.com\/fr\/wp-json\/wp\/v2\/media?parent=120845"}],"wp:term":[{"taxonomy":"product_brand","embeddable":true,"href":"https:\/\/gpl-love.com\/fr\/wp-json\/wp\/v2\/product_brand?post=120845"},{"taxonomy":"product_cat","embeddable":true,"href":"https:\/\/gpl-love.com\/fr\/wp-json\/wp\/v2\/product_cat?post=120845"},{"taxonomy":"product_tag","embeddable":true,"href":"https:\/\/gpl-love.com\/fr\/wp-json\/wp\/v2\/product_tag?post=120845"}],"curies":[{"name":"wp","href":"https:\/\/api.w.org\/{rel}","templated":true}]}}