{"id":120816,"date":"2025-10-18T00:00:00","date_gmt":"2025-10-17T22:00:00","guid":{"rendered":"https:\/\/gpl-love.com\/fr\/produit\/woocommerce-twilio-sms-notifications\/"},"modified":"2026-03-20T23:48:13","modified_gmt":"2026-03-20T22:48:13","slug":"woocommerce-twilio-sms-notifications","status":"publish","type":"product","link":"https:\/\/gpl-love.com\/fr\/produit\/woocommerce-twilio-sms-notifications\/","title":{"rendered":"WooCommerce Twilio SMS Notifications 1.19.3"},"content":{"rendered":"<h3>WooCommerce Twilio SMS Notifications Traits<\/h3>\n<p>Les notifications WooCommerce Twilio SMS sont un outil incroyablement puissant qui sert de catalyseur aux propri\u00e9taires de magasins en ligne, en les aidant \u00e0 am\u00e9liorer leur service client en envoyant de mani\u00e8re transparente des notifications SMS aux clients concernant leurs commandes. Cette int\u00e9gration avec WooCommerce accorde aux propri\u00e9taires de magasins la commodit\u00e9 de configurer et d&rsquo;envoyer des notifications SMS personnalis\u00e9es aux clients, leur offrant des mises \u00e0 jour en temps opportun sur les statuts de leur commande, qu&rsquo;il s&rsquo;agisse d&rsquo;exp\u00e9dition, de livraison ou m\u00eame d&rsquo;annulation. En exploitant les capacit\u00e9s de la robuste plate-forme de messagerie de Twilio, ces notifications sont rapidement et de mani\u00e8re fiable, servant de moyen exceptionnel de tenir les clients inform\u00e9s et activement engag\u00e9s. De plus, le plugin propose une interface conviviale, facilitant les propri\u00e9taires de magasins dans la personnalisation de leurs notifications SMS et leur infusant des messages sp\u00e9cifiques \u00e0 la marque, aboutissant \u00e0 un degr\u00e9 accru de satisfaction client. Succinctement mis, les notifications WooCommerce Twilio SMS jouent un r\u00f4le pivot dans la permettant aux entreprises en ligne de offrir une exp\u00e9rience client in\u00e9gal\u00e9e, car elle am\u00e9liore simultan\u00e9ment l&rsquo;efficacit\u00e9 op\u00e9rationnelle du magasin.<\/p>\n<ul>\n<li>Permet aux magasins en ligne d&rsquo;int\u00e9grer les notifications SMS via la populaire plateforme Twilio<\/li>\n<li>Envoie des mises \u00e0 jour en temps r\u00e9el aux clients via SMS lorsque leur commande est trait\u00e9e, exp\u00e9di\u00e9e ou livr\u00e9e<\/li>\n<li>Fournit un moyen pratique et fiable pour les commer\u00e7ants de notifier instantan\u00e9ment les clients, r\u00e9duisant les demandes des clients et augmentant la satisfaction<\/li>\n<li>Les mod\u00e8les de messages personnalisables permettent aux commer\u00e7ants d&rsquo;adapter les messages \u00e0 leur marque et \u00e0 leur client\u00e8le<\/li>\n<li>Permet le suivi et la d\u00e9claration des notifications SMS pour une analyse et une optimisation de la communication am\u00e9lior\u00e9es<\/li>\n<li>Processus d&rsquo;installation et de configuration facile sans aucune exp\u00e9rience de codage requise<\/li>\n<li>Compatible avec toutes les versions WooCommerce pour l&rsquo;int\u00e9gration transparente dans les magasins en ligne<\/li>\n<\/ul>\n","protected":false},"excerpt":{"rendered":"<p>Le plugin de notifications WooCommerce Twilio SMS, qui est sp\u00e9cialement con\u00e7u pour am\u00e9liorer l&rsquo;exp\u00e9rience client, fournit une solution rationalis\u00e9e et efficace pour tenir les clients inform\u00e9s de leur \u00e9tat de commande. En utilisant ce puissant plugin, les entreprises peuvent envoyer sans effort des notifications SMS \u00e0 leurs clients, englobant des mises \u00e0 jour vitales telles que les notifications d&rsquo;exp\u00e9dition, la confirmation de commande et les alertes de livraison. Ce plugin riche en fonctionnalit\u00e9s est particuli\u00e8rement avantageux pour les entreprises qui s&rsquo;efforcent d&rsquo;\u00e9tablir des canaux de communication rapides et fiables avec leur client\u00e8le. Avec la mise en \u0153uvre des notifications WooCommerce Twilio SMS, les entreprises peuvent augmenter les niveaux de satisfaction des clients tout en att\u00e9nuant simultan\u00e9ment le fardeau de leur \u00e9quipe de service \u00e0 la client\u00e8le.<\/p>\n","protected":false},"featured_media":146052,"comment_status":"open","ping_status":"open","template":"","meta":[],"product_brand":[2440],"product_cat":[1200,1182,1181],"product_tag":[1398],"class_list":{"0":"post-120816","1":"product","2":"type-product","3":"status-publish","4":"has-post-thumbnail","6":"product_brand-woocommerce","7":"product_cat-commercialisation","8":"product_cat-commerce-electronique-plugins","9":"product_cat-plugins","10":"product_tag-woocommerce","11":"member-discount","12":"discount-restricted","14":"first","15":"instock","16":"sale","17":"downloadable","18":"virtual","19":"sold-individually","20":"purchasable","21":"product-type-simple"},"_links":{"self":[{"href":"https:\/\/gpl-love.com\/fr\/wp-json\/wp\/v2\/product\/120816","targetHints":{"allow":["GET"]}}],"collection":[{"href":"https:\/\/gpl-love.com\/fr\/wp-json\/wp\/v2\/product"}],"about":[{"href":"https:\/\/gpl-love.com\/fr\/wp-json\/wp\/v2\/types\/product"}],"replies":[{"embeddable":true,"href":"https:\/\/gpl-love.com\/fr\/wp-json\/wp\/v2\/comments?post=120816"}],"wp:featuredmedia":[{"embeddable":true,"href":"https:\/\/gpl-love.com\/fr\/wp-json\/wp\/v2\/media\/146052"}],"wp:attachment":[{"href":"https:\/\/gpl-love.com\/fr\/wp-json\/wp\/v2\/media?parent=120816"}],"wp:term":[{"taxonomy":"product_brand","embeddable":true,"href":"https:\/\/gpl-love.com\/fr\/wp-json\/wp\/v2\/product_brand?post=120816"},{"taxonomy":"product_cat","embeddable":true,"href":"https:\/\/gpl-love.com\/fr\/wp-json\/wp\/v2\/product_cat?post=120816"},{"taxonomy":"product_tag","embeddable":true,"href":"https:\/\/gpl-love.com\/fr\/wp-json\/wp\/v2\/product_tag?post=120816"}],"curies":[{"name":"wp","href":"https:\/\/api.w.org\/{rel}","templated":true}]}}