{"id":120814,"date":"2021-12-28T00:00:00","date_gmt":"2021-12-27T23:00:00","guid":{"rendered":"https:\/\/gpl-love.com\/fr\/produit\/mythemeshop-reactor-wordpress-theme\/"},"modified":"2026-03-20T23:27:10","modified_gmt":"2026-03-20T22:27:10","slug":"mythemeshop-reactor-wordpress-theme","status":"publish","type":"product","link":"https:\/\/gpl-love.com\/fr\/produit\/mythemeshop-reactor-wordpress-theme\/","title":{"rendered":"MyThemeShop Reactor WordPress Theme 1.1.3"},"content":{"rendered":"<h3>MyThemeShop Reactor WordPress Theme Traits<\/h3>\n<p>Le th\u00e8me du r\u00e9acteur WordPress, d\u00e9velopp\u00e9 par MyTheShop, est un exemple d&rsquo;un mod\u00e8le de site Web contemporain et chic qui r\u00e9pond aux besoins des blogueurs, des entreprises et des magasins en ligne. Sa caract\u00e9ristique de pointe est sa conception r\u00e9active, permettant une accessibilit\u00e9 fluide \u00e0 travers une pl\u00e9thore d&rsquo;appareils. De plus, ce th\u00e8me propose un assortiment d&rsquo;options de personnalisation, qui comprend une s\u00e9lection illimit\u00e9e de sch\u00e9mas de couleurs, de widgets personnalisables et de choix de polices diverses. Remarquablement, le th\u00e8me du r\u00e9acteur a \u00e9galement \u00e9t\u00e9 optimis\u00e9 pour les moteurs de recherche, garantissant une visibilit\u00e9 accrue et une port\u00e9e de votre contenu. De plus, il poss\u00e8de des boutons de partage social int\u00e9gr\u00e9s, facilitant la diffusion de votre contenu \u00e0 un public plus large. Notamment, ce th\u00e8me est salu\u00e9 pour son interface conviviale, ce qui le rend accessible m\u00eame aux novices. En outre, le th\u00e8me est \u00e9quip\u00e9 d&rsquo;un tableau de dispositions de d\u00e9monstration pr\u00e9-con\u00e7ues, offrant aux utilisateurs la commodit\u00e9 d&rsquo;importer ces dispositions en quelques clics. Avec le th\u00e8me WordPress du r\u00e9acteur, la t\u00e2che de cr\u00e9er un site Web de qualit\u00e9 professionnelle est consid\u00e9rablement acc\u00e9l\u00e9r\u00e9e.<\/p>\n<ul>\n<li>Design moderne avec une disposition propre et r\u00e9active<\/li>\n<li>Optimis\u00e9 pour la vitesse et le r\u00e9f\u00e9rencement pour assurer le classement sup\u00e9rieur des moteurs de recherche et les temps de chargement rapide<\/li>\n<li>Options de conception personnalisables, y compris les sch\u00e9mas de couleurs et les polices illimit\u00e9s<\/li>\n<li>Plusieurs options de mise en page \u00e0 choisir pour un contr\u00f4le cr\u00e9atif complet<\/li>\n<li>Syst\u00e8me de gestion de publicit\u00e9 int\u00e9gr\u00e9 pour une mon\u00e9tisation facile<\/li>\n<li>Panneau d&rsquo;options de th\u00e8me avanc\u00e9 pour une configuration et une personnalisation faciles<\/li>\n<li>Compatibilit\u00e9 entre les navigateurs et conception enti\u00e8rement r\u00e9active pour tous les appareils<\/li>\n<li>Int\u00e9gration avec des plugins populaires, y compris WooCommerce et Yoast SEO<\/li>\n<li>\u00c9quipe d&rsquo;assistance d\u00e9di\u00e9e \u00e0 toute question ou probl\u00e8me<\/li>\n<li>Installation en un clic pour la configuration et l&rsquo;utilisation sans tracas.<\/li>\n<\/ul>\n","protected":false},"excerpt":{"rendered":"<p>Le th\u00e8me WordPress du r\u00e9acteur mytheshop, caract\u00e9ris\u00e9 par sa nature \u00e9l\u00e9gante et polyvalente, se pr\u00e9sente comme un choix exquis pour les personnes cherchant \u00e0 construire un site Web contemporain et adaptable. Le design intuitif de ce th\u00e8me coupl\u00e9 \u00e0 son impressionnant gamme de fonctionnalit\u00e9s facilite la personnalisation sans effort de votre site, vous permettant de montrer votre contenu de mani\u00e8re polie et sophistiqu\u00e9e. Que votre objectif implique d&rsquo;\u00e9tablir un blog, une plate-forme de commerce \u00e9lectronique ou toute autre entreprise sur le Web, le th\u00e8me du r\u00e9acteur offre un arsenal d&rsquo;outils qui augmenteront sans aucun doute l&rsquo;apparence et la fonctionnalit\u00e9 de votre site Web \u00e0 des hauteurs sans pr\u00e9c\u00e9dent. Par cons\u00e9quent, pourquoi retarder? Saisissez l&rsquo;opportunit\u00e9 d&rsquo;explorer les possibilit\u00e9s illimit\u00e9es pr\u00e9sent\u00e9es par MytheMeshop Reactor et de propulser ainsi votre pr\u00e9sence en ligne dans un \u00e9chelon enti\u00e8rement nouveau.<\/p>\n","protected":false},"featured_media":144687,"comment_status":"open","ping_status":"open","template":"","meta":[],"product_brand":[2601],"product_cat":[1242,1212,1213],"product_tag":[1309],"class_list":{"0":"post-120814","1":"product","2":"type-product","3":"status-publish","4":"has-post-thumbnail","6":"product_brand-my-theme-shop","7":"product_cat-creatif","8":"product_cat-themes","9":"product_cat-wordpress-themes","10":"product_tag-my-theme-shop","11":"member-discount","12":"discount-restricted","14":"first","15":"instock","16":"sale","17":"downloadable","18":"virtual","19":"sold-individually","20":"purchasable","21":"product-type-simple"},"_links":{"self":[{"href":"https:\/\/gpl-love.com\/fr\/wp-json\/wp\/v2\/product\/120814","targetHints":{"allow":["GET"]}}],"collection":[{"href":"https:\/\/gpl-love.com\/fr\/wp-json\/wp\/v2\/product"}],"about":[{"href":"https:\/\/gpl-love.com\/fr\/wp-json\/wp\/v2\/types\/product"}],"replies":[{"embeddable":true,"href":"https:\/\/gpl-love.com\/fr\/wp-json\/wp\/v2\/comments?post=120814"}],"wp:featuredmedia":[{"embeddable":true,"href":"https:\/\/gpl-love.com\/fr\/wp-json\/wp\/v2\/media\/144687"}],"wp:attachment":[{"href":"https:\/\/gpl-love.com\/fr\/wp-json\/wp\/v2\/media?parent=120814"}],"wp:term":[{"taxonomy":"product_brand","embeddable":true,"href":"https:\/\/gpl-love.com\/fr\/wp-json\/wp\/v2\/product_brand?post=120814"},{"taxonomy":"product_cat","embeddable":true,"href":"https:\/\/gpl-love.com\/fr\/wp-json\/wp\/v2\/product_cat?post=120814"},{"taxonomy":"product_tag","embeddable":true,"href":"https:\/\/gpl-love.com\/fr\/wp-json\/wp\/v2\/product_tag?post=120814"}],"curies":[{"name":"wp","href":"https:\/\/api.w.org\/{rel}","templated":true}]}}