{"id":120812,"date":"2021-12-28T00:00:00","date_gmt":"2021-12-27T23:00:00","guid":{"rendered":"https:\/\/gpl-love.com\/fr\/produit\/mythemeshop-fresh-wordpress-theme\/"},"modified":"2026-03-20T23:26:49","modified_gmt":"2026-03-20T22:26:49","slug":"mythemeshop-fresh-wordpress-theme","status":"publish","type":"product","link":"https:\/\/gpl-love.com\/fr\/produit\/mythemeshop-fresh-wordpress-theme\/","title":{"rendered":"MyThemeShop Fresh WordPress Theme 1.1.1"},"content":{"rendered":"<h3>MyThemeShop Fresh WordPress Theme Traits<\/h3>\n<p>Le th\u00e8me WordPress MyTheShop Fresh propose un design \u00e9l\u00e9gant et moderne, d\u00e9gageant une aura de fra\u00eecheur et de propret\u00e9 qui ne captiver pas et captivait tout visiteur de votre site Web. Non seulement il offre un \u00e9ventail d&rsquo;options de personnalisation pour r\u00e9pondre \u00e0 vos pr\u00e9f\u00e9rences et exigences uniques sans effort, mais cela met \u00e9galement l&rsquo;accent sur la vitesse et l&rsquo;optimisation des moteurs de recherche, garantissant des temps de chargement rapides et des classements favorables sur les moteurs de recherche populaires. De plus, ce th\u00e8me remarquable pr\u00e9sente une r\u00e9activit\u00e9 compl\u00e8te, garantissant son attrait visuel remarquable sur tout appareil imaginable, que ce soit un bureau conventionnel ou un t\u00e9l\u00e9phone mobile de pointe. En raison de son interface intuitive et conviviale coupl\u00e9e \u00e0 sa myriade de fonctionnalit\u00e9s puissantes, le th\u00e8me WordPress MyTheShop Fresh repr\u00e9sente un choix exceptionnel pour les personnes cherchant \u00e0 cr\u00e9er un site Web professionnel et esth\u00e9tique.<\/p>\n<ul>\n<li>Conception hautement personnalisable et enti\u00e8rement r\u00e9active<\/li>\n<li>Comprend plusieurs options de disposition de page d&rsquo;accueil<\/li>\n<li>Syst\u00e8me de gestion de publicit\u00e9 int\u00e9gr\u00e9 pour mon\u00e9tiser votre site Web<\/li>\n<li>Fonctionnalit\u00e9s avanc\u00e9es pour am\u00e9liorer la vitesse du site Web et le r\u00e9f\u00e9rencement<\/li>\n<li>Boutons de partage des m\u00e9dias sociaux int\u00e9gr\u00e9s<\/li>\n<li>Widgets et raccourcis personnalis\u00e9s pour une cr\u00e9ation de contenu facile<\/li>\n<li>Importation de d\u00e9monstration en un clic pour avoir commenc\u00e9 rapidement<\/li>\n<li>\u00c9quipe de support d\u00e9di\u00e9e disponible 24\/7<\/li>\n<li>Compatible avec tous les principaux navigateurs et plugins WordPress<\/li>\n<li>Acc\u00e8s \u00e0 vie \u00e0 toutes les mises \u00e0 jour du th\u00e8me et aux nouvelles fonctionnalit\u00e9s<\/li>\n<\/ul>\n","protected":false},"excerpt":{"rendered":"<p>Le th\u00e8me WordPress de MyTheMeshop, affichant son \u00e9l\u00e9gance et sa modernit\u00e9, appara\u00eet comme un choix exquis pour chaque site Web, quelle que soit sa nature. Sa r\u00e9activit\u00e9 permet une adaptabilit\u00e9 transparente sur divers appareils, tandis que la pl\u00e9thore d&rsquo;options personnalisables permet aux utilisateurs d&rsquo;adapter leur site \u00e0 la perfection. Le code m\u00e9ticuleusement con\u00e7u garantit des performances optimales, ce qui entra\u00eene une exp\u00e9rience de navigation transparente. Ravimente par les utilisateurs avec sa gamme de sections et de dispositions pr\u00e9d\u00e9finies, ce th\u00e8me permet sans effort la cr\u00e9ation d&rsquo;une esth\u00e9tique distincte et personnalis\u00e9e sans avoir besoin d&rsquo;une expertise de codage. En am\u00e9liorant davantage ses fonctionnalit\u00e9s, le th\u00e8me int\u00e8gre de mani\u00e8re transparente le partage des m\u00e9dias sociaux, renforce l&rsquo;optimisation du r\u00e9f\u00e9rencement et garantit des vitesses de chargement rapides, qui ont tous abouti \u00e0 une exp\u00e9rience utilisateur am\u00e9lior\u00e9e. \u00c9levez votre site Web \u00e0 de nouveaux sommets de sophistication et de convivialit\u00e9 avec le th\u00e8me WordPress frais \u00e9l\u00e9gamment \u00e9l\u00e9gant et convivial.<\/p>\n","protected":false},"featured_media":144664,"comment_status":"open","ping_status":"open","template":"","meta":[],"product_brand":[2601],"product_cat":[1606,1212,1213],"product_tag":[1309],"class_list":{"0":"post-120812","1":"product","2":"type-product","3":"status-publish","4":"has-post-thumbnail","6":"product_brand-my-theme-shop","7":"product_cat-restauration-et-restaurant","8":"product_cat-themes","9":"product_cat-wordpress-themes","10":"product_tag-my-theme-shop","11":"member-discount","12":"discount-restricted","14":"first","15":"instock","16":"sale","17":"downloadable","18":"virtual","19":"sold-individually","20":"purchasable","21":"product-type-simple"},"_links":{"self":[{"href":"https:\/\/gpl-love.com\/fr\/wp-json\/wp\/v2\/product\/120812","targetHints":{"allow":["GET"]}}],"collection":[{"href":"https:\/\/gpl-love.com\/fr\/wp-json\/wp\/v2\/product"}],"about":[{"href":"https:\/\/gpl-love.com\/fr\/wp-json\/wp\/v2\/types\/product"}],"replies":[{"embeddable":true,"href":"https:\/\/gpl-love.com\/fr\/wp-json\/wp\/v2\/comments?post=120812"}],"wp:featuredmedia":[{"embeddable":true,"href":"https:\/\/gpl-love.com\/fr\/wp-json\/wp\/v2\/media\/144664"}],"wp:attachment":[{"href":"https:\/\/gpl-love.com\/fr\/wp-json\/wp\/v2\/media?parent=120812"}],"wp:term":[{"taxonomy":"product_brand","embeddable":true,"href":"https:\/\/gpl-love.com\/fr\/wp-json\/wp\/v2\/product_brand?post=120812"},{"taxonomy":"product_cat","embeddable":true,"href":"https:\/\/gpl-love.com\/fr\/wp-json\/wp\/v2\/product_cat?post=120812"},{"taxonomy":"product_tag","embeddable":true,"href":"https:\/\/gpl-love.com\/fr\/wp-json\/wp\/v2\/product_tag?post=120812"}],"curies":[{"name":"wp","href":"https:\/\/api.w.org\/{rel}","templated":true}]}}