{"id":120792,"date":"2026-04-07T00:00:00","date_gmt":"2026-04-06T22:00:00","guid":{"rendered":"https:\/\/gpl-love.com\/fr\/produit\/wpfunnels-pro-sales-funnel-builder-pour-wordpress\/"},"modified":"2026-04-08T00:30:56","modified_gmt":"2026-04-07T22:30:56","slug":"wpfunnels-pro-sales-funnel-builder-pour-wordpress","status":"publish","type":"product","link":"https:\/\/gpl-love.com\/fr\/produit\/wpfunnels-pro-sales-funnel-builder-pour-wordpress\/","title":{"rendered":"WPFunnels Pro Sales Funnel Builder pour WordPress 2.9.0"},"content":{"rendered":"<h3>WPFunnels Pro Sales Funnel Builder pour WordPress Traits<\/h3>\n<p>Le constructeur de l&rsquo;entonnoir des ventes de WPFunnels Pro appara\u00eet comme un plugin WordPress extr\u00eamement sophistiqu\u00e9 et influent fa\u00e7on d\u00e9lib\u00e9r\u00e9ment fa\u00e7onn\u00e9 pour faciliter la construction sans effort et sans trouble d&rsquo;entonnoirs de vente. Il offre une vaste gamme de mod\u00e8les pr\u00eats \u00e0 l&#8217;emploi et la commodit\u00e9 des fonctionnalit\u00e9s de glisser-d\u00e9poser, permettant ainsi aux utilisateurs de fa\u00e7onner rapidement des entonnoirs de vente personnalis\u00e9s qui incarnent impeccablement leurs programmes de marque et de marketing. De plus, ce plugin pr\u00e9sente fi\u00e8rement une myriade de fonctionnalit\u00e9s remarquables, englobant les tests A \/ B, le suivi de la conversion et l&rsquo;amalgamation transparente avec des outils tiers renomm\u00e9s tels que MailChimp, Stripe et PayPal. En b\u00e9n\u00e9ficiant des capacit\u00e9s remarquables de WPFunnels Pro, les entreprises peuvent rationaliser efficacement leurs processus de vente, augmenter leurs taux de conversion et finalement amplifier leurs gains mon\u00e9taires.<\/p>\n<ul>\n<li>Le constructeur de l&rsquo;entonnoir de vente ultime pour WordPress, con\u00e7u pour vous aider \u00e0 augmenter les conversions et les revenus.<\/li>\n<li>Cr\u00e9ez des entonnoirs de vente \u00e9poustouflants avec une facilit\u00e9 de glisser-d\u00e9poser, aucun codage requis.<\/li>\n<li>Choisissez parmi une vari\u00e9t\u00e9 de mod\u00e8les pr\u00e9-con\u00e7us ou construisez votre propre entonnoir unique \u00e0 partir de z\u00e9ro.<\/li>\n<li>Int\u00e9grez facilement aux passerelles de paiement populaires comme Stripe, PayPal, etc.<\/li>\n<li>Cr\u00e9ez des pages de paiement personnalis\u00e9es optimis\u00e9es pour des conversions maximales.<\/li>\n<li>Envoyez automatiquement les e-mails de suivi \u00e0 vos clients pour augmenter les ventes et renforcer votre marque.<\/li>\n<li>Obtenez un contr\u00f4le complet sur votre entonnoir avec des options de personnalisation avanc\u00e9es, y compris les tests A \/ B et l&rsquo;analyse.<\/li>\n<li>Utilisez la puissance de WPFunnels Pro pour faire monter en fl\u00e8che vos ventes et faire passer votre entreprise au niveau sup\u00e9rieur.<\/li>\n<\/ul>\n","protected":false},"excerpt":{"rendered":"<p>WPFunnels Pro, un constructeur d&rsquo;entonnoir de vente extr\u00eamement puissant con\u00e7u sp\u00e9cifiquement pour WordPress, permet aux entreprises de construire sans effort des entonnoirs de vente qui donnent des taux de conversion exceptionnels, le tout sans n\u00e9cessiter aucune expertise de codage ou technique. Dot\u00e9 d&rsquo;une interface de glisser-d\u00e9poser incroyablement conviviale, les utilisateurs peuvent g\u00e9n\u00e9rer rapidement et sans effort sans effort des pages de destination, des formulaires d&rsquo;opt-in, des bosses de commande, des ventes ascendantes et des abaisses. De plus, cet outil remarquable offre une vaste gamme d&rsquo;int\u00e9grations avec des plateformes de marketing et de paiement renomm\u00e9es, assurant ainsi une assimilation sans faille avec vos syst\u00e8mes pr\u00e9existants. Que vous vous retrouviez \u00e0 vous lancer dans une entreprise pour introduire un produit innovant ou s&rsquo;efforcer d&rsquo;am\u00e9liorer l&rsquo;efficacit\u00e9 de votre processus de vente, WPFunnels Pro sert de solution par excellence pour augmenter vos chiffres de vente et favoriser la croissance de votre entreprise.<\/p>\n","protected":false},"featured_media":146281,"comment_status":"open","ping_status":"open","template":"","meta":[],"product_brand":[2743],"product_cat":[1207,1181,1186],"product_tag":[2374],"class_list":{"0":"post-120792","1":"product","2":"type-product","3":"status-publish","4":"has-post-thumbnail","6":"product_brand-wpfunnels","7":"product_cat-commercialisation-wordpress-plugins","8":"product_cat-plugins","9":"product_cat-wordpress-plugins","10":"product_tag-wpfunnels","11":"member-discount","12":"discount-restricted","14":"first","15":"instock","16":"sale","17":"downloadable","18":"virtual","19":"sold-individually","20":"purchasable","21":"product-type-simple"},"_links":{"self":[{"href":"https:\/\/gpl-love.com\/fr\/wp-json\/wp\/v2\/product\/120792","targetHints":{"allow":["GET"]}}],"collection":[{"href":"https:\/\/gpl-love.com\/fr\/wp-json\/wp\/v2\/product"}],"about":[{"href":"https:\/\/gpl-love.com\/fr\/wp-json\/wp\/v2\/types\/product"}],"replies":[{"embeddable":true,"href":"https:\/\/gpl-love.com\/fr\/wp-json\/wp\/v2\/comments?post=120792"}],"wp:featuredmedia":[{"embeddable":true,"href":"https:\/\/gpl-love.com\/fr\/wp-json\/wp\/v2\/media\/146281"}],"wp:attachment":[{"href":"https:\/\/gpl-love.com\/fr\/wp-json\/wp\/v2\/media?parent=120792"}],"wp:term":[{"taxonomy":"product_brand","embeddable":true,"href":"https:\/\/gpl-love.com\/fr\/wp-json\/wp\/v2\/product_brand?post=120792"},{"taxonomy":"product_cat","embeddable":true,"href":"https:\/\/gpl-love.com\/fr\/wp-json\/wp\/v2\/product_cat?post=120792"},{"taxonomy":"product_tag","embeddable":true,"href":"https:\/\/gpl-love.com\/fr\/wp-json\/wp\/v2\/product_tag?post=120792"}],"curies":[{"name":"wp","href":"https:\/\/api.w.org\/{rel}","templated":true}]}}