{"id":120783,"date":"2024-11-28T00:00:00","date_gmt":"2024-11-27T23:00:00","guid":{"rendered":"https:\/\/gpl-love.com\/fr\/produit\/ultimate-member-private-messages\/"},"modified":"2026-03-20T23:41:50","modified_gmt":"2026-03-20T22:41:50","slug":"ultimate-member-private-messages","status":"publish","type":"product","link":"https:\/\/gpl-love.com\/fr\/produit\/ultimate-member-private-messages\/","title":{"rendered":"Ultimate Member Private Messages 2.4.2"},"content":{"rendered":"<h3>Ultimate Member Private Messages Traits<\/h3>\n<p>Les messages priv\u00e9s des membres ultimes servent de plugin tr\u00e8s sophistiqu\u00e9 qui vise \u00e0 \u00e9lever l&rsquo;exp\u00e9rience de communication sur votre site Web, en favorisant l&rsquo;interaction transparente entre les membres. En permettant aux individus d&rsquo;\u00e9changer des messages de mani\u00e8re priv\u00e9e et s\u00e9curis\u00e9e, il \u00e9tablit effectivement un canal qui garantit la plus grande confidentialit\u00e9. B\u00e9n\u00e9ficiant d&rsquo;une interface conviviale, ce plugin offre une facilit\u00e9 d&rsquo;utilisation in\u00e9gal\u00e9e, vous permettant de naviguer sans effort \u00e0 ses diff\u00e9rentes fonctionnalit\u00e9s. De plus, il offre des options de personnalisation approfondies, vous accordant ainsi une autonomie compl\u00e8te sur le syst\u00e8me de messagerie. Avec les messages priv\u00e9s des membres ultimes \u00e0 votre disposition, vous avez le pouvoir de d\u00e9terminer qui a la possibilit\u00e9 d&rsquo;envoyer des messages et \u00e0 qui. En incorporant ce plugin dans votre site Web, vous pouvez enrichir consid\u00e9rablement la dimension sociale et finalement fournir \u00e0 vos membres estim\u00e9s une exp\u00e9rience qui est \u00e0 la fois captivante et immersive.<\/p>\n<ul>\n<li>Syst\u00e8me de messagerie priv\u00e9 facile et rationalis\u00e9 pour les utilisateurs des membres ultimes<\/li>\n<li>Permet aux utilisateurs d&rsquo;envoyer et de recevoir des messages priv\u00e9s dans le m\u00eame site Web<\/li>\n<li>Pas besoin d&rsquo;utiliser des services de messagerie ou des plateformes de communication externes<\/li>\n<li>Peut \u00eatre utilis\u00e9 pour des conversations individuelles en t\u00eate-\u00e0-t\u00eate ou un chat de groupe<\/li>\n<li>Prend en charge le formatage de texte riche, y compris les liens, les images et les vid\u00e9os<\/li>\n<li>Syst\u00e8me de notification pour alerter les utilisateurs de nouveaux messages re\u00e7us<\/li>\n<li>Les administrateurs peuvent mod\u00e9rer et g\u00e9rer des messages priv\u00e9s pour le site Web<\/li>\n<li>Peut \u00eatre personnalis\u00e9 pour s&rsquo;adapter \u00e0 la marque et \u00e0 la conception du site Web<\/li>\n<li>Compatible avec les modules compl\u00e9mentaires et les extensions des membres ultimes.<\/li>\n<\/ul>\n","protected":false},"excerpt":{"rendered":"<p>Le plugin de messages priv\u00e9s de membres ultimes est un outil incroyablement robuste qui s&rsquo;int\u00e8gre de mani\u00e8re transparente \u00e0 la communaut\u00e9 des membres ultime, permettant aux membres de s&rsquo;engager dans une communication directe et hautement s\u00e9curis\u00e9e. B\u00e9n\u00e9ficiant d&rsquo;une interface \u00e9l\u00e9gante et intuitivement con\u00e7ue, il permet aux utilisateurs de lancer sans effort des conversations priv\u00e9es, d&rsquo;\u00e9changer des pi\u00e8ces jointes et d&rsquo;acc\u00e8s sans effort \u00e0 leurs archives de messages. Ce plugin riche en fonctionnalit\u00e9s sert d&rsquo;avenue sauvegard\u00e9e pour que les membres \u00e9tablissent des connexions significatives et communiquent efficacement entre elles dans les limites de votre communaut\u00e9 en ligne.<\/p>\n","protected":false},"featured_media":145640,"comment_status":"open","ping_status":"open","template":"","meta":[],"product_brand":[2679],"product_cat":[1300,1181,1186],"product_tag":[2296],"class_list":{"0":"post-120783","1":"product","2":"type-product","3":"status-publish","4":"has-post-thumbnail","6":"product_brand-ultimate-member","7":"product_cat-adhesion","8":"product_cat-plugins","9":"product_cat-wordpress-plugins","10":"product_tag-ultimate-member","11":"member-discount","12":"discount-restricted","14":"first","15":"instock","16":"sale","17":"downloadable","18":"virtual","19":"sold-individually","20":"purchasable","21":"product-type-simple"},"_links":{"self":[{"href":"https:\/\/gpl-love.com\/fr\/wp-json\/wp\/v2\/product\/120783","targetHints":{"allow":["GET"]}}],"collection":[{"href":"https:\/\/gpl-love.com\/fr\/wp-json\/wp\/v2\/product"}],"about":[{"href":"https:\/\/gpl-love.com\/fr\/wp-json\/wp\/v2\/types\/product"}],"replies":[{"embeddable":true,"href":"https:\/\/gpl-love.com\/fr\/wp-json\/wp\/v2\/comments?post=120783"}],"wp:featuredmedia":[{"embeddable":true,"href":"https:\/\/gpl-love.com\/fr\/wp-json\/wp\/v2\/media\/145640"}],"wp:attachment":[{"href":"https:\/\/gpl-love.com\/fr\/wp-json\/wp\/v2\/media?parent=120783"}],"wp:term":[{"taxonomy":"product_brand","embeddable":true,"href":"https:\/\/gpl-love.com\/fr\/wp-json\/wp\/v2\/product_brand?post=120783"},{"taxonomy":"product_cat","embeddable":true,"href":"https:\/\/gpl-love.com\/fr\/wp-json\/wp\/v2\/product_cat?post=120783"},{"taxonomy":"product_tag","embeddable":true,"href":"https:\/\/gpl-love.com\/fr\/wp-json\/wp\/v2\/product_tag?post=120783"}],"curies":[{"name":"wp","href":"https:\/\/api.w.org\/{rel}","templated":true}]}}