{"id":120781,"date":"2025-12-07T00:00:00","date_gmt":"2025-12-06T23:00:00","guid":{"rendered":"https:\/\/gpl-love.com\/fr\/produit\/ultimate-member-social-activity\/"},"modified":"2026-04-10T18:44:13","modified_gmt":"2026-04-10T16:44:13","slug":"ultimate-member-social-activity","status":"publish","type":"product","link":"https:\/\/gpl-love.com\/fr\/produit\/ultimate-member-social-activity\/","title":{"rendered":"Ultimate Member Social Activity 2.4.0"},"content":{"rendered":"<h3>Ultimate Member Social Activity Traits<\/h3>\n<p>Le plugin WordPress incroyablement \u00e9tendu connu sous le nom d&rsquo;activit\u00e9 sociale ultime donne aux utilisateurs la possibilit\u00e9 de construire et de maintenir sans effort les r\u00e9seaux sociaux. Ce plugin exceptionnel s&rsquo;int\u00e8gre parfaitement au plugin d&rsquo;adh\u00e9sion WordPress tr\u00e8s appr\u00e9ci\u00e9, membre ultime. Les utilisateurs sont autoris\u00e9s \u00e0 g\u00e9n\u00e9rer et \u00e0 superviser une vari\u00e9t\u00e9 de r\u00e9seaux sociaux, y compris des groupes, des forums et des messages priv\u00e9s, gr\u00e2ce aux capacit\u00e9s remarquables de l&rsquo;activit\u00e9 sociale des membres ultimes. En outre, ce plugin extraordinaire est \u00e9quip\u00e9 de flux d&rsquo;activit\u00e9 qui permettent aux utilisateurs de partager sans effort des mises \u00e0 jour, des photos et des vid\u00e9os. De plus, cet outil remarquable poss\u00e8de des outils de mod\u00e9ration robustes qui permettent aux administrateurs de surveiller et de g\u00e9rer avec diligence l&rsquo;activit\u00e9 des utilisateurs au sein du r\u00e9seau social. Sans aucun doute, l&rsquo;activit\u00e9 sociale des membres ultimes est une option vraiment exceptionnelle pour les entreprises, les organisations et les personnes qui cherchent \u00e0 construire des communaut\u00e9s en ligne prosp\u00e8res.<\/p>\n<ul>\n<li>Permet aux utilisateurs de s&rsquo;engager dans l&rsquo;activit\u00e9 sociale sur votre site Web \u00e0 l&rsquo;aide du plugin Ultimate Member.<\/li>\n<li>Permet aux utilisateurs de cr\u00e9er et de participer \u00e0 des groupes, des forums, des \u00e9v\u00e9nements et des messages priv\u00e9s.<\/li>\n<li>Fournit un flux d&rsquo;activit\u00e9 complet qui affiche toutes les interactions et mises \u00e0 jour de l&rsquo;utilisateur en temps r\u00e9el.<\/li>\n<li>Offre un contr\u00f4le complet sur les autorisations utilisateur pour la cr\u00e9ation de contenu, la mod\u00e9ration et l&rsquo;acc\u00e8s.<\/li>\n<li>Fournit des options de personnalisation pour la disposition des flux d&rsquo;activit\u00e9s, les profils, les param\u00e8tres de confidentialit\u00e9 et les notifications.<\/li>\n<li>S&rsquo;int\u00e8gre aux plateformes de m\u00e9dias sociaux populaires, telles que Facebook et Twitter.<\/li>\n<li>Fournit une compatibilit\u00e9 transparente avec d&rsquo;autres addons de membres ultimes pour am\u00e9liorer les capacit\u00e9s sociales de votre site Web.<\/li>\n<\/ul>\n","protected":false},"excerpt":{"rendered":"<p>Le plugin d&rsquo;activit\u00e9 sociale ultime est une solution globale qui am\u00e9liore consid\u00e9rablement le niveau d&rsquo;interaction sociale et d&rsquo;engagement sur votre site Web WordPress. En incorporant ce plugin, vos utilisateurs auront la possibilit\u00e9 de cr\u00e9er et de personnaliser leurs profils, d&rsquo;\u00e9tablir des connexions et de suivre les activit\u00e9s de leurs amis, de partager des mises \u00e0 jour et de laisser des commentaires, ainsi que de participer activement \u00e0 divers groupes et forums. Ce plugin pr\u00e9sente une interface tr\u00e8s conviviale, offrant une abondance de fonctionnalit\u00e9s de personnalisation, et s&rsquo;int\u00e8gre parfaitement \u00e0 une large gamme de plateformes de m\u00e9dias sociaux. En utilisant les puissantes capacit\u00e9s de l&rsquo;activit\u00e9 sociale des membres ultimes, vous pourrez \u00e9tablir une communaut\u00e9 en ligne dynamique et prosp\u00e8re, conduisant finalement \u00e0 des niveaux accrus d&rsquo;engagement des utilisateurs et \u00e0 une probabilit\u00e9 accrue de r\u00e9tention des utilisateurs sur votre site Web.<\/p>\n","protected":false},"featured_media":145643,"comment_status":"open","ping_status":"open","template":"","meta":[],"product_brand":[2679],"product_cat":[1300,1181,1186],"product_tag":[2296],"class_list":{"0":"post-120781","1":"product","2":"type-product","3":"status-publish","4":"has-post-thumbnail","6":"product_brand-ultimate-member","7":"product_cat-adhesion","8":"product_cat-plugins","9":"product_cat-wordpress-plugins","10":"product_tag-ultimate-member","11":"member-discount","12":"discount-restricted","14":"first","15":"instock","16":"sale","17":"downloadable","18":"virtual","19":"sold-individually","20":"purchasable","21":"product-type-simple"},"_links":{"self":[{"href":"https:\/\/gpl-love.com\/fr\/wp-json\/wp\/v2\/product\/120781","targetHints":{"allow":["GET"]}}],"collection":[{"href":"https:\/\/gpl-love.com\/fr\/wp-json\/wp\/v2\/product"}],"about":[{"href":"https:\/\/gpl-love.com\/fr\/wp-json\/wp\/v2\/types\/product"}],"replies":[{"embeddable":true,"href":"https:\/\/gpl-love.com\/fr\/wp-json\/wp\/v2\/comments?post=120781"}],"wp:featuredmedia":[{"embeddable":true,"href":"https:\/\/gpl-love.com\/fr\/wp-json\/wp\/v2\/media\/145643"}],"wp:attachment":[{"href":"https:\/\/gpl-love.com\/fr\/wp-json\/wp\/v2\/media?parent=120781"}],"wp:term":[{"taxonomy":"product_brand","embeddable":true,"href":"https:\/\/gpl-love.com\/fr\/wp-json\/wp\/v2\/product_brand?post=120781"},{"taxonomy":"product_cat","embeddable":true,"href":"https:\/\/gpl-love.com\/fr\/wp-json\/wp\/v2\/product_cat?post=120781"},{"taxonomy":"product_tag","embeddable":true,"href":"https:\/\/gpl-love.com\/fr\/wp-json\/wp\/v2\/product_tag?post=120781"}],"curies":[{"name":"wp","href":"https:\/\/api.w.org\/{rel}","templated":true}]}}