{"id":120779,"date":"2024-11-26T00:00:00","date_gmt":"2024-11-25T23:00:00","guid":{"rendered":"https:\/\/gpl-love.com\/fr\/produit\/ultimate-member-woocommerce\/"},"modified":"2026-03-28T23:30:59","modified_gmt":"2026-03-28T22:30:59","slug":"ultimate-member-woocommerce","status":"publish","type":"product","link":"https:\/\/gpl-love.com\/fr\/produit\/ultimate-member-woocommerce\/","title":{"rendered":"Ultimate Member WooCommerce 2.11.3"},"content":{"rendered":"<h3>Ultimate Member WooCommerce Traits<\/h3>\n<p>Le membre ultime WooCommerce est un plugin extr\u00eamement robuste qui \u00e9tablit une connexion entre deux plugins WordPress tr\u00e8s recherch\u00e9s, \u00e0 savoir un membre ultime et WooCommerce. Cette incroyable int\u00e9gration facilite la cr\u00e9ation d&rsquo;une exp\u00e9rience utilisateur in\u00e9gal\u00e9e dans laquelle les membres peuvent se procurer des marchandises sans effort et acc\u00e9der \u00e0 un contenu exclusif, le tout dans une seule plate-forme centralis\u00e9e. B\u00e9n\u00e9ficiant d&rsquo;une myriade de fonctionnalit\u00e9s remarquables telles que la fourniture de r\u00f4les d&rsquo;utilisateurs personnalis\u00e9es, des autorisations m\u00e9ticuleusement adapt\u00e9es aux produits individuels et la mise en \u0153uvre transparente des formulaires d&rsquo;inscription sur mesure, ce plugin permet aux propri\u00e9taires de sites Web de capitaliser sans effort sur leurs sites d&rsquo;adh\u00e9sion et d&rsquo;offrir de mani\u00e8re transparente leurs utilisateurs estim\u00e9s un Exp\u00e9rience de magasinage rationalis\u00e9e et sans tracas. Pr\u00e9sentant une nature conviviale qui simplifie \u00e0 la fois son installation et son utilisation, le membre ultime WooCommerce appara\u00eet comme le choix par excellence pour les entreprises, quelle que soit leur \u00e9chelle, aspirant \u00e0 augmenter leur pr\u00e9sence num\u00e9rique.<\/p>\n<ul>\n<li>Permet aux utilisateurs d&rsquo;acheter des extensions de membres ultimes directement aupr\u00e8s de WooCommerce.<\/li>\n<li>Int\u00e9gration simple et transparente du membre ultime et de WooCommerce.<\/li>\n<li>Permet aux utilisateurs de g\u00e9rer les extensions des membres ultimes du tableau de bord WooCommerce.<\/li>\n<li>Surveillez facilement les ventes, les commandes et les d\u00e9tails du client pour les extensions ultimes des membres.<\/li>\n<li>Automatise la cr\u00e9ation et la livraison des cl\u00e9s de licence pour les extensions des membres ultimes achet\u00e9s.<\/li>\n<li>Offre un processus de paiement convivial pour les clients qui cherchent \u00e0 acheter des extensions.<\/li>\n<li>Fournit une documentation d\u00e9taill\u00e9e et une prise en charge pour les membres ultimes et WooCommerce.<\/li>\n<\/ul>\n","protected":false},"excerpt":{"rendered":"<p>Le plugin ultime du membre WooCommerce est une solution exceptionnelle et in\u00e9gal\u00e9e qui r\u00e9pond aux besoins des propri\u00e9taires de magasins en ligne aspirant \u00e0 embellir et \u00e0 augmenter l&rsquo;exp\u00e9rience d&rsquo;achat de leurs clients estim\u00e9s dans une large mesure. S&rsquo;int\u00e9grant sans effort avec la plate-forme WooCommerce tr\u00e8s acclam\u00e9e et largement utilis\u00e9e, ce plugin permet aux utilisateurs de fabriquer sans effort un profil de membre complet, de surveiller et de retracer m\u00e9ticuleusement leurs march\u00e9s et d&rsquo;obtenir l&rsquo;admission \u00e0 un assortiment de contenu exclusif r\u00e9serv\u00e9 uniquement aux membres estim\u00e9s. En outre, dot\u00e9 d&rsquo;une interface tr\u00e8s intuitive et conviviale aux c\u00f4t\u00e9s d&rsquo;une vaste gamme d&rsquo;options de personnalisation, le membre ultime du plugin WooCommerce \u00e9mettait incontestablement comme un atout indispensable pour tout entrepreneur exigeant qui abrite un d\u00e9sir fervent d&rsquo;\u00e9l\u00e9menter et de propulser leur magasin en ligne \u00e0 des effections incomparables \u00e0 des effections in\u00e9branlables \u00e0 des effections in\u00e9branlables \u00e0 un fervent d\u00e9sir d&rsquo;\u00e9l\u00e9miner et de propulser leur magasin en ligne \u00e0 des effections in\u00e9gal\u00e9es sans plate de succ\u00e8s et de prosp\u00e9rit\u00e9.<\/p>\n","protected":false},"featured_media":145647,"comment_status":"open","ping_status":"open","template":"","meta":[],"product_brand":[2679],"product_cat":[1300,1181,1186],"product_tag":[2296],"class_list":{"0":"post-120779","1":"product","2":"type-product","3":"status-publish","4":"has-post-thumbnail","6":"product_brand-ultimate-member","7":"product_cat-adhesion","8":"product_cat-plugins","9":"product_cat-wordpress-plugins","10":"product_tag-ultimate-member","11":"member-discount","12":"discount-restricted","14":"first","15":"instock","16":"sale","17":"downloadable","18":"virtual","19":"sold-individually","20":"purchasable","21":"product-type-simple"},"_links":{"self":[{"href":"https:\/\/gpl-love.com\/fr\/wp-json\/wp\/v2\/product\/120779","targetHints":{"allow":["GET"]}}],"collection":[{"href":"https:\/\/gpl-love.com\/fr\/wp-json\/wp\/v2\/product"}],"about":[{"href":"https:\/\/gpl-love.com\/fr\/wp-json\/wp\/v2\/types\/product"}],"replies":[{"embeddable":true,"href":"https:\/\/gpl-love.com\/fr\/wp-json\/wp\/v2\/comments?post=120779"}],"wp:featuredmedia":[{"embeddable":true,"href":"https:\/\/gpl-love.com\/fr\/wp-json\/wp\/v2\/media\/145647"}],"wp:attachment":[{"href":"https:\/\/gpl-love.com\/fr\/wp-json\/wp\/v2\/media?parent=120779"}],"wp:term":[{"taxonomy":"product_brand","embeddable":true,"href":"https:\/\/gpl-love.com\/fr\/wp-json\/wp\/v2\/product_brand?post=120779"},{"taxonomy":"product_cat","embeddable":true,"href":"https:\/\/gpl-love.com\/fr\/wp-json\/wp\/v2\/product_cat?post=120779"},{"taxonomy":"product_tag","embeddable":true,"href":"https:\/\/gpl-love.com\/fr\/wp-json\/wp\/v2\/product_tag?post=120779"}],"curies":[{"name":"wp","href":"https:\/\/api.w.org\/{rel}","templated":true}]}}