{"id":120775,"date":"2025-11-14T00:00:00","date_gmt":"2025-11-13T23:00:00","guid":{"rendered":"https:\/\/gpl-love.com\/fr\/produit\/meta-box-settings-page\/"},"modified":"2026-03-20T23:24:56","modified_gmt":"2026-03-20T22:24:56","slug":"meta-box-settings-page","status":"publish","type":"product","link":"https:\/\/gpl-love.com\/fr\/produit\/meta-box-settings-page\/","title":{"rendered":"Meta Box Settings Page 2.2.1"},"content":{"rendered":"<h3>Meta Box Settings Page Traits<\/h3>\n<p>La page des param\u00e8tres Meta Box sert d&rsquo;outil d&rsquo;entr\u00e9e tr\u00e8s pratique, accordant aux utilisateurs la possibilit\u00e9 de personnaliser les types de publication de leur site Web WordPress et les champs personnalis\u00e9s. Avec une interface remarquablement conviviale, cet outil permet aux utilisateurs sans effort de cr\u00e9er et de modifier sans effort des m\u00e9ta-box personnalis\u00e9s. De plus, il accorde aux utilisateurs la capacit\u00e9 d&rsquo;\u00e9tablir des champs personnalis\u00e9s, d&rsquo;int\u00e9grer la logique conditionnelle et de superviser de mani\u00e8re transparente l&rsquo;entr\u00e9e de donn\u00e9es pour chaque type de poste. En rationalisant le processus complexe de la cr\u00e9ation et de la gestion des champs personnalis\u00e9s, cette ressource inestimable r\u00e9pond aux besoins des d\u00e9veloppeurs et des propri\u00e9taires de sites Web, leur permettant d&rsquo;affiner leurs sites WordPress en fonction de leurs exigences distinctes. En fin de compte, la page des param\u00e8tres Meta Box est un atout indispensable pour les personnes cherchant \u00e0 augmenter la fonctionnalit\u00e9 et l&rsquo;exp\u00e9rience utilisateur globale de leurs sites Web WordPress.<\/p>\n<ul>\n<li>Page Param\u00e8tres personnalisables pour Meta Box WordPress<\/li>\n<li>Permet aux utilisateurs de cr\u00e9er et de modifier des m\u00e9ta-bo\u00eetes personnalis\u00e9es pour les publications, les pages et les types de publication personnalis\u00e9s<\/li>\n<li>Fournit une interface utilisateur intuitive pour l&rsquo;\u00e9dition et la gestion des champs de m\u00e9ta-bo\u00eete<\/li>\n<li>Prend en charge un large \u00e9ventail de types de champs, notamment du texte, du num\u00e9ro, de la case \u00e0 cocher, des boutons radio, etc.<\/li>\n<li>Comprend des options pour d\u00e9finir les valeurs par d\u00e9faut, les champs requis et les groupes de terrain<\/li>\n<li>S&rsquo;int\u00e8gre parfaitement \u00e0 WordPress et peut \u00eatre utilis\u00e9 aux c\u00f4t\u00e9s d&rsquo;autres plugins et th\u00e8mes<\/li>\n<li>Gave du temps et des efforts en rationalisant le processus de cr\u00e9ation et de gestion des m\u00e9ta-bo\u00eetes<\/li>\n<li>Am\u00e9liore l&rsquo;exp\u00e9rience utilisateur pour les propri\u00e9taires de sites WordPress et les visiteurs en offrant une fonctionnalit\u00e9 de m\u00e9ta-box robuste<\/li>\n<\/ul>\n","protected":false},"excerpt":{"rendered":"<p>La page des param\u00e8tres Meta Box est un outil d&rsquo;entr\u00e9e tr\u00e8s robuste et inestimable m\u00e9ticuleusement con\u00e7u pour renforcer et amplifier la fonctionnalit\u00e9 de votre site Web WordPress. Impr\u00e9gn\u00e9 d&rsquo;ing\u00e9niosit\u00e9 et d&rsquo;innovation in\u00e9gal\u00e9es, cet outil exceptionnel vous permet de fa\u00e7onner des m\u00e9ta-bo\u00eetes et des champs sur mesure qui impr\u00e8gnent votre contenu avec une profonde profondeur et une polyvalence in\u00e9gal\u00e9e. Facilitant une exp\u00e9rience transparente et ax\u00e9e sur l&rsquo;utilisateur, cette interface remarquablement intuitive et conviviale vous offre la capacit\u00e9 rapide et sans effort \u00e0 fabriquer de nouveaux champs, \u00e0 ajouter des donn\u00e9es et \u00e0 incorporer des options personnalis\u00e9es tout en \u00e9tant m\u00e9ticuleusement entre vos \u00e9l\u00e9ments avant formidable pr\u00e9sence en ligne. Que votre objectif principal r\u00e9side \u00e0 d\u00e9nicher de nouvelles techniques pour augmenter et optimiser vos strat\u00e9gies de r\u00e9f\u00e9rence et instrument par excellence pour tout webmaster WordPress exigeant et astucieux digne de leur sel.<\/p>\n","protected":false},"featured_media":144534,"comment_status":"open","ping_status":"open","template":"","meta":[],"product_brand":[2593],"product_cat":[1189,1181,1186],"product_tag":[2266],"class_list":{"0":"post-120775","1":"product","2":"type-product","3":"status-publish","4":"has-post-thumbnail","6":"product_brand-meta-box","7":"product_cat-personnalisation","8":"product_cat-plugins","9":"product_cat-wordpress-plugins","10":"product_tag-meta-box","11":"member-discount","12":"discount-restricted","14":"first","15":"instock","16":"sale","17":"downloadable","18":"virtual","19":"sold-individually","20":"purchasable","21":"product-type-simple"},"_links":{"self":[{"href":"https:\/\/gpl-love.com\/fr\/wp-json\/wp\/v2\/product\/120775","targetHints":{"allow":["GET"]}}],"collection":[{"href":"https:\/\/gpl-love.com\/fr\/wp-json\/wp\/v2\/product"}],"about":[{"href":"https:\/\/gpl-love.com\/fr\/wp-json\/wp\/v2\/types\/product"}],"replies":[{"embeddable":true,"href":"https:\/\/gpl-love.com\/fr\/wp-json\/wp\/v2\/comments?post=120775"}],"wp:featuredmedia":[{"embeddable":true,"href":"https:\/\/gpl-love.com\/fr\/wp-json\/wp\/v2\/media\/144534"}],"wp:attachment":[{"href":"https:\/\/gpl-love.com\/fr\/wp-json\/wp\/v2\/media?parent=120775"}],"wp:term":[{"taxonomy":"product_brand","embeddable":true,"href":"https:\/\/gpl-love.com\/fr\/wp-json\/wp\/v2\/product_brand?post=120775"},{"taxonomy":"product_cat","embeddable":true,"href":"https:\/\/gpl-love.com\/fr\/wp-json\/wp\/v2\/product_cat?post=120775"},{"taxonomy":"product_tag","embeddable":true,"href":"https:\/\/gpl-love.com\/fr\/wp-json\/wp\/v2\/product_tag?post=120775"}],"curies":[{"name":"wp","href":"https:\/\/api.w.org\/{rel}","templated":true}]}}