{"id":120773,"date":"2025-10-29T00:00:00","date_gmt":"2025-10-28T23:00:00","guid":{"rendered":"https:\/\/gpl-love.com\/fr\/produit\/woocommerce-sales-report-email\/"},"modified":"2026-03-20T23:47:39","modified_gmt":"2026-03-20T22:47:39","slug":"woocommerce-sales-report-email","status":"publish","type":"product","link":"https:\/\/gpl-love.com\/fr\/produit\/woocommerce-sales-report-email\/","title":{"rendered":"WooCommerce Sales Report Email 1.4.1"},"content":{"rendered":"<h3>WooCommerce Sales Report Email Traits<\/h3>\n<p>L&rsquo;e-mail du rapport sur les ventes de WooCommerce est un outil extr\u00eamement puissant qui accorde aux propri\u00e9taires de magasins en ligne avec une commodit\u00e9 in\u00e9gal\u00e9e en termes d&rsquo;acc\u00e8s et de scrutation de leurs donn\u00e9es de vente. Ce courrier \u00e9lectronique envoie un rapport complexe qui fournit des informations inestimables concernant les tendances des ventes, les marchandises les plus performantes et les revenus amass\u00e9s pendant un d\u00e9lai sp\u00e9cifique. Arm\u00e9s de cette multitude d&rsquo;informations, les propri\u00e9taires de magasins peuvent d\u00e9terminer judicieusement la ligne de conduite optimale en ce qui concerne la gestion des stocks, les strat\u00e9gies de tarification et les efforts de marketing. De plus, le rapport peut \u00eatre adapt\u00e9 aux pr\u00e9f\u00e9rences individuelles et programm\u00e9e pour \u00eatre automatiquement envoy\u00e9e \u00e0 des intervalles pr\u00e9d\u00e9termin\u00e9s. Cette solution remarquablement intuitive rationalise efficacement le processus ardu de l&rsquo;analyse des donn\u00e9es, dominant ainsi les propri\u00e9taires de magasins des connaissances requises pour prendre des d\u00e9cisions bien inform\u00e9es qui propulsent efficacement l&rsquo;expansion des entreprises.<\/p>\n<ul>\n<li>Email du rapport de vente WooCommerce personnalisable et configurable et configurable<\/li>\n<li>Envoie des r\u00e9sum\u00e9s quotidiens, hebdomadaires ou mensuels des donn\u00e9es de vente de votre magasin<\/li>\n<li>Fournit des analyses et des informations d\u00e9taill\u00e9es sur les performances de votre magasin<\/li>\n<li>Montre vos produits, cat\u00e9gories et emplacements des clients les plus vendus<\/li>\n<li>Parfait pour les propri\u00e9taires de magasins en ligne qui souhaitent rester inform\u00e9s et prendre des d\u00e9cisions bas\u00e9es sur les donn\u00e9es<\/li>\n<li>Compatible avec toutes les versions et plateformes de messagerie WooCommerce<\/li>\n<li>Facile \u00e0 installer et \u00e0 utiliser, sans codage requis<\/li>\n<li>Vous aide \u00e0 mieux comprendre vos clients et rationaliser vos efforts de marketing<\/li>\n<li>Augmente vos ventes et vos revenus potentiels en vous donnant des informations pr\u00e9cieuses sur les performances de votre magasin<\/li>\n<li>\u00c9conomise du temps et des efforts en automatisant votre processus de rapport de vente<\/li>\n<\/ul>\n","protected":false},"excerpt":{"rendered":"<p>Le Courriel de rapport sur les ventes de WooCommerce, un outil incroyablement efficace, offre aux propri\u00e9taires de magasins un moyen pratique de surveiller la situation financi\u00e8re de leur magasin WooCommerce. Cet e-mail ing\u00e9nieux g\u00e9n\u00e8re non seulement un rapport de vente pr\u00e9cis, mais pr\u00e9sente \u00e9galement des informations vitales telles que les chiffres globaux des ventes, les produits les plus performants et les comportements d&rsquo;achat des clients. Arm\u00e9s de ces donn\u00e9es indispensables, les propri\u00e9taires de magasins peuvent prendre en toute confiance des d\u00e9cisions bien inform\u00e9es, discerner les mod\u00e8les et adapter leurs strat\u00e9gies en fonction des mises \u00e0 jour en direct. Sans aucun doute, l&rsquo;e-mail du rapport de vente WooCommerce est un atout essentiel pour tout propri\u00e9taire de magasin \u00e0 la recherche de m\u00e9thodes innovantes pour g\u00e9rer et optimiser efficacement les performances de leur magasin WooCommerce.<\/p>\n","protected":false},"featured_media":146015,"comment_status":"open","ping_status":"open","template":"","meta":[],"product_brand":[2440],"product_cat":[1183,1182,1181],"product_tag":[1398],"class_list":{"0":"post-120773","1":"product","2":"type-product","3":"status-publish","4":"has-post-thumbnail","6":"product_brand-woocommerce","7":"product_cat-administration","8":"product_cat-commerce-electronique-plugins","9":"product_cat-plugins","10":"product_tag-woocommerce","11":"member-discount","12":"discount-restricted","14":"first","15":"instock","16":"sale","17":"downloadable","18":"virtual","19":"sold-individually","20":"purchasable","21":"product-type-simple"},"_links":{"self":[{"href":"https:\/\/gpl-love.com\/fr\/wp-json\/wp\/v2\/product\/120773","targetHints":{"allow":["GET"]}}],"collection":[{"href":"https:\/\/gpl-love.com\/fr\/wp-json\/wp\/v2\/product"}],"about":[{"href":"https:\/\/gpl-love.com\/fr\/wp-json\/wp\/v2\/types\/product"}],"replies":[{"embeddable":true,"href":"https:\/\/gpl-love.com\/fr\/wp-json\/wp\/v2\/comments?post=120773"}],"wp:featuredmedia":[{"embeddable":true,"href":"https:\/\/gpl-love.com\/fr\/wp-json\/wp\/v2\/media\/146015"}],"wp:attachment":[{"href":"https:\/\/gpl-love.com\/fr\/wp-json\/wp\/v2\/media?parent=120773"}],"wp:term":[{"taxonomy":"product_brand","embeddable":true,"href":"https:\/\/gpl-love.com\/fr\/wp-json\/wp\/v2\/product_brand?post=120773"},{"taxonomy":"product_cat","embeddable":true,"href":"https:\/\/gpl-love.com\/fr\/wp-json\/wp\/v2\/product_cat?post=120773"},{"taxonomy":"product_tag","embeddable":true,"href":"https:\/\/gpl-love.com\/fr\/wp-json\/wp\/v2\/product_tag?post=120773"}],"curies":[{"name":"wp","href":"https:\/\/api.w.org\/{rel}","templated":true}]}}