{"id":120769,"date":"2024-11-29T00:00:00","date_gmt":"2024-11-28T23:00:00","guid":{"rendered":"https:\/\/gpl-love.com\/fr\/produit\/easy-digital-downloads-invoices\/"},"modified":"2026-03-20T23:02:10","modified_gmt":"2026-03-20T22:02:10","slug":"easy-digital-downloads-invoices","status":"publish","type":"product","link":"https:\/\/gpl-love.com\/fr\/produit\/easy-digital-downloads-invoices\/","title":{"rendered":"Easy Digital Downloads Invoices 1.4.0"},"content":{"rendered":"<h3>Easy Digital Downloads Invoices Traits<\/h3>\n<p>Les factures de t\u00e9l\u00e9chargements num\u00e9riques faciles sont un outil robuste et tr\u00e8s efficace, permettant aux entreprises de g\u00e9n\u00e9rer et de g\u00e9rer efficacement les factures efficacement pour leurs pr\u00e9cieux produits num\u00e9riques. Ce logiciel remarquable vous permet sans effort de cr\u00e9er sans effort et sans faillite des factures impeccablement professionnelles, qui peuvent toutes \u00eatre commod\u00e9ment personnalis\u00e9es pour r\u00e9pondre \u00e0 vos exigences uniques. Gr\u00e2ce \u00e0 ce logiciel ing\u00e9nieux, vous pouvez g\u00e9n\u00e9rer sans effort des factures de mani\u00e8re automatis\u00e9e, chaque fois qu&rsquo;un client ach\u00e8te avec succ\u00e8s un produit num\u00e9rique dans votre magasin estim\u00e9. Ces factures peuvent \u00eatre commod\u00e9ment envoy\u00e9es aupr\u00e8s des clients comme des PDF et m\u00eame attrayants visuellement ou m\u00eame par e-mail, leur offrant ainsi la plus grande commodit\u00e9 pour acc\u00e9der rapidement et r\u00e9gler avec diligence leurs factures. De plus, ce logiciel exceptionnel garantit \u00e9galement que vous \u00eates de mani\u00e8re coh\u00e9rente et de mani\u00e8re fiable des mises \u00e0 jour en temps r\u00e9el sur le dernier \u00e9tat de vos factures, vous permettant ainsi efficacement de surveiller comp\u00e9tent les paiements et de g\u00e9rer m\u00e9ticuleusement vos finances avec une pr\u00e9cision et une efficacit\u00e9 exceptionnelles. En tirant parti des capacit\u00e9s in\u00e9gal\u00e9es des factures de t\u00e9l\u00e9chargements num\u00e9riques faciles, vous pouvez rationaliser de mani\u00e8re transparente et consid\u00e9rablement rationalis\u00e9e sur l&rsquo;ensemble de votre processus de facturation, optimisant ainsi de mani\u00e8re cruciale vos op\u00e9rations commerciales et fortifier votre efficacit\u00e9 globale.<\/p>\n<ul>\n<li>G\u00e9n\u00e9rer des factures professionnelles pour des t\u00e9l\u00e9chargements num\u00e9riques faciles<\/li>\n<li>Mod\u00e8les de facture personnalisables pour correspondre \u00e0 votre marque<\/li>\n<li>Envoyez automatiquement des factures aux clients apr\u00e8s l&rsquo;achat<\/li>\n<li>Suivre et g\u00e9rer les factures dans le tableau de bord des t\u00e9l\u00e9chargements num\u00e9riques faciles<\/li>\n<li>T\u00e9l\u00e9chargez ou imprimez facilement les factures pour vos enregistrements<\/li>\n<li>Compatible avec les passerelles de paiement populaires pour des informations de transaction pr\u00e9cises sur les factures<\/li>\n<li>Gagnez du temps en automatisant votre processus de facturation<\/li>\n<li>Gardez vos dossiers financiers organis\u00e9s et facilement accessibles avec toutes les factures en un seul endroit.<\/li>\n<\/ul>\n","protected":false},"excerpt":{"rendered":"<p>Les factures de t\u00e9l\u00e9chargements num\u00e9riques faciles s&rsquo;av\u00e8rent \u00eatre un plugin extr\u00eamement robuste qui s&rsquo;assimile sans effort dans la plate-forme de t\u00e9l\u00e9chargements num\u00e9riques Easy Digital. Ce plugin poss\u00e8de la capacit\u00e9 remarquable de g\u00e9n\u00e9rer sans effort des factures con\u00e7ues professionnellement et compl\u00e8tement personnalisables sp\u00e9cialement con\u00e7ues pour votre pr\u00e9cieuse client\u00e8le. En utilisant ce plugin, vous pouvez personnaliser sans effort le mod\u00e8le de facture, incorporer sans effort votre logo distinctif et m\u00eame inclure sans effort des messages ou des termes personnalis\u00e9s, am\u00e9liorant ainsi l&rsquo;exp\u00e9rience client globale. En outre, le plugin est \u00e9quip\u00e9 de la capacit\u00e9 d&rsquo;exp\u00e9dier automatiquement les factures aux clients imm\u00e9diatement apr\u00e8s avoir termin\u00e9 avec succ\u00e8s un achat, garantissant ainsi que vous pouvez gagner du temps pr\u00e9cieux et rationaliser de mani\u00e8re transparente votre processus de facturation. En conclusion, les factures de t\u00e9l\u00e9chargements num\u00e9riques faciles apparaissent sans aucun doute comme un plugin indispensable pour les personnes engag\u00e9es dans la vente en ligne de produits ou de services num\u00e9riques.<\/p>\n","protected":false},"featured_media":143627,"comment_status":"open","ping_status":"open","template":"","meta":[],"product_brand":[2523],"product_cat":[1182,1223,1181],"product_tag":[1255],"class_list":{"0":"post-120769","1":"product","2":"type-product","3":"status-publish","4":"has-post-thumbnail","6":"product_brand-easy-digital-downloads","7":"product_cat-commerce-electronique-plugins","8":"product_cat-personnalisation-commerce-electronique-plugins","9":"product_cat-plugins","10":"product_tag-easy-digital-downloads","11":"member-discount","12":"discount-restricted","14":"first","15":"instock","16":"sale","17":"downloadable","18":"virtual","19":"sold-individually","20":"purchasable","21":"product-type-simple"},"_links":{"self":[{"href":"https:\/\/gpl-love.com\/fr\/wp-json\/wp\/v2\/product\/120769","targetHints":{"allow":["GET"]}}],"collection":[{"href":"https:\/\/gpl-love.com\/fr\/wp-json\/wp\/v2\/product"}],"about":[{"href":"https:\/\/gpl-love.com\/fr\/wp-json\/wp\/v2\/types\/product"}],"replies":[{"embeddable":true,"href":"https:\/\/gpl-love.com\/fr\/wp-json\/wp\/v2\/comments?post=120769"}],"wp:featuredmedia":[{"embeddable":true,"href":"https:\/\/gpl-love.com\/fr\/wp-json\/wp\/v2\/media\/143627"}],"wp:attachment":[{"href":"https:\/\/gpl-love.com\/fr\/wp-json\/wp\/v2\/media?parent=120769"}],"wp:term":[{"taxonomy":"product_brand","embeddable":true,"href":"https:\/\/gpl-love.com\/fr\/wp-json\/wp\/v2\/product_brand?post=120769"},{"taxonomy":"product_cat","embeddable":true,"href":"https:\/\/gpl-love.com\/fr\/wp-json\/wp\/v2\/product_cat?post=120769"},{"taxonomy":"product_tag","embeddable":true,"href":"https:\/\/gpl-love.com\/fr\/wp-json\/wp\/v2\/product_tag?post=120769"}],"curies":[{"name":"wp","href":"https:\/\/api.w.org\/{rel}","templated":true}]}}