{"id":120766,"date":"2024-06-17T00:00:00","date_gmt":"2024-06-16T22:00:00","guid":{"rendered":"https:\/\/gpl-love.com\/fr\/produit\/ultimate-member-profile-tabs\/"},"modified":"2026-04-10T18:44:12","modified_gmt":"2026-04-10T16:44:12","slug":"ultimate-member-profile-tabs","status":"publish","type":"product","link":"https:\/\/gpl-love.com\/fr\/produit\/ultimate-member-profile-tabs\/","title":{"rendered":"Ultimate Member Profile Tabs 1.1.1"},"content":{"rendered":"<h3>Ultimate Member Profile Tabs Traits<\/h3>\n<p>Le plugin Ultimate Member Profile Tabs est un outil incroyablement robuste et dynamique sp\u00e9cifiquement con\u00e7u pour \u00e9lever et optimiser les fonctionnalit\u00e9s de profil utilisateur sur les plates-formes WordPress. En int\u00e9grant ce plugin dans leurs sites Web, les utilisateurs acqui\u00e8rent la possibilit\u00e9 de cr\u00e9er et d&rsquo;adapter les onglets uniques et personnalis\u00e9s dans leurs pages de profil, fournissant ainsi aux visiteurs un moyen intuitif et transparent de naviguer sans effort et de r\u00e9aliser diverses sections de leurs profils respectifs. Offrant une vaste gamme d&rsquo;options compl\u00e8tes et polyvalentes, ce plugin permet aux utilisateurs la capacit\u00e9 de personnaliser m\u00e9ticuleusement leurs onglets, leur accordant une autorit\u00e9 compl\u00e8te sur le contenu \u00e0 afficher, la possibilit\u00e9 de d\u00e9finir et d&rsquo;\u00e9tablir visuellement les ic\u00f4nes et les couleurs des onglets captivants visuellement, comme, comme ainsi que l&rsquo;option de dicter sans effort l&rsquo;ordre sp\u00e9cifique dans lequel ces onglets sont pr\u00e9sent\u00e9s. En tant que tel, ce plugin appara\u00eet sans \u00e9quivoque comme un choix exceptionnel et in\u00e9gal\u00e9 pour les entreprises et les individus, car il promet d&rsquo;augmenter et d&rsquo;augmenter consid\u00e9rablement le r\u00e9pertoire fonctionnel et les aptitudes de personnalisation de leurs profils d&rsquo;utilisateurs WordPress respectifs.<\/p>\n<ul>\n<li>Fournit un moyen \u00e9l\u00e9gant et personnalisable d&rsquo;organiser les informations de profil utilisateur<\/li>\n<li>Permet d&rsquo;ajouter jusqu&rsquo;\u00e0 10 onglets suppl\u00e9mentaires \u00e0 l&rsquo;onglet \u00ab\u00a0\u00c0 propos\u00a0\u00bb par d\u00e9faut<\/li>\n<li>Chaque onglet peut \u00eatre compos\u00e9 d&rsquo;une vari\u00e9t\u00e9 de champs de profil utilisateur et de types de contenu, y compris du texte, des images et des vid\u00e9os<\/li>\n<li>Les onglets peuvent \u00eatre r\u00e9organis\u00e9s et renomm\u00e9s pour r\u00e9pondre aux besoins des sites individuels<\/li>\n<li>Offre une interface glisser-d\u00e9poser conviviale pour une personnalisation facile des onglets de profil<\/li>\n<li>Int\u00e9gre parfaitement avec le plugin de membre ultime pour WordPress<\/li>\n<li>Am\u00e9liore l&rsquo;exp\u00e9rience utilisateur et l&rsquo;engagement en facilitant les informations de profil plus faciles \u00e0 acc\u00e9der et plus visuellement<\/li>\n<li>Prend en charge les sites Web multi-langues via la compatibilit\u00e9 WPML<\/li>\n<li>Livr\u00e9 avec une documentation approfondie et un soutien de l&rsquo;\u00e9quipe des membres ultime.<\/li>\n<\/ul>\n","protected":false},"excerpt":{"rendered":"<p>Les onglets de profil de membre ultime sont un plugin extr\u00eamement puissant et influent qui a \u00e9t\u00e9 m\u00e9ticuleusement con\u00e7u pour augmenter et \u00e9lever la qualit\u00e9 globale et la fonctionnalit\u00e9 de vos pages de profil de membre. En utilisant ce plugin exceptionnel, vous gagnez la capacit\u00e9 remarquable \u00e0 modeler et \u00e0 construire m\u00e9ticuleusement des onglets personnalis\u00e9s qui pr\u00e9sentent et pr\u00e9sentent ing\u00e9nieusement une large gamme d&rsquo;informations pertinentes et cruciales concernant vos membres estim\u00e9s, y compris, mais sans s&rsquo;y limiter, leurs d\u00e9tails personnels, leurs profils de m\u00e9dias sociaux, et divers autres attributs notables. En outre, ce plugin poss\u00e8de une interface conviviale et supr\u00eamement coordonn\u00e9e et supr\u00eamement, facilitant ainsi sans effort le processus d&rsquo;initialisation, de modification et de gestion de vos onglets de profil avec la plus grande commodit\u00e9 et efficacit\u00e9. Ce plugin in\u00e9gal\u00e9 est sans \u00e9quivoque id\u00e9al et en supr\u00eamement adapt\u00e9 aux sites bas\u00e9s sur les membres, aux plateformes ax\u00e9es sur la communaut\u00e9 et \u00e0 tous les autres sites Web qui n\u00e9cessitent et recherchent une page de profil compl\u00e8tement enrichie, am\u00e9lior\u00e9e et \u00e9lev\u00e9e. Avec son adaptabilit\u00e9, sa polyvalence et sa flexibilit\u00e9 sans limites in\u00e9gal\u00e9es, il \u00e9merge sans \u00e9quivoque comme un ajout primordial et indispensable \u00e0 l&rsquo;arsenal de tout propri\u00e9taire de site Web exigeant qui d\u00e9sire ardemment proposer et offrir une exp\u00e9rience membre in\u00e9gal\u00e9e, robuste et in\u00e9gal\u00e9e par l&rsquo;excellence.<\/p>\n","protected":false},"featured_media":145641,"comment_status":"open","ping_status":"open","template":"","meta":[],"product_brand":[2679],"product_cat":[1300,1181,1186],"product_tag":[2296],"class_list":{"0":"post-120766","1":"product","2":"type-product","3":"status-publish","4":"has-post-thumbnail","6":"product_brand-ultimate-member","7":"product_cat-adhesion","8":"product_cat-plugins","9":"product_cat-wordpress-plugins","10":"product_tag-ultimate-member","11":"member-discount","12":"discount-restricted","14":"first","15":"instock","16":"sale","17":"downloadable","18":"virtual","19":"sold-individually","20":"purchasable","21":"product-type-simple"},"_links":{"self":[{"href":"https:\/\/gpl-love.com\/fr\/wp-json\/wp\/v2\/product\/120766","targetHints":{"allow":["GET"]}}],"collection":[{"href":"https:\/\/gpl-love.com\/fr\/wp-json\/wp\/v2\/product"}],"about":[{"href":"https:\/\/gpl-love.com\/fr\/wp-json\/wp\/v2\/types\/product"}],"replies":[{"embeddable":true,"href":"https:\/\/gpl-love.com\/fr\/wp-json\/wp\/v2\/comments?post=120766"}],"wp:featuredmedia":[{"embeddable":true,"href":"https:\/\/gpl-love.com\/fr\/wp-json\/wp\/v2\/media\/145641"}],"wp:attachment":[{"href":"https:\/\/gpl-love.com\/fr\/wp-json\/wp\/v2\/media?parent=120766"}],"wp:term":[{"taxonomy":"product_brand","embeddable":true,"href":"https:\/\/gpl-love.com\/fr\/wp-json\/wp\/v2\/product_brand?post=120766"},{"taxonomy":"product_cat","embeddable":true,"href":"https:\/\/gpl-love.com\/fr\/wp-json\/wp\/v2\/product_cat?post=120766"},{"taxonomy":"product_tag","embeddable":true,"href":"https:\/\/gpl-love.com\/fr\/wp-json\/wp\/v2\/product_tag?post=120766"}],"curies":[{"name":"wp","href":"https:\/\/api.w.org\/{rel}","templated":true}]}}