{"id":120764,"date":"2026-01-24T00:00:00","date_gmt":"2026-01-23T23:00:00","guid":{"rendered":"https:\/\/gpl-love.com\/fr\/produit\/ultimate-member-social-login-addon-2\/"},"modified":"2026-04-10T18:44:14","modified_gmt":"2026-04-10T16:44:14","slug":"ultimate-member-social-login-addon-2","status":"publish","type":"product","link":"https:\/\/gpl-love.com\/fr\/produit\/ultimate-member-social-login-addon-2\/","title":{"rendered":"Ultimate Member Social Login 2.6.3"},"content":{"rendered":"<h3>Ultimate Member Social Login Traits<\/h3>\n<p>Ultimate Member Social Login, un plugin WordPress incroyablement pratique et convivial, offre la capacit\u00e9 fantastique pour les utilisateurs d&rsquo;acc\u00e9der sans effort \u00e0 votre site Web en utilisant leurs comptes de m\u00e9dias sociaux personnels. Ce plugin remarquable a la capacit\u00e9 de prendre en charge un large \u00e9ventail de r\u00e9seaux sociaux populaires, y compris, mais sans s&rsquo;y limiter, Facebook, Twitter, LinkedIn et Google+. En int\u00e9grant ce plugin, vous pouvez offrir sans effort \u00e0 vos visiteurs une rencontre de connexion sans couture, r\u00e9sultant en une exp\u00e9rience utilisateur \u00e9lev\u00e9e. Le plugin est incroyablement polyvalent, permettant une personnalisation compl\u00e8te pour s&rsquo;assurer qu&rsquo;elle s&rsquo;aligne parfaitement avec le plugin Ultimate Member. Cette adaptabilit\u00e9 in\u00e9gal\u00e9e vous permet de cr\u00e9er une exp\u00e9rience utilisateur personnalis\u00e9e parfaitement adapt\u00e9e \u00e0 vos pr\u00e9f\u00e9rences et exigences individuelles. En incorporant les magnifiques capacit\u00e9s de la connexion sociale des membres ultimes, vous pouvez augmenter sans effort l&rsquo;engagement des utilisateurs et minimiser efficacement la nature lourde des proc\u00e9dures d&rsquo;enregistrement. En fin de compte, cela contribuera consid\u00e9rablement \u00e0 la croissance globale et \u00e0 la prosp\u00e9rit\u00e9 de votre communaut\u00e9 en ligne.<\/p>\n<ul>\n<li>Fonctionnalit\u00e9 am\u00e9lior\u00e9e de connexion sociale: le plugin de connexion sociale des membres ultime permet aux visiteurs de votre site Web d&rsquo;acc\u00e9der et de se connecter \u00e0 votre site en utilisant leurs profils de m\u00e9dias sociaux, \u00e0 savoir Facebook, Twitter, Google+ et LinkedIn.<\/li>\n<li>Int\u00e9gration transparente: le plugin est con\u00e7u pour fonctionner de mani\u00e8re transparente avec le plugin de membre ultime afin que vous puissiez facilement g\u00e9rer les param\u00e8tres et les informations utilisateur \u00e0 partir d&rsquo;un tableau de bord robuste sans tracas.<\/li>\n<li>Configuration conviviale: le processus de configuration du plugin de connexion sociale des membres ultime est facile et simple. Vous pouvez configurer le plugin pour r\u00e9pondre \u00e0 vos sp\u00e9cifications et pr\u00e9f\u00e9rences sans aucune connaissance de codage ni savoir-faire technique.<\/li>\n<li>Enti\u00e8rement personnalisable: vous pouvez personnaliser les boutons de connexion sociale et la conception pour correspondre aux directives de marque de votre site Web qui cr\u00e9ent un aspect et une sensation uniformes.<\/li>\n<li>S\u00e9curit\u00e9 avanc\u00e9e: le plugin de connexion sociale des membres ultimes fournit des protocoles de s\u00e9curit\u00e9 robustes pour assurer la s\u00e9curit\u00e9 des donn\u00e9es collect\u00e9es via la connexion des m\u00e9dias sociaux. Cela comprend la conformit\u00e9 avec les normes de cryptage OAuth -0 et SSL.<\/li>\n<li>Compatibilit\u00e9 avec d&rsquo;autres plugins: le plugin de connexion sociale de membre ultime est enti\u00e8rement compatible avec des plugins couramment utilis\u00e9s sur WordPress, tels que WooCommerce, des formulaires de gravit\u00e9, des t\u00e9l\u00e9chargements num\u00e9riques faciles, etc.<\/li>\n<li>Support client: le plugin de connexion sociale des membres ultime est livr\u00e9 avec un excellent service client et un support, y compris des mises \u00e0 jour r\u00e9guli\u00e8res, une am\u00e9lioration et la correction des bogues et probl\u00e8mes identifi\u00e9s.<\/li>\n<li>Augmentation de l&rsquo;engagement des utilisateurs: les connexions sociales sont connues pour augmenter les chances que les utilisateurs s&rsquo;engagent sur votre site Web. Des \u00e9tudes ont r\u00e9v\u00e9l\u00e9 que les connexions sociales augmentent les taux d&rsquo;ach\u00e8vement de l&rsquo;enregistrement de 21%, et 92% des utilisateurs pr\u00e9f\u00e8rent utiliser des comptes de m\u00e9dias sociaux pour acc\u00e9der aux sites Web.<\/li>\n<li>Collecte de donn\u00e9es perspicaces: Enfin, les membres qui ont utilis\u00e9 l&rsquo;option de connexion sociale fourniraient des donn\u00e9es suppl\u00e9mentaires telles que l&#8217;emplacement, l&rsquo;\u00e2ge et les int\u00e9r\u00eats, fournissant une image plus compl\u00e8te des segments de clients qui peuvent \u00eatre utilis\u00e9s pour un meilleur ciblage et une meilleure personnalisation.<\/li>\n<\/ul>\n","protected":false},"excerpt":{"rendered":"<p>Le plugin de connexion sociale des membres ultime se pr\u00e9sente comme un outil incroyablement puissant et indispensable pour votre site WordPress, permettant efficacement \u00e0 vos utilisateurs de se connecter facilement et rapidement en utilisant leurs plateformes de m\u00e9dias sociaux pr\u00e9f\u00e9r\u00e9es et bien-aim\u00e9s. Ce plugin remarquable \u00e9tend son support \u00e0 une impressionnante gamme de plateformes largement utilis\u00e9es telles que Facebook, Twitter, Google, LinkedIn, etc. De plus, le plugin poss\u00e8de un assortiment de fonctionnalit\u00e9s hautement sophistiqu\u00e9es, y compris la capacit\u00e9 inestimable \u00e0 personnaliser le formulaire de connexion en fonction de vos pr\u00e9f\u00e9rences pr\u00e9cises, de surveiller et de garder une trace de l&rsquo;activit\u00e9 utilisateur m\u00e9ticuleusement, ainsi que de s&rsquo;int\u00e9grer de mani\u00e8re transparente \u00e0 d&rsquo;autres plugins de membres ultimes tout aussi exceptionnels. Dans l&rsquo;ensemble, il est sans \u00e9quivoque \u00e9vident que ce plugin particulier repr\u00e9sente la solution de connexion sociale par excellence et in\u00e9gal\u00e9e que votre site Web estim\u00e9 a envie. Ne perdez pas de temps et essayez-le aujourd&rsquo;hui, se pr\u00e9cipitant dans la simplicit\u00e9 et la commodit\u00e9 qu&rsquo;elle offre, car vos utilisateurs deviennent engag\u00e9s sans effort et connect\u00e9s de mani\u00e8re transparente \u00e0 votre royaume virtuel.<\/p>\n","protected":false},"featured_media":145644,"comment_status":"open","ping_status":"open","template":"","meta":[],"product_brand":[2679],"product_cat":[1300,1181,1186],"product_tag":[2296],"class_list":{"0":"post-120764","1":"product","2":"type-product","3":"status-publish","4":"has-post-thumbnail","6":"product_brand-ultimate-member","7":"product_cat-adhesion","8":"product_cat-plugins","9":"product_cat-wordpress-plugins","10":"product_tag-ultimate-member","11":"member-discount","12":"discount-restricted","14":"first","15":"instock","16":"sale","17":"downloadable","18":"virtual","19":"sold-individually","20":"purchasable","21":"product-type-simple"},"_links":{"self":[{"href":"https:\/\/gpl-love.com\/fr\/wp-json\/wp\/v2\/product\/120764","targetHints":{"allow":["GET"]}}],"collection":[{"href":"https:\/\/gpl-love.com\/fr\/wp-json\/wp\/v2\/product"}],"about":[{"href":"https:\/\/gpl-love.com\/fr\/wp-json\/wp\/v2\/types\/product"}],"replies":[{"embeddable":true,"href":"https:\/\/gpl-love.com\/fr\/wp-json\/wp\/v2\/comments?post=120764"}],"wp:featuredmedia":[{"embeddable":true,"href":"https:\/\/gpl-love.com\/fr\/wp-json\/wp\/v2\/media\/145644"}],"wp:attachment":[{"href":"https:\/\/gpl-love.com\/fr\/wp-json\/wp\/v2\/media?parent=120764"}],"wp:term":[{"taxonomy":"product_brand","embeddable":true,"href":"https:\/\/gpl-love.com\/fr\/wp-json\/wp\/v2\/product_brand?post=120764"},{"taxonomy":"product_cat","embeddable":true,"href":"https:\/\/gpl-love.com\/fr\/wp-json\/wp\/v2\/product_cat?post=120764"},{"taxonomy":"product_tag","embeddable":true,"href":"https:\/\/gpl-love.com\/fr\/wp-json\/wp\/v2\/product_tag?post=120764"}],"curies":[{"name":"wp","href":"https:\/\/api.w.org\/{rel}","templated":true}]}}