{"id":120762,"date":"2025-01-26T00:00:00","date_gmt":"2025-01-25T23:00:00","guid":{"rendered":"https:\/\/gpl-love.com\/fr\/produit\/ultimate-member-verified-users-addon\/"},"modified":"2026-04-10T18:44:16","modified_gmt":"2026-04-10T16:44:16","slug":"ultimate-member-verified-users-addon","status":"publish","type":"product","link":"https:\/\/gpl-love.com\/fr\/produit\/ultimate-member-verified-users-addon\/","title":{"rendered":"Ultimate Member Verified Users 2.2.6"},"content":{"rendered":"<h3>Ultimate Member Verified Users Traits<\/h3>\n<p>Le plugin ultime des utilisateurs v\u00e9rifi\u00e9s se r\u00e9v\u00e8le \u00eatre un composant crucial pour tout site Web qui n\u00e9cessite la v\u00e9rification des utilisateurs, servant d&rsquo;outil indispensable pour maintenir un environnement en ligne s\u00e9curis\u00e9. En permettant aux utilisateurs de confirmer leur identit\u00e9 gr\u00e2ce \u00e0 la soumission d&rsquo;identification et de documents suppl\u00e9mentaires \u00e9mis par le gouvernement, ce plugin \u00e9tablit efficacement un processus d&rsquo;authentification robuste. En cons\u00e9quence, les utilisateurs v\u00e9rifi\u00e9s se voient accorder un insigne de premier plan affich\u00e9 sur leur profil, ce qui signifie leur statut estim\u00e9 en tant que personnes fiables au sein de la communaut\u00e9 en ligne. Par cons\u00e9quent, cette impl\u00e9mentation ajoute une couche suppl\u00e9mentaire de protection \u00e0 votre site Web, garantissant que l&rsquo;acc\u00e8s exclusif \u00e0 certaines fonctionnalit\u00e9s ou contenu est uniquement limit\u00e9 aux utilisateurs v\u00e9rifi\u00e9s. L&rsquo;installation et l&rsquo;utilisation du plugin ultime des utilisateurs v\u00e9rifi\u00e9s sont remarquablement sans effort, compl\u00e9t\u00e9s par la fourniture d&rsquo;options personnalisables adapt\u00e9es aux exigences uniques de votre site Web.<\/p>\n<ul>\n<li>Un plugin pour le plugin WordPress de membre ultime<\/li>\n<li>Permet aux administrateurs du site de v\u00e9rifier facilement les utilisateurs<\/li>\n<li>Ajoute un badge \u00ab\u00a0v\u00e9rifi\u00e9\u00a0\u00bb aux profils utilisateur<\/li>\n<li>La v\u00e9rification peut \u00eatre effectu\u00e9e par e-mail ou approbation manuelle<\/li>\n<li>Fournit une couche de confiance suppl\u00e9mentaire pour les visiteurs du site<\/li>\n<li>Permet une cr\u00e9dibilit\u00e9 et un professionnalisme accrus pour le site<\/li>\n<li>Une exp\u00e9rience utilisateur am\u00e9lior\u00e9e comme les membres v\u00e9rifi\u00e9s peut \u00eatre filtr\u00e9 dans les r\u00e9sultats de la recherche<\/li>\n<li>Param\u00e8tres personnalisables pour r\u00e9pondre aux besoins de votre site<\/li>\n<li>Mises \u00e0 jour r\u00e9guli\u00e8res et support des d\u00e9veloppeurs de plugins<\/li>\n<li>Compatible avec un membre ultime et d&rsquo;autres plugins WordPress populaires.<\/li>\n<\/ul>\n","protected":false},"excerpt":{"rendered":"<p>Ultimate Member V\u00e9rifi\u00e9 les utilisateurs est une extension incroyablement robuste et efficace qui vous pr\u00e9sente la capacit\u00e9 transparente \u00e0 v\u00e9rifier sans effort les utilisateurs sur votre site Web, conduisant finalement \u00e0 un environnement en ligne plus s\u00e9curis\u00e9 et plus fiable. Cet outil remarquable vous permet d&rsquo;authentifier les identit\u00e9s des utilisateurs en leur accordant des badges personnalis\u00e9s et des marques de tiques v\u00e9rifi\u00e9es, augmentant ainsi la cr\u00e9dibilit\u00e9 globale et la fiabilit\u00e9 de votre communaut\u00e9 en ligne florissante. Non seulement cette extension offre cette fonctionnalit\u00e9 inestimable, mais elle permet \u00e9galement aux utilisateurs de v\u00e9rifier facilement leurs comptes par la v\u00e9rification par e-mail ou en tirant parti de diverses plateformes de m\u00e9dias sociaux. En mettant en \u0153uvre cette extension innovante, les risques inh\u00e9rents \u00e0 la rencontre des activit\u00e9s frauduleuses ou li\u00e9es au spam sont consid\u00e9rablement r\u00e9duites. En outre, les capacit\u00e9s \u00e0 multiples facettes de cette extension vous permettent \u00e9galement de limiter efficacement l&rsquo;acc\u00e8s \u00e0 des sections ou des zones sp\u00e9cifiques de votre site Web exclusivement aux utilisateurs v\u00e9rifi\u00e9s, garantissant ainsi une exp\u00e9rience utilisateur in\u00e9branlable et exceptionnellement fiable pour tous pour tous.<\/p>\n","protected":false},"featured_media":145646,"comment_status":"open","ping_status":"open","template":"","meta":[],"product_brand":[2679],"product_cat":[1300,1181,1186],"product_tag":[2296],"class_list":{"0":"post-120762","1":"product","2":"type-product","3":"status-publish","4":"has-post-thumbnail","6":"product_brand-ultimate-member","7":"product_cat-adhesion","8":"product_cat-plugins","9":"product_cat-wordpress-plugins","10":"product_tag-ultimate-member","11":"member-discount","12":"discount-restricted","14":"first","15":"instock","16":"sale","17":"downloadable","18":"virtual","19":"sold-individually","20":"purchasable","21":"product-type-simple"},"_links":{"self":[{"href":"https:\/\/gpl-love.com\/fr\/wp-json\/wp\/v2\/product\/120762","targetHints":{"allow":["GET"]}}],"collection":[{"href":"https:\/\/gpl-love.com\/fr\/wp-json\/wp\/v2\/product"}],"about":[{"href":"https:\/\/gpl-love.com\/fr\/wp-json\/wp\/v2\/types\/product"}],"replies":[{"embeddable":true,"href":"https:\/\/gpl-love.com\/fr\/wp-json\/wp\/v2\/comments?post=120762"}],"wp:featuredmedia":[{"embeddable":true,"href":"https:\/\/gpl-love.com\/fr\/wp-json\/wp\/v2\/media\/145646"}],"wp:attachment":[{"href":"https:\/\/gpl-love.com\/fr\/wp-json\/wp\/v2\/media?parent=120762"}],"wp:term":[{"taxonomy":"product_brand","embeddable":true,"href":"https:\/\/gpl-love.com\/fr\/wp-json\/wp\/v2\/product_brand?post=120762"},{"taxonomy":"product_cat","embeddable":true,"href":"https:\/\/gpl-love.com\/fr\/wp-json\/wp\/v2\/product_cat?post=120762"},{"taxonomy":"product_tag","embeddable":true,"href":"https:\/\/gpl-love.com\/fr\/wp-json\/wp\/v2\/product_tag?post=120762"}],"curies":[{"name":"wp","href":"https:\/\/api.w.org\/{rel}","templated":true}]}}