{"id":120759,"date":"2025-11-17T00:00:00","date_gmt":"2025-11-16T23:00:00","guid":{"rendered":"https:\/\/gpl-love.com\/fr\/produit\/peepso-wpadverts-integration\/"},"modified":"2026-03-20T23:31:21","modified_gmt":"2026-03-20T22:31:21","slug":"peepso-wpadverts-integration","status":"publish","type":"product","link":"https:\/\/gpl-love.com\/fr\/produit\/peepso-wpadverts-integration\/","title":{"rendered":"PeepSo WPAdverts Integration 8.0.0.0"},"content":{"rendered":"<h3>PeepSo WPAdverts Integration Traits<\/h3>\n<p>L&rsquo;int\u00e9gration de Peepso Wpadverts est un outil incroyablement robuste et tr\u00e8s efficace qui offre aux utilisateurs la capacit\u00e9 transparente \u00e0 int\u00e9grer leur r\u00e9seau social PEEPSO avec leur site Web WPADVERTS Classifieds. Cette int\u00e9gration est incroyablement avantageuse car elle permet aux utilisateurs de cr\u00e9er et de g\u00e9rer sans effort les publicit\u00e9s directement \u00e0 partir de leur profil Peepso, tout en partageant sans effort ces annonces avec leurs estim\u00e9s adeptes de Peepso. En outre, les utilisateurs b\u00e9n\u00e9ficient d&rsquo;une vaste gamme d&rsquo;options de personnalisation, ce qui leur permet d&rsquo;adapter l&rsquo;int\u00e9gration \u00e0 leurs besoins et pr\u00e9f\u00e9rences pr\u00e9cis. Compte tenu de son interface remarquablement conviviale et de sa fonctionnalit\u00e9 remarquablement puissante, il est irr\u00e9futable que l&rsquo;int\u00e9gration de Peepso Wpadverts soit une n\u00e9cessit\u00e9 absolue pour les personnes cherchant \u00e0 amplifier leur pr\u00e9sence en ligne et \u00e0 acc\u00e9l\u00e9rer leurs efforts publicitaires.<\/p>\n<ul>\n<li>Int\u00e9gre parfaitement le r\u00e9seau social PEEPSO avec les classifi\u00e9s WPADVERTS<\/li>\n<li>Permet aux utilisateurs de se connecter \u00e0 la section Classifieds avec leur compte Peepso<\/li>\n<li>Affiche les publicit\u00e9s WPADverts sur le flux d&rsquo;activit\u00e9 PEEPSO pour une visibilit\u00e9 suppl\u00e9mentaire<\/li>\n<li>Permet aux utilisateurs de Peepso de publier des publicit\u00e9s et de g\u00e9rer leurs listes WPADVERTS \u00e0 partir de leurs profils<\/li>\n<li>Cr\u00e9e une exp\u00e9rience transparente et intuitive pour les r\u00e9seaux sociaux et la navigation aux \u00c9tats-Unis<\/li>\n<li>Augmente l&rsquo;engagement sur les deux plates-formes en offrant une gamme plus large de fonctionnalit\u00e9s aux utilisateurs<\/li>\n<li>Gave le temps et les efforts en \u00e9liminant le besoin de connexions et de gestion de profil distinctes<\/li>\n<li>Am\u00e9liore le potentiel de mon\u00e9tisation des wpadverts en appuyant dans la base d&rsquo;utilisateurs et le trafic de Peepso.<\/li>\n<\/ul>\n","protected":false},"excerpt":{"rendered":"<p>L&rsquo;int\u00e9gration de Peepso Wpadverts se pr\u00e9sente comme une solution optimale pour les individus utilisant WordPress comme plate-forme et cherchant avec impatience \u00e0 fusionner parfaitement leurs sites Web d&rsquo;adh\u00e9sion et de classification. Avec l&rsquo;utilisation de cet outil de commandement, les utilisateurs ont la possibilit\u00e9 d&rsquo;amalgamer sans effort leur communaut\u00e9 de pepso en cours avec la plate-forme Wpadverts, leur accordant ainsi la capacit\u00e9 d&rsquo;administrer et de mon\u00e9tiser sans effort leurs publicit\u00e9s classifi\u00e9es, tout en facilitant simultan\u00e9ment une exp\u00e9rience plus sociale et interactive pour leurs membres estim\u00e9s. B\u00e9n\u00e9ficiant d&rsquo;une vaste gamme de fonctionnalit\u00e9s avanc\u00e9es et d&rsquo;une abondance d&rsquo;options de personnalisation, l&rsquo;int\u00e9gration de Peepso Wpadverts appara\u00eet comme le choix par excellence pour tout d\u00e9sir individuel pour propulser leur site Web \u00e0 des hauteurs sans pr\u00e9c\u00e9dent.<\/p>\n","protected":false},"featured_media":144962,"comment_status":"open","ping_status":"open","template":"","meta":[],"product_brand":[2621],"product_cat":[1300,1181,1186],"product_tag":[2297],"class_list":{"0":"post-120759","1":"product","2":"type-product","3":"status-publish","4":"has-post-thumbnail","6":"product_brand-peepso","7":"product_cat-adhesion","8":"product_cat-plugins","9":"product_cat-wordpress-plugins","10":"product_tag-peepso","11":"member-discount","12":"discount-restricted","14":"first","15":"instock","16":"sale","17":"downloadable","18":"virtual","19":"sold-individually","20":"purchasable","21":"product-type-simple"},"_links":{"self":[{"href":"https:\/\/gpl-love.com\/fr\/wp-json\/wp\/v2\/product\/120759","targetHints":{"allow":["GET"]}}],"collection":[{"href":"https:\/\/gpl-love.com\/fr\/wp-json\/wp\/v2\/product"}],"about":[{"href":"https:\/\/gpl-love.com\/fr\/wp-json\/wp\/v2\/types\/product"}],"replies":[{"embeddable":true,"href":"https:\/\/gpl-love.com\/fr\/wp-json\/wp\/v2\/comments?post=120759"}],"wp:featuredmedia":[{"embeddable":true,"href":"https:\/\/gpl-love.com\/fr\/wp-json\/wp\/v2\/media\/144962"}],"wp:attachment":[{"href":"https:\/\/gpl-love.com\/fr\/wp-json\/wp\/v2\/media?parent=120759"}],"wp:term":[{"taxonomy":"product_brand","embeddable":true,"href":"https:\/\/gpl-love.com\/fr\/wp-json\/wp\/v2\/product_brand?post=120759"},{"taxonomy":"product_cat","embeddable":true,"href":"https:\/\/gpl-love.com\/fr\/wp-json\/wp\/v2\/product_cat?post=120759"},{"taxonomy":"product_tag","embeddable":true,"href":"https:\/\/gpl-love.com\/fr\/wp-json\/wp\/v2\/product_tag?post=120759"}],"curies":[{"name":"wp","href":"https:\/\/api.w.org\/{rel}","templated":true}]}}