{"id":120757,"date":"2025-12-15T00:00:00","date_gmt":"2025-12-14T23:00:00","guid":{"rendered":"https:\/\/gpl-love.com\/fr\/produit\/peepso-wp-event-manager-integration\/"},"modified":"2026-03-20T23:31:21","modified_gmt":"2026-03-20T22:31:21","slug":"peepso-wp-event-manager-integration","status":"publish","type":"product","link":"https:\/\/gpl-love.com\/fr\/produit\/peepso-wp-event-manager-integration\/","title":{"rendered":"PeepSo WP Event Manager Integration 8.0.0.0"},"content":{"rendered":"<h3>PeepSo WP Event Manager Integration Traits<\/h3>\n<p>L&rsquo;int\u00e9gration du gestionnaire d&rsquo;\u00e9v\u00e9nements PEEPSO WP est un outil exceptionnellement robuste et influent qui amalgate parfaitement le plugin de gestion d&rsquo;\u00e9v\u00e9nements WordPress largement acclam\u00e9 avec le plugin de r\u00e9seautage social exceptionnellement polyvalent, PEEPSO. Gr\u00e2ce \u00e0 l&rsquo;int\u00e9gration transparente de ces deux plugins, les propri\u00e9taires de sites Web sont accord\u00e9s \u00e0 la capacit\u00e9 sans pr\u00e9c\u00e9dent \u00e0 l&rsquo;effort et \u00e0 la plus grande efficacit\u00e9, concevoir, administrer et promouvoir une multitude d&rsquo;\u00e9v\u00e9nements sur leur site estim\u00e9. De plus, cette int\u00e9gration remarquable offre \u00e0 leurs utilisateurs pr\u00e9cieux une plate-forme interactive et captivante dans laquelle ils peuvent \u00e9tablir des connexions significatives, favoriser des opportunit\u00e9s de r\u00e9seautage inestimables, ainsi que l&rsquo;\u00e9change et raconter leurs exp\u00e9riences in\u00e9gal\u00e9es. La gamme compl\u00e8te de fonctionnalit\u00e9s dont b\u00e9n\u00e9ficie cette int\u00e9gration comprend, mais ne se limite certainement pas aux capacit\u00e9s de cr\u00e9ation d&rsquo;\u00e9v\u00e9nements, aux fonctionnalit\u00e9s de suivi RSVP, aux notifications d&rsquo;\u00e9v\u00e9nements, ainsi qu&rsquo;\u00e0 une int\u00e9gration transparente avec diverses plateformes de m\u00e9dias sociaux pour faciliter le partage d&rsquo;\u00e9v\u00e9nements rapides et rationalis\u00e9. Par cons\u00e9quent, avec l&#8217;emploi de la remarquable int\u00e9gration du gestionnaire d&rsquo;\u00e9v\u00e9nements Peepso WP, les propri\u00e9taires de sites Web sont sur le point d&rsquo;\u00e9lever leurs efforts de gestion d&rsquo;\u00e9v\u00e9nements \u00e0 des hauteurs sans pr\u00e9c\u00e9dent, tout en donnant \u00e0 leurs utilisateurs ch\u00e9ries des exp\u00e9riences d&rsquo;\u00e9v\u00e9nements vraiment inoubliables et in\u00e9gal\u00e9es.<\/p>\n<ul>\n<li>Int\u00e8gre de mani\u00e8re transparente le plugin de r\u00e9seautage social PEEPSO avec WordPress Event Manager<\/li>\n<li>Permet aux organisateurs d&rsquo;\u00e9v\u00e9nements de cr\u00e9er et de g\u00e9rer des \u00e9v\u00e9nements au sein de leur communaut\u00e9 PEEPSO<\/li>\n<li>Les membres peuvent facilement RSVP et interagir les uns avec les autres \u00e0 travers des pages d&rsquo;\u00e9v\u00e9nements<\/li>\n<li>Fournit des notifications en temps r\u00e9el pour les \u00e9v\u00e9nements \u00e0 venir aux membres<\/li>\n<li>Offre des options de personnalisation pour les pages d&rsquo;\u00e9v\u00e9nements, y compris les widgets et les banni\u00e8res<\/li>\n<li>Rationalise la gestion des \u00e9v\u00e9nements pour les administrateurs en apportant toutes les t\u00e2ches li\u00e9es \u00e0 l&rsquo;\u00e9v\u00e9nement \u00e0 une plate-forme<\/li>\n<li>Am\u00e9liore l&rsquo;engagement communautaire et l&rsquo;exp\u00e9rience utilisateur en combinant les fonctionnalit\u00e9s de gestion des r\u00e9seaux sociaux et des \u00e9v\u00e9nements.<\/li>\n<\/ul>\n","protected":false},"excerpt":{"rendered":"<p>L&rsquo;int\u00e9gration du gestionnaire d&rsquo;\u00e9v\u00e9nements Peepso WP, salu\u00e9e comme un formidable plugin \u00e0 part enti\u00e8re, harmonise parfaitement votre site WordPress avec l&rsquo;outil de gestion d&rsquo;\u00e9v\u00e9nements acclam\u00e9 WP Event Manager. En utilisant cet outil innovant, vous \u00eates accord\u00e9 \u00e0 la capacit\u00e9 remarquable de g\u00e9n\u00e9rer, d&rsquo;administrer et de promouvoir et de promouvoir les \u00e9v\u00e9nements directement les limites de votre r\u00e9seau social Peepso. Gr\u00e2ce \u00e0 cette int\u00e9gration r\u00e9volutionnaire, vous \u00eates autoris\u00e9 \u00e0 exploiter la puissance collective de Peepso et du gestionnaire d&rsquo;\u00e9v\u00e9nements WP, vous \u00e9quipant ainsi d&rsquo;une vaste gamme d&rsquo;instruments indispensables qui sont indispensables pour construire des \u00e9v\u00e9nements captivants et centr\u00e9s sur la communaut\u00e9 qui sont garantis pour captiver et ravir votre membres appr\u00e9ci\u00e9s. Que vos aspirations impliquent d&rsquo;orchestrer une affaire grandiose et tentaculaire ou une collecte intime et intime, l&rsquo;int\u00e9gration du gestionnaire d&rsquo;\u00e9v\u00e9nements Peepso WP offre une solution intuitive et rationalis\u00e9e qui permet de cr\u00e9er votre public de qualit\u00e9 professionnelle qui facilitera sans aucun doute des liens fructueux avec votre public ch\u00e9ris. , ce qui a finalement conduit \u00e0 la promotion d&rsquo;une croissance des entreprises inestimable.<\/p>\n","protected":false},"featured_media":144961,"comment_status":"open","ping_status":"open","template":"","meta":[],"product_brand":[2621],"product_cat":[1300,1181,1186],"product_tag":[2297],"class_list":{"0":"post-120757","1":"product","2":"type-product","3":"status-publish","4":"has-post-thumbnail","6":"product_brand-peepso","7":"product_cat-adhesion","8":"product_cat-plugins","9":"product_cat-wordpress-plugins","10":"product_tag-peepso","11":"member-discount","12":"discount-restricted","14":"first","15":"instock","16":"sale","17":"downloadable","18":"virtual","19":"sold-individually","20":"purchasable","21":"product-type-simple"},"_links":{"self":[{"href":"https:\/\/gpl-love.com\/fr\/wp-json\/wp\/v2\/product\/120757","targetHints":{"allow":["GET"]}}],"collection":[{"href":"https:\/\/gpl-love.com\/fr\/wp-json\/wp\/v2\/product"}],"about":[{"href":"https:\/\/gpl-love.com\/fr\/wp-json\/wp\/v2\/types\/product"}],"replies":[{"embeddable":true,"href":"https:\/\/gpl-love.com\/fr\/wp-json\/wp\/v2\/comments?post=120757"}],"wp:featuredmedia":[{"embeddable":true,"href":"https:\/\/gpl-love.com\/fr\/wp-json\/wp\/v2\/media\/144961"}],"wp:attachment":[{"href":"https:\/\/gpl-love.com\/fr\/wp-json\/wp\/v2\/media?parent=120757"}],"wp:term":[{"taxonomy":"product_brand","embeddable":true,"href":"https:\/\/gpl-love.com\/fr\/wp-json\/wp\/v2\/product_brand?post=120757"},{"taxonomy":"product_cat","embeddable":true,"href":"https:\/\/gpl-love.com\/fr\/wp-json\/wp\/v2\/product_cat?post=120757"},{"taxonomy":"product_tag","embeddable":true,"href":"https:\/\/gpl-love.com\/fr\/wp-json\/wp\/v2\/product_tag?post=120757"}],"curies":[{"name":"wp","href":"https:\/\/api.w.org\/{rel}","templated":true}]}}