{"id":120755,"date":"2025-12-15T00:00:00","date_gmt":"2025-12-14T23:00:00","guid":{"rendered":"https:\/\/gpl-love.com\/fr\/produit\/peepso-woocommerce-et-dokan-integration\/"},"modified":"2026-03-20T23:31:20","modified_gmt":"2026-03-20T22:31:20","slug":"peepso-woocommerce-et-dokan-integration","status":"publish","type":"product","link":"https:\/\/gpl-love.com\/fr\/produit\/peepso-woocommerce-et-dokan-integration\/","title":{"rendered":"PeepSo WooCommerce et Dokan Integration 8.0.0.0"},"content":{"rendered":"<h3>PeepSo WooCommerce et Dokan Integration Traits<\/h3>\n<p>Peepso WooCommerce et Dokan Int\u00e9gration est un outil tr\u00e8s efficace et complet sp\u00e9cialement con\u00e7u pour am\u00e9liorer consid\u00e9rablement la fonctionnalit\u00e9 globale et les performances de votre boutique en ligne, vous offrant finalement un avantage de pointe sur le march\u00e9 du commerce \u00e9lectronique hautement comp\u00e9titif. En int\u00e9grant de mani\u00e8re transparente la puissante plate-forme de r\u00e9seautage social PEEPSO, le robuste plugin de commerce \u00e9lectronique WooCommerce et le plugin polyvalent de march\u00e9 multi-vendeurs Dokan, cette int\u00e9gration vous offre l&rsquo;occasion in\u00e9gal\u00e9e d&rsquo;\u00e9tablir et d&rsquo;exploiter un march\u00e9 en ligne enti\u00e8rement fonctionnel capable de faire face \u00e0 la gestion Les divers besoins et pr\u00e9f\u00e9rences de vos pr\u00e9cieux clients. Avec Peepso WooCommerce et l&rsquo;int\u00e9gration de Dokan \u00e0 votre disposition, vous \u00eates autoris\u00e9 \u00e0 offrir \u00e0 votre client\u00e8le estim\u00e9 une exp\u00e9rience d&rsquo;achat personnalis\u00e9e et interactive qui non seulement augmente et augmente consid\u00e9rablement vos chiffres de vente, mais \u00e9tablit \u00e9galement et nourrit des relations plus fortes et plus significatives avec vos pr\u00e9cieux clients, mais aussi qui sont indispensables dans la construction d&rsquo;une client\u00e8le fid\u00e8le et d\u00e9vou\u00e9e. De plus, cette int\u00e9gration remarquable vous permet de g\u00e9rer sans effort une multitude de fournisseurs et de leurs produits respectifs, fixant de mani\u00e8re transparente diff\u00e9rents taux de commission et accordant \u00e0 ces fournisseurs l&rsquo;autonomie pour g\u00e9rer et maintenir ind\u00e9pendamment leurs propres magasins individuels. Furthermore, this exceptional integration further enables you to effortlessly and conveniently incorporate a wide range of highly sought-after social networking features, such as user profiles, activity streams, groups, and private messaging, into your online store, thereby augmenting its overall appeal and potentiel d&rsquo;engagement des utilisateurs. En fin de compte, il est clairement clair que Peepso WooCommerce et Dokan Int\u00e9gration repr\u00e9sente un actif indispensable et inestimable pour tout propri\u00e9taire de boutique en ligne exigeant et qui est r\u00e9solue dans leur ambition, s\u00e9curisant et transcende les limites des pratiques conventionnelles du commerce \u00e9lectronique, en obtenant ainsi une position avantageuse dans le paysage des affaires en ligne en constante \u00e9volution et tr\u00e8s dynamique.<\/p>\n<ul>\n<li>Int\u00e8gre de mani\u00e8re transparente PEEPSO, WOOCOMMERCE et DOKAN pour fournir une puissante plate-forme de commerce \u00e9lectronique social<\/li>\n<li>Permet aux utilisateurs de cr\u00e9er sans effort des profils de r\u00e9seaux sociaux et d&rsquo;interagir les uns avec les autres, tout en achetant et vendant des produits sur le site<\/li>\n<li>Permet aux administrateurs du site de mettre en place leur propre march\u00e9, avec des fournisseurs capables d&rsquo;ajouter des produits et de g\u00e9rer leurs propres magasins<\/li>\n<li>Fournit une gamme d&rsquo;options de personnalisation pour s&rsquo;assurer que la plate-forme s&rsquo;adapte \u00e0 l&rsquo;image de marque et au style unique de chaque site<\/li>\n<li>Comprend des fonctionnalit\u00e9s utiles telles que les cotes de produit et les avis, plusieurs passerelles de paiement et des processus de paiement faciles pour les clients<\/li>\n<li>Offre un contr\u00f4le complet sur les listes de produits, les options d&rsquo;exp\u00e9dition et plus encore pour les fournisseurs et les administrateurs du site<\/li>\n<li>Aide \u00e0 stimuler l&rsquo;engagement et l&rsquo;activit\u00e9 du site en favorisant un sentiment de communaut\u00e9 parmi les acheteurs et les vendeurs<\/li>\n<li>Con\u00e7u pour \u00eatre convivial et intuitif, m\u00eame pour ceux qui n&rsquo;ont pas de connaissances techniques approfondies<\/li>\n<li>Continuellement mis \u00e0 jour et am\u00e9lior\u00e9s avec de nouvelles fonctionnalit\u00e9s et fonctionnalit\u00e9s pour rester en avance sur la modification des tendances et des besoins des entreprises de commerce \u00e9lectronique.<\/li>\n<\/ul>\n","protected":false},"excerpt":{"rendered":"<p>L&rsquo;int\u00e9gration Peepso WooCommerce et Dokan sert d&rsquo;outil tr\u00e8s efficace qui vise \u00e0 rationaliser et \u00e0 simplifier les op\u00e9rations de votre entreprise en ligne. En raison de cette int\u00e9gration, vous pouvez \u00e9tablir de mani\u00e8re transparente un lien entre votre r\u00e9seau social Peepso et votre WooCommerce et Dokan Marketplace. Par cons\u00e9quent, vos pr\u00e9cieux clients peuvent naviguer dans votre boutique en ligne avec la plus grande facilit\u00e9, simplifiant ainsi le processus de navigation et d&rsquo;achat de produits. De plus, cette int\u00e9gration vous permet de g\u00e9rer efficacement votre magasin et de suivre vos ventes via un tableau de bord centralis\u00e9. En adoptant cette int\u00e9gration, vous pouvez facilement rester en avance sur la courbe et superviser sans effort vos op\u00e9rations commerciales. Que vous soyez un propri\u00e9taire en herbe en herbe ou un professionnel exp\u00e9riment\u00e9 du commerce \u00e9lectronique, l&rsquo;int\u00e9gration Peepso WooCommerce et Dokan appara\u00eet comme la solution par excellence qui peut propulser votre entreprise en ligne \u00e0 des hauteurs de succ\u00e8s sans pr\u00e9c\u00e9dent.<\/p>\n","protected":false},"featured_media":144960,"comment_status":"open","ping_status":"open","template":"","meta":[],"product_brand":[2621],"product_cat":[1300,1181,1186],"product_tag":[2297],"class_list":{"0":"post-120755","1":"product","2":"type-product","3":"status-publish","4":"has-post-thumbnail","6":"product_brand-peepso","7":"product_cat-adhesion","8":"product_cat-plugins","9":"product_cat-wordpress-plugins","10":"product_tag-peepso","11":"member-discount","12":"discount-restricted","14":"first","15":"instock","16":"sale","17":"downloadable","18":"virtual","19":"sold-individually","20":"purchasable","21":"product-type-simple"},"_links":{"self":[{"href":"https:\/\/gpl-love.com\/fr\/wp-json\/wp\/v2\/product\/120755","targetHints":{"allow":["GET"]}}],"collection":[{"href":"https:\/\/gpl-love.com\/fr\/wp-json\/wp\/v2\/product"}],"about":[{"href":"https:\/\/gpl-love.com\/fr\/wp-json\/wp\/v2\/types\/product"}],"replies":[{"embeddable":true,"href":"https:\/\/gpl-love.com\/fr\/wp-json\/wp\/v2\/comments?post=120755"}],"wp:featuredmedia":[{"embeddable":true,"href":"https:\/\/gpl-love.com\/fr\/wp-json\/wp\/v2\/media\/144960"}],"wp:attachment":[{"href":"https:\/\/gpl-love.com\/fr\/wp-json\/wp\/v2\/media?parent=120755"}],"wp:term":[{"taxonomy":"product_brand","embeddable":true,"href":"https:\/\/gpl-love.com\/fr\/wp-json\/wp\/v2\/product_brand?post=120755"},{"taxonomy":"product_cat","embeddable":true,"href":"https:\/\/gpl-love.com\/fr\/wp-json\/wp\/v2\/product_cat?post=120755"},{"taxonomy":"product_tag","embeddable":true,"href":"https:\/\/gpl-love.com\/fr\/wp-json\/wp\/v2\/product_tag?post=120755"}],"curies":[{"name":"wp","href":"https:\/\/api.w.org\/{rel}","templated":true}]}}