{"id":120753,"date":"2025-12-12T00:00:00","date_gmt":"2025-12-11T23:00:00","guid":{"rendered":"https:\/\/gpl-love.com\/fr\/produit\/peepso-user-limits\/"},"modified":"2026-03-20T23:31:19","modified_gmt":"2026-03-20T22:31:19","slug":"peepso-user-limits","status":"publish","type":"product","link":"https:\/\/gpl-love.com\/fr\/produit\/peepso-user-limits\/","title":{"rendered":"PeepSo User Limits 8.0.0.0"},"content":{"rendered":"<h3>PeepSo User Limits Traits<\/h3>\n<p>Les limites de l&rsquo;utilisateur de Peepso, un outil incroyablement puissant, permet aux propri\u00e9taires de sites Web d&rsquo;\u00e9tablir des limitations sp\u00e9cifiques sur le nombre d&rsquo;utilisateurs qui peuvent s&rsquo;inscrire sur leur plate-forme. En utilisant cet outil robuste, les propri\u00e9taires de sites Web peuvent g\u00e9rer efficacement leur base d&rsquo;utilisateurs, garantissant ainsi la nature perp\u00e9tuellement stable et r\u00e9active de leur site. Par cons\u00e9quent, en mettant en \u0153uvre les limites des utilisateurs, les propri\u00e9taires de sites Web peuvent effectivement \u00e9viter la surpopulation, pr\u00e9servant ainsi la qualit\u00e9 exceptionnelle de l&rsquo;exp\u00e9rience utilisateur qu&rsquo;ils offrent. B\u00e9n\u00e9ficiant de fonctionnalit\u00e9s conviviales, les limites utilisateur de PEEPSO permettent une personnalisation transparente, uniquement adapt\u00e9e pour r\u00e9pondre aux exigences sp\u00e9cifiques de tout site Web, quelle que soit son \u00e9chelle, que ce soit un blog diminutif ou un vaste centre de commerce \u00e9lectronique. En effet, cet outil indispensable est un incontournable absolu pour chaque entreprise en ligne florissante, permettant aux propri\u00e9taires de sites Web d&rsquo;affirmer fermement le contr\u00f4le de leur base d&rsquo;utilisateurs, garantissant ainsi les performances optimales de leur site, \u00e9ternellement pr\u00eate \u00e0 son Zenith.<\/p>\n<ul>\n<li>Restreindre le nombre d&rsquo;utilisateurs ayant acc\u00e8s \u00e0 votre communaut\u00e9 PEEPSO<\/li>\n<li>D\u00e9finir des limites au nombre de membres ou des r\u00f4les utilisateur sp\u00e9cifiques<\/li>\n<li>Augmenter la confidentialit\u00e9 et l&rsquo;exclusivit\u00e9 de votre communaut\u00e9 en ligne<\/li>\n<li>G\u00e9rer et contr\u00f4ler la croissance de votre communaut\u00e9<\/li>\n<li>Assurer une exp\u00e9rience de haute qualit\u00e9 pour tous les membres en limitant le nombre d&rsquo;utilisateurs<\/li>\n<li>Stimulez l&rsquo;engagement et la r\u00e9tention en cr\u00e9ant une communaut\u00e9 soud\u00e9e avec un abonnement limit\u00e9<\/li>\n<li>Ajustez facilement les limites de l&rsquo;utilisateur \u00e0 mesure que votre communaut\u00e9 grandit ou change<\/li>\n<li>Compatible avec les sites Web et les r\u00e9seaux sociaux propuls\u00e9s par Peepso<\/li>\n<li>Interface conviviale pour une configuration et une gestion faciles<\/li>\n<li>Am\u00e9liore la s\u00e9curit\u00e9 en limitant l&rsquo;acc\u00e8s \u00e0 votre communaut\u00e9 uniquement aux membres approuv\u00e9s.<\/li>\n<\/ul>\n","protected":false},"excerpt":{"rendered":"<p>Les limites de l&rsquo;utilisateur de Peepso sont un outil extr\u00eamement robuste qui vous offre la capacit\u00e9 d&rsquo;exercer un contr\u00f4le sur la quantit\u00e9 d&rsquo;individus utilisant votre site de r\u00e9seautage social Peepso. En utilisant ce plugin tr\u00e8s efficace, vous avez la possibilit\u00e9 d&rsquo;\u00e9tablir sans effort des restrictions relatives aux inscriptions des utilisateurs, aux inscriptions nouvellement acquises et aux d\u00e9signations d&rsquo;utilisateurs, garantissant ainsi que votre communaut\u00e9 maintient un \u00e9tat g\u00e9rable et bien organis\u00e9. De plus, l&rsquo;interface conviviale vous offre la commodit\u00e9 de personnaliser vos configurations et d&rsquo;administrer sans effort les questions li\u00e9es \u00e0 l&rsquo;utilisateur. Que vous soyez exploit\u00e9 un r\u00e9seau sp\u00e9cialis\u00e9 diminutif ou une vaste communaut\u00e9 \u00e0 grande \u00e9chelle, les limites d&rsquo;utilisateurs de Peepso apparaissent comme un plugin indispensable, permettant le fonctionnement fluide et sans entrave de votre plate-forme estim\u00e9e.<\/p>\n","protected":false},"featured_media":144959,"comment_status":"open","ping_status":"open","template":"","meta":[],"product_brand":[2621],"product_cat":[1300,1181,1186],"product_tag":[2297],"class_list":{"0":"post-120753","1":"product","2":"type-product","3":"status-publish","4":"has-post-thumbnail","6":"product_brand-peepso","7":"product_cat-adhesion","8":"product_cat-plugins","9":"product_cat-wordpress-plugins","10":"product_tag-peepso","11":"member-discount","12":"discount-restricted","14":"first","15":"instock","16":"sale","17":"downloadable","18":"virtual","19":"sold-individually","20":"purchasable","21":"product-type-simple"},"_links":{"self":[{"href":"https:\/\/gpl-love.com\/fr\/wp-json\/wp\/v2\/product\/120753","targetHints":{"allow":["GET"]}}],"collection":[{"href":"https:\/\/gpl-love.com\/fr\/wp-json\/wp\/v2\/product"}],"about":[{"href":"https:\/\/gpl-love.com\/fr\/wp-json\/wp\/v2\/types\/product"}],"replies":[{"embeddable":true,"href":"https:\/\/gpl-love.com\/fr\/wp-json\/wp\/v2\/comments?post=120753"}],"wp:featuredmedia":[{"embeddable":true,"href":"https:\/\/gpl-love.com\/fr\/wp-json\/wp\/v2\/media\/144959"}],"wp:attachment":[{"href":"https:\/\/gpl-love.com\/fr\/wp-json\/wp\/v2\/media?parent=120753"}],"wp:term":[{"taxonomy":"product_brand","embeddable":true,"href":"https:\/\/gpl-love.com\/fr\/wp-json\/wp\/v2\/product_brand?post=120753"},{"taxonomy":"product_cat","embeddable":true,"href":"https:\/\/gpl-love.com\/fr\/wp-json\/wp\/v2\/product_cat?post=120753"},{"taxonomy":"product_tag","embeddable":true,"href":"https:\/\/gpl-love.com\/fr\/wp-json\/wp\/v2\/product_tag?post=120753"}],"curies":[{"name":"wp","href":"https:\/\/api.w.org\/{rel}","templated":true}]}}