{"id":120751,"date":"2025-12-15T00:00:00","date_gmt":"2025-12-14T23:00:00","guid":{"rendered":"https:\/\/gpl-love.com\/fr\/produit\/peepso-social-login-et-invitations\/"},"modified":"2026-03-20T23:31:18","modified_gmt":"2026-03-20T22:31:18","slug":"peepso-social-login-et-invitations","status":"publish","type":"product","link":"https:\/\/gpl-love.com\/fr\/produit\/peepso-social-login-et-invitations\/","title":{"rendered":"PeepSo Social Login et Invitations 8.0.0.0"},"content":{"rendered":"<h3>PeepSo Social Login et Invitations Traits<\/h3>\n<p>Peepso Social Login and Invitations, un outil en ligne tr\u00e8s robuste, sert de solution remarquable pour les personnes visant \u00e0 acc\u00e9der commod\u00e9ment \u00e0 leurs plateformes de m\u00e9dias sociaux pr\u00e9f\u00e9r\u00e9es, y compris, mais sans s&rsquo;y limiter, Twitter et LinkedIn. Gr\u00e2ce \u00e0 l&rsquo;utilisation de ce plugin, les utilisateurs peuvent savourer dans une exp\u00e9rience rationalis\u00e9e de mani\u00e8re transparente, \u00e9liminant efficacement les exigences lourdes de subir un processus d&rsquo;enregistrement distinct. De plus, la connexion sociale et les invitations de Peepso autorisent davantage les utilisateurs en facilitant l&rsquo;invitation de leurs proches et des connaissances \u00e0 participer \u00e0 la plate-forme, amplifiant ainsi avec succ\u00e8s l&rsquo;\u00e9chelle de leur r\u00e9seau social. Notamment, ce plugin charg\u00e9 de fonctionnalit\u00e9s pr\u00e9sente un large \u00e9ventail d&rsquo;alternatives de personnalisation, offrant aux utilisateurs la libert\u00e9 d&rsquo;activer s\u00e9lectivement les plateformes de m\u00e9dias sociaux sp\u00e9cifiques pour la connexion et les invitations. De toute \u00e9vidence, la connexion sociale et les invitations de PEEPSO \u00e9mergent comme un instrument par excellence, r\u00e9pondant aux besoins de tout propri\u00e9taire de site Web aspirant \u00e0 augmenter l&rsquo;engagement des utilisateurs et \u00e0 \u00e9largir leur sph\u00e8re d&rsquo;influence via l&rsquo;int\u00e9gration transparente des m\u00e9dias sociaux.<\/p>\n<ul>\n<li>Int\u00e9grer de mani\u00e8re transparente les options de connexion sociale \u00e0 votre site Web avec Peepso Social Login<\/li>\n<li>Permettez aux utilisateurs de se connecter rapidement et facilement avec leurs comptes de m\u00e9dias sociaux existants<\/li>\n<li>Augmenter l&rsquo;engagement des utilisateurs en r\u00e9duisant la friction de l&rsquo;inscription \u00e0 un nouveau compte<\/li>\n<li>Personnalisez les boutons de connexion sociale pour s&rsquo;adapter \u00e0 l&rsquo;apparence de votre site<\/li>\n<li>Suivre le comportement de connexion des utilisateurs et collecter des donn\u00e9es pr\u00e9cieuses sur la fa\u00e7on dont les utilisateurs interagissent avec votre site<\/li>\n<li>Encouragez les utilisateurs \u00e0 inviter leurs amis \u00e0 rejoindre votre site avec les invitations sociales de Peepso<\/li>\n<li>Envoyez rapidement et facilement des invitations personnalisables via les m\u00e9dias sociaux ou les e-mails<\/li>\n<li>Augmentez la port\u00e9e de votre site et d\u00e9veloppez votre base d&rsquo;utilisateurs avec un minimum d&rsquo;effort<\/li>\n<li>Surveillez le succ\u00e8s de vos invitations sociales et ajustez votre strat\u00e9gie au besoin<\/li>\n<li>Combinez \u00e0 la fois la connexion sociale et les invitations pour cr\u00e9er une strat\u00e9gie d&rsquo;acquisition d&rsquo;utilisateurs sans couture et efficace pour votre site Web.<\/li>\n<\/ul>\n","protected":false},"excerpt":{"rendered":"<p>La connexion sociale et les invitations de PEEPSO pr\u00e9sente une solution de r\u00e9seautage social robuste qui introduit un \u00e9ventail de fonctionnalit\u00e9s de connexion sociale et d&rsquo;invitation extr\u00eamement polyvalentes pour augmenter votre site Web. En incorporant ce plugin, les individus peuvent s&rsquo;inscrire ou se connecter sans effort en tirant parti de leurs comptes Twitter, Facebook, LinkedIn ou Google, acc\u00e9l\u00e9rant et simplifiant ainsi la proc\u00e9dure d&rsquo;enregistrement. De plus, il vous permet de construire ou d&rsquo;importer des listes d&rsquo;invitations, de r\u00e9partir les invitations et de surveiller les mesures d&rsquo;engagement. En utilisant la connexion sociale et les invitations de PEEPSO, vous pouvez optimiser le processus de connexion et d&rsquo;enregistrement, conduisant \u00e0 un engagement et \u00e0 une expansion accrus de votre r\u00e9seau social.<\/p>\n","protected":false},"featured_media":144958,"comment_status":"open","ping_status":"open","template":"","meta":[],"product_brand":[2621],"product_cat":[1300,1181,1186],"product_tag":[2297],"class_list":{"0":"post-120751","1":"product","2":"type-product","3":"status-publish","4":"has-post-thumbnail","6":"product_brand-peepso","7":"product_cat-adhesion","8":"product_cat-plugins","9":"product_cat-wordpress-plugins","10":"product_tag-peepso","11":"member-discount","12":"discount-restricted","14":"first","15":"instock","16":"sale","17":"downloadable","18":"virtual","19":"sold-individually","20":"purchasable","21":"product-type-simple"},"_links":{"self":[{"href":"https:\/\/gpl-love.com\/fr\/wp-json\/wp\/v2\/product\/120751","targetHints":{"allow":["GET"]}}],"collection":[{"href":"https:\/\/gpl-love.com\/fr\/wp-json\/wp\/v2\/product"}],"about":[{"href":"https:\/\/gpl-love.com\/fr\/wp-json\/wp\/v2\/types\/product"}],"replies":[{"embeddable":true,"href":"https:\/\/gpl-love.com\/fr\/wp-json\/wp\/v2\/comments?post=120751"}],"wp:featuredmedia":[{"embeddable":true,"href":"https:\/\/gpl-love.com\/fr\/wp-json\/wp\/v2\/media\/144958"}],"wp:attachment":[{"href":"https:\/\/gpl-love.com\/fr\/wp-json\/wp\/v2\/media?parent=120751"}],"wp:term":[{"taxonomy":"product_brand","embeddable":true,"href":"https:\/\/gpl-love.com\/fr\/wp-json\/wp\/v2\/product_brand?post=120751"},{"taxonomy":"product_cat","embeddable":true,"href":"https:\/\/gpl-love.com\/fr\/wp-json\/wp\/v2\/product_cat?post=120751"},{"taxonomy":"product_tag","embeddable":true,"href":"https:\/\/gpl-love.com\/fr\/wp-json\/wp\/v2\/product_tag?post=120751"}],"curies":[{"name":"wp","href":"https:\/\/api.w.org\/{rel}","templated":true}]}}