{"id":120749,"date":"2025-12-12T00:00:00","date_gmt":"2025-12-11T23:00:00","guid":{"rendered":"https:\/\/gpl-love.com\/fr\/produit\/peepso-photos\/"},"modified":"2026-03-20T23:31:18","modified_gmt":"2026-03-20T22:31:18","slug":"peepso-photos","status":"publish","type":"product","link":"https:\/\/gpl-love.com\/fr\/produit\/peepso-photos\/","title":{"rendered":"PeepSo Photos 8.0.0.0"},"content":{"rendered":"<h3>PeepSo Photos Traits<\/h3>\n<p>Peepso Photos est un outil extr\u00eamement robuste et comp\u00e9tent pour g\u00e9rer des photos, permettant aux utilisateurs la capacit\u00e9 sans effort de partager et de pr\u00e9senter leurs photographies sur leur plate-forme de r\u00e9seau social Peepso. Arborant une interface remarquablement conviviale, les utilisateurs peuvent t\u00e9l\u00e9charger, modifier et organiser m\u00e9ticuleusement leurs photos, fabriquer habilement des albums et les distribuer sans effort parmi leur r\u00e9seau social. PeepSo Photos further augments its prowess by endowing users with an array of advanced features, such as the ability to tag individuals in photos, facilitating smooth and unencumbered communication through commenting and liking, thereby facilitating a seamless and fluid interaction between users, ultimately fostering the growth d&rsquo;une communaut\u00e9 sociale indomptable. Qu&rsquo;un individu s&rsquo;identifie comme un photographe, un blogueur ou simplement se d\u00e9lecter de son statut de passionn\u00e9 de m\u00e9dias sociaux, Peepso Photos est un outil indispensable, augmentant parfaitement sa capacit\u00e9 \u00e0 montrer parfaitement leur travail tout en forgeant simultan\u00e9 .<\/p>\n<ul>\n<li>T\u00e9l\u00e9chargez facilement et partagez des photos avec votre communaut\u00e9 Peepso<\/li>\n<li>Organiser et \u00e9tiqueter des photos avec des balises et des descriptions<\/li>\n<li>Personnaliser les param\u00e8tres de visibilit\u00e9 de l&rsquo;album photo pour le contr\u00f4le de la confidentialit\u00e9<\/li>\n<li>Commenter et aimer les photos dans le r\u00e9seau social<\/li>\n<li>Afficher les photos en mode d\u00e9taill\u00e9 complet<\/li>\n<li>Int\u00e9gration exclusive avec les profils d&rsquo;utilisateurs de Peepso et les flux d&rsquo;activit\u00e9s<\/li>\n<li>Conception adapt\u00e9e aux mobiles pour un acc\u00e8s facile et \u00e0 utiliser sur le pouce<\/li>\n<li>Compatible avec Peepso Core et tous les autres plugins Peepso et compl\u00e9ments.<\/li>\n<\/ul>\n","protected":false},"excerpt":{"rendered":"<p>Peepso Photos est un outil incroyablement robuste qui donne aux individus la possibilit\u00e9 de t\u00e9l\u00e9charger et de distribuer sans effort leurs photographies personnelles. Gr\u00e2ce \u00e0 l&rsquo;utilisation d&rsquo;une interface \u00e9l\u00e9gante et conviviale, Peepso Photos facilite la gestion et l&rsquo;organisation simples de la collection d&rsquo;images. La plate-forme permet aux utilisateurs de g\u00e9n\u00e9rer des albums sans effort, de marquer de mani\u00e8re transparente leurs connaissances et m\u00eame de prendre une modification photo directe dans les limites de Peepso. Que l&rsquo;objectif soit de rester connect\u00e9 avec des \u00eatres chers ou de montrer ses propres prouesses photographiques, Peepso Photos fournit une plate-forme exceptionnellement id\u00e9ale pour accomplir toutes ces efforts.<\/p>\n","protected":false},"featured_media":144957,"comment_status":"open","ping_status":"open","template":"","meta":[],"product_brand":[2621],"product_cat":[1300,1181,1186],"product_tag":[2297],"class_list":{"0":"post-120749","1":"product","2":"type-product","3":"status-publish","4":"has-post-thumbnail","6":"product_brand-peepso","7":"product_cat-adhesion","8":"product_cat-plugins","9":"product_cat-wordpress-plugins","10":"product_tag-peepso","11":"member-discount","12":"discount-restricted","14":"first","15":"instock","16":"sale","17":"downloadable","18":"virtual","19":"sold-individually","20":"purchasable","21":"product-type-simple"},"_links":{"self":[{"href":"https:\/\/gpl-love.com\/fr\/wp-json\/wp\/v2\/product\/120749","targetHints":{"allow":["GET"]}}],"collection":[{"href":"https:\/\/gpl-love.com\/fr\/wp-json\/wp\/v2\/product"}],"about":[{"href":"https:\/\/gpl-love.com\/fr\/wp-json\/wp\/v2\/types\/product"}],"replies":[{"embeddable":true,"href":"https:\/\/gpl-love.com\/fr\/wp-json\/wp\/v2\/comments?post=120749"}],"wp:featuredmedia":[{"embeddable":true,"href":"https:\/\/gpl-love.com\/fr\/wp-json\/wp\/v2\/media\/144957"}],"wp:attachment":[{"href":"https:\/\/gpl-love.com\/fr\/wp-json\/wp\/v2\/media?parent=120749"}],"wp:term":[{"taxonomy":"product_brand","embeddable":true,"href":"https:\/\/gpl-love.com\/fr\/wp-json\/wp\/v2\/product_brand?post=120749"},{"taxonomy":"product_cat","embeddable":true,"href":"https:\/\/gpl-love.com\/fr\/wp-json\/wp\/v2\/product_cat?post=120749"},{"taxonomy":"product_tag","embeddable":true,"href":"https:\/\/gpl-love.com\/fr\/wp-json\/wp\/v2\/product_tag?post=120749"}],"curies":[{"name":"wp","href":"https:\/\/api.w.org\/{rel}","templated":true}]}}