{"id":120747,"date":"2025-12-12T00:00:00","date_gmt":"2025-12-11T23:00:00","guid":{"rendered":"https:\/\/gpl-love.com\/fr\/produit\/peepso-gecko-theme\/"},"modified":"2026-03-20T23:31:12","modified_gmt":"2026-03-20T22:31:12","slug":"peepso-gecko-theme","status":"publish","type":"product","link":"https:\/\/gpl-love.com\/fr\/produit\/peepso-gecko-theme\/","title":{"rendered":"PeepSo Gecko Theme 8.0.0.0"},"content":{"rendered":"<h3>PeepSo Gecko Theme Traits<\/h3>\n<p>Con\u00e7u sp\u00e9cifiquement pour les communaut\u00e9s en ligne, le th\u00e8me Peepso Gecko est un th\u00e8me WordPress hautement personnalisable et r\u00e9actif. Il poss\u00e8de un design \u00e9l\u00e9gant et moderne qui est parfait pour cr\u00e9er des sites Web engageants et interactifs de r\u00e9seautage social. En plus de son attrait esth\u00e9tique, ce th\u00e8me propose une large gamme de fonctionnalit\u00e9s pour am\u00e9liorer votre site Web de communaut\u00e9 en ligne, y compris des widgets personnalis\u00e9s, des options de th\u00e8me avanc\u00e9es et plusieurs options de mise en page. De plus, il s&rsquo;int\u00e8gre parfaitement au plugin de r\u00e9seautage social Peepso, qui offre des fonctionnalit\u00e9s essentielles telles que les profils, le flux d&rsquo;activit\u00e9 et la messagerie priv\u00e9e. En utilisant le th\u00e8me Peepso Gecko, vous pouvez construire sans effort une communaut\u00e9 en ligne visuellement magnifique et fonctionnelle qui r\u00e9pond aux besoins uniques de votre public.<\/p>\n<ul>\n<li>Th\u00e8me personnalisable pour la plate-forme communautaire Peepso<\/li>\n<li>Design moderne et \u00e9l\u00e9gant<\/li>\n<li>Comprend une vari\u00e9t\u00e9 d&rsquo;options de couleurs pour correspondre \u00e0 votre marque<\/li>\n<li>Mobile r\u00e9actif pour une exp\u00e9rience utilisateur optimale sur n&rsquo;importe quel appareil<\/li>\n<li>Compatible avec la derni\u00e8re version de Peepso<\/li>\n<li>Comprend des options de personnalisation faciles \u00e0 utiliser pour la disposition et le style du site<\/li>\n<li>Widgets int\u00e9gr\u00e9s pour afficher des publications et des membres populaires<\/li>\n<li>Param\u00e8tres de th\u00e8me avanc\u00e9 pour d&rsquo;autres options de personnalisation<\/li>\n<li>Processus d&rsquo;installation facile avec une configuration en un clic<\/li>\n<li>Mises \u00e0 jour r\u00e9guli\u00e8res et soutien de l&rsquo;\u00e9quipe PEEPSO pour des fonctionnalit\u00e9s et des performances maximales.<\/li>\n<\/ul>\n","protected":false},"excerpt":{"rendered":"<p>Le th\u00e8me de Peepso Gecko, un design \u00e9l\u00e9gamment con\u00e7u et contemporain sp\u00e9cifiquement adapt\u00e9 au plugin de r\u00e9seau social Peepso, poss\u00e8de une multitude de fonctionnalit\u00e9s remarquables. Sa disposition \u00e9l\u00e9gante et tr\u00e8s r\u00e9active garantit une plate-forme impeccable pour pr\u00e9senter le contenu de votre r\u00e9seau social d&rsquo;une mani\u00e8re in\u00e9gal\u00e9e. La disposition personnalisable de la page d&rsquo;accueil amplifie davantage l&rsquo;attrait de ce th\u00e8me, vous permettant d&rsquo;afficher en \u00e9vidence votre contenu le plus crucial, am\u00e9liorant ainsi l&rsquo;exp\u00e9rience utilisateur et facilitant la navigation transparente dans votre site. En outre, ce th\u00e8me a \u00e9t\u00e9 m\u00e9ticuleusement optimis\u00e9 \u00e0 des fins d&rsquo;optimisation des moteurs de recherche (SEO), garantissant une visibilit\u00e9 accrue et une augmentation du trafic vers votre site. Si vous \u00eates \u00e0 la recherche d&rsquo;un th\u00e8me de pointe et sophistiqu\u00e9 pour votre r\u00e9seau social Peepso, le th\u00e8me Peepso Gecko \u00e9merge sans \u00e9quivoque comme le choix id\u00e9al.<\/p>\n","protected":false},"featured_media":144951,"comment_status":"open","ping_status":"open","template":"","meta":[],"product_brand":[2621],"product_cat":[1242,1212,1213],"product_tag":[2297],"class_list":{"0":"post-120747","1":"product","2":"type-product","3":"status-publish","4":"has-post-thumbnail","6":"product_brand-peepso","7":"product_cat-creatif","8":"product_cat-themes","9":"product_cat-wordpress-themes","10":"product_tag-peepso","11":"member-discount","12":"discount-restricted","14":"first","15":"instock","16":"sale","17":"downloadable","18":"virtual","19":"sold-individually","20":"purchasable","21":"product-type-simple"},"_links":{"self":[{"href":"https:\/\/gpl-love.com\/fr\/wp-json\/wp\/v2\/product\/120747","targetHints":{"allow":["GET"]}}],"collection":[{"href":"https:\/\/gpl-love.com\/fr\/wp-json\/wp\/v2\/product"}],"about":[{"href":"https:\/\/gpl-love.com\/fr\/wp-json\/wp\/v2\/types\/product"}],"replies":[{"embeddable":true,"href":"https:\/\/gpl-love.com\/fr\/wp-json\/wp\/v2\/comments?post=120747"}],"wp:featuredmedia":[{"embeddable":true,"href":"https:\/\/gpl-love.com\/fr\/wp-json\/wp\/v2\/media\/144951"}],"wp:attachment":[{"href":"https:\/\/gpl-love.com\/fr\/wp-json\/wp\/v2\/media?parent=120747"}],"wp:term":[{"taxonomy":"product_brand","embeddable":true,"href":"https:\/\/gpl-love.com\/fr\/wp-json\/wp\/v2\/product_brand?post=120747"},{"taxonomy":"product_cat","embeddable":true,"href":"https:\/\/gpl-love.com\/fr\/wp-json\/wp\/v2\/product_cat?post=120747"},{"taxonomy":"product_tag","embeddable":true,"href":"https:\/\/gpl-love.com\/fr\/wp-json\/wp\/v2\/product_tag?post=120747"}],"curies":[{"name":"wp","href":"https:\/\/api.w.org\/{rel}","templated":true}]}}