{"id":120743,"date":"2025-12-15T00:00:00","date_gmt":"2025-12-14T23:00:00","guid":{"rendered":"https:\/\/gpl-love.com\/fr\/produit\/peepso-paid-memberships-pro-integration\/"},"modified":"2026-03-20T23:31:17","modified_gmt":"2026-03-20T22:31:17","slug":"peepso-paid-memberships-pro-integration","status":"publish","type":"product","link":"https:\/\/gpl-love.com\/fr\/produit\/peepso-paid-memberships-pro-integration\/","title":{"rendered":"PeepSo Paid Memberships Pro Integration 8.0.0.0"},"content":{"rendered":"<h3>PeepSo Paid Memberships Pro Integration Traits<\/h3>\n<p>Peepso Pay\u00e9 les membres PRO INT\u00c9GRATION est un outil extr\u00eamement robuste et puissant qui combine ing\u00e9nieusement deux plugins extr\u00eamement populaires, facilitant ainsi la cr\u00e9ation d&rsquo;une exp\u00e9rience d&rsquo;adh\u00e9sion impeccablement transparente pour votre site Web estim\u00e9. Cette int\u00e9gration in\u00e9gal\u00e9e vous conf\u00e8re la capacit\u00e9 remarquable de proposer des abonnements payants \u00e0 vos utilisateurs estim\u00e9s, tout en leur confortant simultan\u00e9ment une myriade de fonctionnalit\u00e9s de r\u00e9seautage social d&rsquo;avant-garde. Par cons\u00e9quent, cette fusion remarquable de plugins facilite et acc\u00e9l\u00e8re consid\u00e9rablement leur capacit\u00e9 \u00e0 interagir de mani\u00e8re transparente les uns avec les autres, favorisant un sentiment in\u00e9gal\u00e9 de camaraderie et de communaut\u00e9.<\/p>\n<p>La fonctionnalit\u00e9 in\u00e9gal\u00e9e et sophistiqu\u00e9e de PEEPSO vous permet de forger et de cultiver sans effort une vaste gamme de profils d&rsquo;utilisateurs, de groupes et de forums, facilitant et am\u00e9liorant ainsi l&rsquo;exp\u00e9rience utilisateur globale. D&rsquo;un autre c\u00f4t\u00e9, les adh\u00e9sions r\u00e9mun\u00e9r\u00e9es tr\u00e8s acclam\u00e9es pro ont prudemment un \u00e9ventail d&rsquo;outils indispensables, vous permettant ainsi de g\u00e9rer habilement les niveaux d&rsquo;adh\u00e9sion, de naviguer dans les restrictions d&rsquo;acc\u00e8s et de traiter de mani\u00e8re transparente les paiements. En exploitant astucieusement la puissance collective et le potentiel de ces deux plugins extraordinaires, vous pouvez ing\u00e9nieusement fabriquer un site d&rsquo;adh\u00e9sion global qui est non seulement profond\u00e9ment captivant mais aussi royalement rentable.<\/p>\n<p>Par cons\u00e9quent, il est clairement clair que, que vous vous efforcez ardemment de construire un r\u00e9seau social impressionnant, un cours en ligne ou un produit num\u00e9rique exceptionnel, la polyvalence et les fonctionnalit\u00e9s sans \u00e9quivoque et la fonctionnalit\u00e9 de PEEPSO garantissent sans \u00e9quivoque ce Vos besoins et aspirations fervents doivent \u00eatre adapt\u00e9s et finalement rencontr\u00e9s par un succ\u00e8s retentissant.<\/p>\n<ul>\n<li>Int\u00e8gre de mani\u00e8re transparente PEEPSO et les adh\u00e9sions payantes Plugins Pro<\/li>\n<li>Permet aux utilisateurs de cr\u00e9er et de g\u00e9rer facilement leurs abonnements au sein de Peepso<\/li>\n<li>Fournit des fonctionnalit\u00e9s de contr\u00f4le d&rsquo;acc\u00e8s avanc\u00e9 et de protection de contenu<\/li>\n<li>Offre plusieurs options de paiement, y compris les paiements r\u00e9currents<\/li>\n<li>Donne aux administrateurs un contr\u00f4le total sur les plans d&rsquo;adh\u00e9sion et les prix<\/li>\n<li>Comprend des rapports d\u00e9taill\u00e9s et des analyses pour surveiller l&rsquo;activit\u00e9 et les revenus de l&rsquo;adh\u00e9sion<\/li>\n<li>Fournit des notifications par e-mail personnalisables pour les activit\u00e9s li\u00e9es \u00e0 l&rsquo;adh\u00e9sion<\/li>\n<li>Offre une interface conviviale pour les membres pour mettre \u00e0 niveau, r\u00e9trograder ou annuler leurs abonnements<\/li>\n<li>Am\u00e9liore l&rsquo;engagement et la fid\u00e9lit\u00e9 des utilisateurs en offrant un contenu et des avantages exclusifs aux membres<\/li>\n<li>Soutient l&rsquo;int\u00e9gration avec d&rsquo;autres extensions PEEPSO pour une exp\u00e9rience de r\u00e9seautage social pleinement int\u00e9gr\u00e9.<\/li>\n<\/ul>\n","protected":false},"excerpt":{"rendered":"<p>L&rsquo;int\u00e9gration des membres PEEPSO Pay\u00e9s Pro est un outil incroyablement robuste et efficace qui m\u00e9lange sans effort le r\u00e9seau social PEEPSO avec la fonctionnalit\u00e9 impeccable des membres payants Pro. Gr\u00e2ce \u00e0 l&rsquo;utilisation de cette int\u00e9gration remarquable, les administrateurs de sites ont la capacit\u00e9 remarquable de g\u00e9n\u00e9rer et de contr\u00f4ler sans effort un large \u00e9ventail de niveaux d&rsquo;adh\u00e9sion, tout en imposant simultan\u00e9ment des restrictions \u00e0 l&rsquo;accessibilit\u00e9 du contenu et en mettant en \u0153uvre des frais pour les caract\u00e9ristiques sociales de Peepso. Par cons\u00e9quent, cette int\u00e9gration transparente engendre une exp\u00e9rience sociale beaucoup plus coh\u00e9rente et mon\u00e9taire lucrative pour le propri\u00e9taire du site et les membres estim\u00e9s de la communaut\u00e9.<\/p>\n","protected":false},"featured_media":144956,"comment_status":"open","ping_status":"open","template":"","meta":[],"product_brand":[2621],"product_cat":[1300,1181,1186],"product_tag":[2297],"class_list":{"0":"post-120743","1":"product","2":"type-product","3":"status-publish","4":"has-post-thumbnail","6":"product_brand-peepso","7":"product_cat-adhesion","8":"product_cat-plugins","9":"product_cat-wordpress-plugins","10":"product_tag-peepso","11":"member-discount","12":"discount-restricted","14":"first","15":"instock","16":"sale","17":"downloadable","18":"virtual","19":"sold-individually","20":"purchasable","21":"product-type-simple"},"_links":{"self":[{"href":"https:\/\/gpl-love.com\/fr\/wp-json\/wp\/v2\/product\/120743","targetHints":{"allow":["GET"]}}],"collection":[{"href":"https:\/\/gpl-love.com\/fr\/wp-json\/wp\/v2\/product"}],"about":[{"href":"https:\/\/gpl-love.com\/fr\/wp-json\/wp\/v2\/types\/product"}],"replies":[{"embeddable":true,"href":"https:\/\/gpl-love.com\/fr\/wp-json\/wp\/v2\/comments?post=120743"}],"wp:featuredmedia":[{"embeddable":true,"href":"https:\/\/gpl-love.com\/fr\/wp-json\/wp\/v2\/media\/144956"}],"wp:attachment":[{"href":"https:\/\/gpl-love.com\/fr\/wp-json\/wp\/v2\/media?parent=120743"}],"wp:term":[{"taxonomy":"product_brand","embeddable":true,"href":"https:\/\/gpl-love.com\/fr\/wp-json\/wp\/v2\/product_brand?post=120743"},{"taxonomy":"product_cat","embeddable":true,"href":"https:\/\/gpl-love.com\/fr\/wp-json\/wp\/v2\/product_cat?post=120743"},{"taxonomy":"product_tag","embeddable":true,"href":"https:\/\/gpl-love.com\/fr\/wp-json\/wp\/v2\/product_tag?post=120743"}],"curies":[{"name":"wp","href":"https:\/\/api.w.org\/{rel}","templated":true}]}}