{"id":120741,"date":"2025-12-12T00:00:00","date_gmt":"2025-12-11T23:00:00","guid":{"rendered":"https:\/\/gpl-love.com\/fr\/produit\/peepso-mycred-integration\/"},"modified":"2026-03-20T23:31:16","modified_gmt":"2026-03-20T22:31:16","slug":"peepso-mycred-integration","status":"publish","type":"product","link":"https:\/\/gpl-love.com\/fr\/produit\/peepso-mycred-integration\/","title":{"rendered":"PeepSo myCRED Integration 8.0.0.0"},"content":{"rendered":"<h3>PeepSo myCRED Integration Traits<\/h3>\n<p>L&rsquo;int\u00e9gration Peepso MyCred sert d&rsquo;outil tr\u00e8s efficace et robuste qui facilite une int\u00e9gration transparente entre le r\u00e9seau social de Peepso et le syst\u00e8me de gestion des points MyCred. Gr\u00e2ce \u00e0 cette int\u00e9gration, les utilisateurs sont pr\u00e9sent\u00e9s avec un programme de fid\u00e9lit\u00e9 complet qui reconna\u00eet et r\u00e9compense bien leur implication active et leur contribution au sein du r\u00e9seau social de Peepso. En vertu de cette int\u00e9gration, les utilisateurs peuvent accumuler des points en entreprenant une pl\u00e9thore d&rsquo;activit\u00e9s diverses, englobant la cr\u00e9ation de messages nouveaux, l&rsquo;engagement actif dans les commentaires de la publication et l&rsquo;expression de l&rsquo;appr\u00e9ciation par des go\u00fbts. Par la suite, ces points gagn\u00e9s peuvent \u00eatre \u00e9chang\u00e9s en \u00e9change d&rsquo;une multitude de r\u00e9compenses attrayantes. De plus, les administrateurs sont habilit\u00e9s \u00e0 la flexibilit\u00e9 d&rsquo;\u00e9tablir des r\u00e9compenses de points personnalis\u00e9es sp\u00e9cifiquement adapt\u00e9es \u00e0 des actions distinctes, \u00e0 construire des tableaux de commandes qui pr\u00e9sentent efficacement les utilisateurs les plus engag\u00e9s et \u00e0 surveiller avec diligence les activit\u00e9s et les points accumul\u00e9s par les utilisateurs individuels. Essentiellement, l&rsquo;int\u00e9gration Peepso MyCred appara\u00eet comme une solution exceptionnelle qui incite bien \u00e0 l&rsquo;engagement des utilisateurs, favorisant ainsi un niveau augment\u00e9 de participation des utilisateurs au sein du r\u00e9seau social de Peepso.<\/p>\n<ul>\n<li>Int\u00e9grer de mani\u00e8re transparente PEEPSO avec MyCred System<\/li>\n<li>Fournit aux utilisateurs des points de r\u00e9compense pour leur engagement et leur participation \u00e0 PEEPSO<\/li>\n<li>Les utilisateurs peuvent accumuler et \u00e9changer des points pour diverses r\u00e9compenses et avantages<\/li>\n<li>Param\u00e8tres configurables pour l&rsquo;allocation de points et la r\u00e9demption<\/li>\n<li>Affichage de suivi des points et d&rsquo;\u00e9quilibre en temps r\u00e9el<\/li>\n<li>Am\u00e9liore l&rsquo;engagement des utilisateurs et l&rsquo;activit\u00e9 communautaire globale sur Peepso<\/li>\n<li>Processus d&rsquo;installation et de configuration facile<\/li>\n<li>Compatible avec la derni\u00e8re version du plugin WordPress et Peepso.<\/li>\n<\/ul>\n","protected":false},"excerpt":{"rendered":"<p>L&rsquo;int\u00e9gration de Peepso Mycred, un plugin tr\u00e8s efficace, \u00e9tablit un lien transparent entre votre r\u00e9seau social de Peepso et le syst\u00e8me de gestion des points MyCred, vous permettant de r\u00e9compenser sans effort vos membres pour leurs activit\u00e9s sociales tout en leur offrant des incitations \u00e0 s&rsquo;engager avec votre communaut\u00e9. Ce plugin propose une vaste gamme d&rsquo;options de personnalisation qui englobent l&rsquo;attribution des valeurs de points \u00e0 des actions sp\u00e9cifiques et la possibilit\u00e9 de configurer divers types de points. Sans aucun doute, il sert d&rsquo;outil indispensable pour toute communaut\u00e9 en ligne aspirant \u00e0 augmenter l&rsquo;engagement des utilisateurs et \u00e0 favoriser la loyaut\u00e9 in\u00e9branlable.<\/p>\n","protected":false},"featured_media":144955,"comment_status":"open","ping_status":"open","template":"","meta":[],"product_brand":[2621],"product_cat":[1300,1181,1186],"product_tag":[2297],"class_list":{"0":"post-120741","1":"product","2":"type-product","3":"status-publish","4":"has-post-thumbnail","6":"product_brand-peepso","7":"product_cat-adhesion","8":"product_cat-plugins","9":"product_cat-wordpress-plugins","10":"product_tag-peepso","11":"member-discount","12":"discount-restricted","14":"first","15":"instock","16":"sale","17":"downloadable","18":"virtual","19":"sold-individually","20":"purchasable","21":"product-type-simple"},"_links":{"self":[{"href":"https:\/\/gpl-love.com\/fr\/wp-json\/wp\/v2\/product\/120741","targetHints":{"allow":["GET"]}}],"collection":[{"href":"https:\/\/gpl-love.com\/fr\/wp-json\/wp\/v2\/product"}],"about":[{"href":"https:\/\/gpl-love.com\/fr\/wp-json\/wp\/v2\/types\/product"}],"replies":[{"embeddable":true,"href":"https:\/\/gpl-love.com\/fr\/wp-json\/wp\/v2\/comments?post=120741"}],"wp:featuredmedia":[{"embeddable":true,"href":"https:\/\/gpl-love.com\/fr\/wp-json\/wp\/v2\/media\/144955"}],"wp:attachment":[{"href":"https:\/\/gpl-love.com\/fr\/wp-json\/wp\/v2\/media?parent=120741"}],"wp:term":[{"taxonomy":"product_brand","embeddable":true,"href":"https:\/\/gpl-love.com\/fr\/wp-json\/wp\/v2\/product_brand?post=120741"},{"taxonomy":"product_cat","embeddable":true,"href":"https:\/\/gpl-love.com\/fr\/wp-json\/wp\/v2\/product_cat?post=120741"},{"taxonomy":"product_tag","embeddable":true,"href":"https:\/\/gpl-love.com\/fr\/wp-json\/wp\/v2\/product_tag?post=120741"}],"curies":[{"name":"wp","href":"https:\/\/api.w.org\/{rel}","templated":true}]}}