{"id":120737,"date":"2025-12-12T00:00:00","date_gmt":"2025-12-11T23:00:00","guid":{"rendered":"https:\/\/gpl-love.com\/fr\/produit\/peepso-learndash-integration\/"},"modified":"2026-03-20T23:31:14","modified_gmt":"2026-03-20T22:31:14","slug":"peepso-learndash-integration","status":"publish","type":"product","link":"https:\/\/gpl-love.com\/fr\/produit\/peepso-learndash-integration\/","title":{"rendered":"PeepSo LearnDash Integration 8.0.0.0"},"content":{"rendered":"<h3>PeepSo LearnDash Integration Traits<\/h3>\n<p>Peepso Learndash Integration, un plugin tr\u00e8s robuste, offre la possibilit\u00e9 d&rsquo;int\u00e9grer votre syst\u00e8me de gestion d&rsquo;apprentissage Learndash (LMS) avec le r\u00e9seau social PEEPSO. En b\u00e9n\u00e9ficiant de cette int\u00e9gration exceptionnelle, les utilisateurs peuvent \u00e9tablir et g\u00e9rer de mani\u00e8re transparente des cours, des le\u00e7ons et des quiz, \u00e9tendant ainsi leur disponibilit\u00e9 \u00e0 la communaut\u00e9. En outre, la fonctionnalit\u00e9 des groupes PEEPSO peut \u00eatre exploit\u00e9e pour forger des cours priv\u00e9s ou publics, accordant aux utilisateurs la possibilit\u00e9 de s&rsquo;engager les uns avec les autres, d&rsquo;\u00e9changer du contenu et de collaborer \u00e0 des coentreprises. Non seulement cette int\u00e9gration permet un suivi complet des progr\u00e8s des utilisateurs, mais il facilite \u00e9galement la conf\u00e9rence de certificats et de badges, assurant ainsi une exp\u00e9rience d&rsquo;apprentissage compl\u00e8te. En outre, la mon\u00e9tisation des cours est rendue r\u00e9alisable gr\u00e2ce \u00e0 cette int\u00e9gration, ce qui en fait une solution id\u00e9ale pour ceux qui cherchent \u00e0 fournir des cours en ligne et \u00e0 favoriser une communaut\u00e9 d&rsquo;apprentissage florissante.<\/p>\n<ul>\n<li>Int\u00e8gre de mani\u00e8re transparente PEEPSO et Learndash pour une exp\u00e9rience utilisateur unifi\u00e9e<\/li>\n<li>Permet aux utilisateurs d&rsquo;acc\u00e9der aux cours Learndash directement \u00e0 partir de la communaut\u00e9 Peepso<\/li>\n<li>Fournit des profils d&rsquo;utilisateurs int\u00e9gr\u00e9s qui affichent les progr\u00e8s et l&rsquo;ach\u00e8vement des cours LearnDash<\/li>\n<li>Aide \u00e0 accro\u00eetre l&rsquo;engagement et la r\u00e9tention en offrant aux membres une raison imp\u00e9rieuse de rester au sein de votre communaut\u00e9<\/li>\n<li>Vous permet de mon\u00e9tiser votre site en vendant des cours ou en offrant un acc\u00e8s \u00e0 un contenu premium dans LearnDash<\/li>\n<li>Facile \u00e0 installer et \u00e0 personnaliser, sans codage requis<\/li>\n<li>Support complet et mises \u00e0 jour r\u00e9guli\u00e8res fournies pour assurer une compatibilit\u00e9 et une fonctionnalit\u00e9 continues.<\/li>\n<\/ul>\n","protected":false},"excerpt":{"rendered":"<p>Nous sommes ravis de pr\u00e9senter la remarquable int\u00e9gration de Peepso Learndash, un outil incroyablement robuste et efficace qui relie parfaitement votre syst\u00e8me de gestion d&rsquo;apprentissage Learndash (LMS) avec votre communaut\u00e9 Peepso. En int\u00e9grant de mani\u00e8re transparente ces deux plateformes, vous avez d\u00e9sormais la capacit\u00e9 sans pr\u00e9c\u00e9dent de fournir sans effort une exp\u00e9rience d&rsquo;apprentissage socialement immersive \u00e0 vos \u00e9tudiants estim\u00e9s dans un environnement virtuel compl\u00e8tement s\u00e9curis\u00e9 et priv\u00e9. Cette int\u00e9gration r\u00e9volutionnaire vous donne des informations inestimables sur les progr\u00e8s de vos \u00e9l\u00e8ves et la participation active au sein de votre communaut\u00e9 dynamique, simplifiant ainsi le processus de fourniture de commentaires personnalis\u00e9s et de soutien in\u00e9branlable. Avec les capacit\u00e9s sans pr\u00e9c\u00e9dent offertes par l&rsquo;int\u00e9gration de Peepso Learndash, vous avez l&rsquo;occasion incroyable d&rsquo;\u00e9lever vos cours en ligne \u00e0 des hauteurs sans pr\u00e9c\u00e9dent, \u00e9laborant finalement un parcours d&rsquo;apprentissage interactif in\u00e9gal\u00e9 et captivant pour vos apprenants estim\u00e9s.<\/p>\n","protected":false},"featured_media":144953,"comment_status":"open","ping_status":"open","template":"","meta":[],"product_brand":[2621],"product_cat":[1300,1181,1186],"product_tag":[2297],"class_list":{"0":"post-120737","1":"product","2":"type-product","3":"status-publish","4":"has-post-thumbnail","6":"product_brand-peepso","7":"product_cat-adhesion","8":"product_cat-plugins","9":"product_cat-wordpress-plugins","10":"product_tag-peepso","11":"member-discount","12":"discount-restricted","14":"first","15":"instock","16":"sale","17":"downloadable","18":"virtual","19":"sold-individually","20":"purchasable","21":"product-type-simple"},"_links":{"self":[{"href":"https:\/\/gpl-love.com\/fr\/wp-json\/wp\/v2\/product\/120737","targetHints":{"allow":["GET"]}}],"collection":[{"href":"https:\/\/gpl-love.com\/fr\/wp-json\/wp\/v2\/product"}],"about":[{"href":"https:\/\/gpl-love.com\/fr\/wp-json\/wp\/v2\/types\/product"}],"replies":[{"embeddable":true,"href":"https:\/\/gpl-love.com\/fr\/wp-json\/wp\/v2\/comments?post=120737"}],"wp:featuredmedia":[{"embeddable":true,"href":"https:\/\/gpl-love.com\/fr\/wp-json\/wp\/v2\/media\/144953"}],"wp:attachment":[{"href":"https:\/\/gpl-love.com\/fr\/wp-json\/wp\/v2\/media?parent=120737"}],"wp:term":[{"taxonomy":"product_brand","embeddable":true,"href":"https:\/\/gpl-love.com\/fr\/wp-json\/wp\/v2\/product_brand?post=120737"},{"taxonomy":"product_cat","embeddable":true,"href":"https:\/\/gpl-love.com\/fr\/wp-json\/wp\/v2\/product_cat?post=120737"},{"taxonomy":"product_tag","embeddable":true,"href":"https:\/\/gpl-love.com\/fr\/wp-json\/wp\/v2\/product_tag?post=120737"}],"curies":[{"name":"wp","href":"https:\/\/api.w.org\/{rel}","templated":true}]}}