{"id":120735,"date":"2025-12-12T00:00:00","date_gmt":"2025-12-11T23:00:00","guid":{"rendered":"https:\/\/gpl-love.com\/fr\/produit\/peepso-groups\/"},"modified":"2026-03-20T23:31:13","modified_gmt":"2026-03-20T22:31:13","slug":"peepso-groups","status":"publish","type":"product","link":"https:\/\/gpl-love.com\/fr\/produit\/peepso-groups\/","title":{"rendered":"PeepSo Groups 8.0.0.0"},"content":{"rendered":"<h3>PeepSo Groups Traits<\/h3>\n<p>Les groupes Peepso, un outil de r\u00e9seautage social extr\u00eamement robuste con\u00e7u exclusivement pour les sites Web WordPress, permet aux utilisateurs de cr\u00e9er et de g\u00e9rer efficacement leurs propres groupes. Les capacit\u00e9s extraordinaires des groupes Peepso permettent aux utilisateurs d&rsquo;\u00e9tablir et de participer \u00e0 des groupes couvrant un vaste \u00e9ventail de sujets, tout en facilitant simultan\u00e9ment une communication transparente entre les autres membres, le partage sans effort de photos et de vid\u00e9os captivantes, et m\u00eame offrant l&rsquo;occasion de concevoir des r\u00e9glementations et des autorisations de groupe personnalis\u00e9es personnalis\u00e9 . Cet outil ing\u00e9nieux se r\u00e9v\u00e8le \u00eatre la solution par excellence pour les entreprises, les organisations et tout effort de la communaut\u00e9 sociale pour amplifier l&rsquo;engagement des utilisateurs et favoriser une collaboration accrue au milieu de leurs membres estim\u00e9s. D\u00e9montrant un niveau in\u00e9gal\u00e9 de convivialit\u00e9, une facilit\u00e9 d&rsquo;installation et une vaste s\u00e9lection de fonctionnalit\u00e9s personnalisables, les groupes PEEPSO garantissent que chaque groupe est m\u00e9ticuleusement adapt\u00e9 pour r\u00e9pondre aux exigences distinctives de ses utilisateurs. L&rsquo;adoption de groupes PEEPSO \u00e9quivaut \u00e0 l&rsquo;\u00e9tablissement d&rsquo;un r\u00e9seau social florissant et dynamique dans votre propre site Web, garantissant ainsi l&rsquo;engagement soutenu et la connectivit\u00e9 in\u00e9branlable de vos utilisateurs estim\u00e9s.<\/p>\n<ul>\n<li>Permet aux utilisateurs de cr\u00e9er et de rejoindre des groupes dans le r\u00e9seau social Peepso<\/li>\n<li>Fournit une plate-forme pour les discussions de groupe, le partage du contenu et le r\u00e9seautage<\/li>\n<li>Les administrateurs de groupe ont la possibilit\u00e9 de g\u00e9rer et de mod\u00e9rer leurs groupes, notamment l&rsquo;approbation des demandes des membres et de d\u00e9finir les param\u00e8tres de confidentialit\u00e9 du groupe<\/li>\n<li>Offre un syst\u00e8me de notification pour tenir les membres inform\u00e9s des nouveaux postes et activit\u00e9s au sein de leurs groupes<\/li>\n<li>Int\u00e8gre de mani\u00e8re transparente avec d&rsquo;autres fonctionnalit\u00e9s PEEPSO, telles que les profils d&rsquo;utilisateurs et les flux d&rsquo;activit\u00e9<\/li>\n<li>Param\u00e8tres de groupe personnalisables et options de style pour correspondre \u00e0 la marque du site Web<\/li>\n<li>Aide \u00e0 favoriser une atmosph\u00e8re communautaire et \u00e0 augmenter l&rsquo;engagement des utilisateurs dans le r\u00e9seau social.<\/li>\n<\/ul>\n","protected":false},"excerpt":{"rendered":"<p>Les groupes Peepso, un plugin de r\u00e9seaux sociaux incroyablement puissant et tr\u00e8s flexible, vous offre la capacit\u00e9 exceptionnelle \u00e0 \u00e9tablir et superviser des groupes sur votre site Web WordPress. Avec les fonctionnalit\u00e9s remarquables des groupes PEEPSO, vous avez la possibilit\u00e9 de configurer sans effort des groupes priv\u00e9s ou publics, de submerger ou de restreindre l&rsquo;acc\u00e8s \u00e0 des membres sp\u00e9cifiques, et de construire des discussions filet\u00e9es qui englobent les r\u00e9ponses et les mentions. Cet outil innovant sert de plate-forme exceptionnelle pour favoriser la croissance de la communaut\u00e9 et peut \u00eatre utilis\u00e9 efficacement \u00e0 un large \u00e9ventail d&rsquo;objectifs tels que des \u00e9v\u00e9nements ou des forums de coordination, en fournissant un support client de premier ordre ou en \u00e9tablissant une classe en ligne dynamique. De plus, les groupes PEEPSO poss\u00e8dent une interface utilisateur intuitive, la rendant incroyablement conviviale, et ses options de personnalisation compl\u00e8tes garantissent qu&rsquo;il peut \u00eatre adapt\u00e9 parfaitement pour r\u00e9pondre \u00e0 vos exigences uniques. Par cons\u00e9quent, si vous vous trouvez \u00e0 la recherche d&rsquo;une solution globale et robuste pour g\u00e9rer les groupes, ne cherchez pas plus loin que les groupes PEEPSO in\u00e9gal\u00e9s.<\/p>\n","protected":false},"featured_media":144952,"comment_status":"open","ping_status":"open","template":"","meta":[],"product_brand":[2621],"product_cat":[1300,1181,1186],"product_tag":[2297],"class_list":{"0":"post-120735","1":"product","2":"type-product","3":"status-publish","4":"has-post-thumbnail","6":"product_brand-peepso","7":"product_cat-adhesion","8":"product_cat-plugins","9":"product_cat-wordpress-plugins","10":"product_tag-peepso","11":"member-discount","12":"discount-restricted","14":"first","15":"instock","16":"sale","17":"downloadable","18":"virtual","19":"sold-individually","20":"purchasable","21":"product-type-simple"},"_links":{"self":[{"href":"https:\/\/gpl-love.com\/fr\/wp-json\/wp\/v2\/product\/120735","targetHints":{"allow":["GET"]}}],"collection":[{"href":"https:\/\/gpl-love.com\/fr\/wp-json\/wp\/v2\/product"}],"about":[{"href":"https:\/\/gpl-love.com\/fr\/wp-json\/wp\/v2\/types\/product"}],"replies":[{"embeddable":true,"href":"https:\/\/gpl-love.com\/fr\/wp-json\/wp\/v2\/comments?post=120735"}],"wp:featuredmedia":[{"embeddable":true,"href":"https:\/\/gpl-love.com\/fr\/wp-json\/wp\/v2\/media\/144952"}],"wp:attachment":[{"href":"https:\/\/gpl-love.com\/fr\/wp-json\/wp\/v2\/media?parent=120735"}],"wp:term":[{"taxonomy":"product_brand","embeddable":true,"href":"https:\/\/gpl-love.com\/fr\/wp-json\/wp\/v2\/product_brand?post=120735"},{"taxonomy":"product_cat","embeddable":true,"href":"https:\/\/gpl-love.com\/fr\/wp-json\/wp\/v2\/product_cat?post=120735"},{"taxonomy":"product_tag","embeddable":true,"href":"https:\/\/gpl-love.com\/fr\/wp-json\/wp\/v2\/product_tag?post=120735"}],"curies":[{"name":"wp","href":"https:\/\/api.w.org\/{rel}","templated":true}]}}