{"id":120733,"date":"2025-12-12T00:00:00","date_gmt":"2025-12-11T23:00:00","guid":{"rendered":"https:\/\/gpl-love.com\/fr\/produit\/peepso-friends\/"},"modified":"2026-03-20T23:31:11","modified_gmt":"2026-03-20T22:31:11","slug":"peepso-friends","status":"publish","type":"product","link":"https:\/\/gpl-love.com\/fr\/produit\/peepso-friends\/","title":{"rendered":"PeepSo Friends 8.0.0.0"},"content":{"rendered":"<h3>PeepSo Friends Traits<\/h3>\n<p>Peepso Friends, un plugin de r\u00e9seautage social exceptionnellement puissant, pr\u00e9sente une excellente occasion pour les propri\u00e9taires de sites Web d&rsquo;\u00e9tablir une communaut\u00e9 dynamique et prosp\u00e8re pour leurs utilisateurs estim\u00e9s. Ce plugin remarquable permet aux utilisateurs de fa\u00e7onner leurs propres profils, d&rsquo;exprimer leurs pens\u00e9es et d&rsquo;id\u00e9es profondes et de forger des liens pr\u00e9cieux avec les autres membres dans les limites d&rsquo;un environnement m\u00e9ticuleusement sauvegard\u00e9 et s\u00e9curis\u00e9. Peepso Friends poss\u00e8de un \u00e9ventail impressionnant de fonctionnalit\u00e9s, notamment des profils d&rsquo;utilisateurs, des flux d&rsquo;activit\u00e9s, de la messagerie priv\u00e9e et de la gestion de groupe, tous r\u00e9pondant aux divers besoins et d\u00e9sirs de ses utilisateurs. Avec son interface remarquablement conviviale, ses options personnalisables sans effort et son engagement in\u00e9branlable \u00e0 fortifier les mesures de s\u00e9curit\u00e9, les amis de Peepso apparaissent comme la solution parfaite pour les propri\u00e9taires de sites Web qui aspirent \u00e0 construire une communaut\u00e9 en ligne in\u00e9branlable destin\u00e9e \u00e0 r\u00e9ussir. Que vous vous trouviez \u00e0 la t\u00eate d&rsquo;une entreprise florissante, d&rsquo;un blog captivant ou d&rsquo;un forum passionnant, soyez assur\u00e9 que Peepso Friends est pr\u00eat \u00e0 vous aider \u00e0 \u00e9tablir une exp\u00e9rience immersive et gratifiante pour vos utilisateurs estim\u00e9s.<\/p>\n<ul>\n<li>Une solution de r\u00e9seautage social puissant et personnalisable pour votre site WordPress<\/li>\n<li>Fournit une gamme compl\u00e8te de fonctionnalit\u00e9s des r\u00e9seaux sociaux, y compris les profils d&rsquo;utilisateurs, les flux d&rsquo;activit\u00e9s, la messagerie priv\u00e9e et les connexions d&rsquo;amis<\/li>\n<li>L&rsquo;interface facile \u00e0 utiliser permet aux utilisateurs de se connecter facilement avec leurs amis, de partager des mises \u00e0 jour et de collaborer sur des projets<\/li>\n<li>Enti\u00e8rement int\u00e9gr\u00e9 \u00e0 WordPress, permettant une int\u00e9gration transparente avec le contenu de votre site et la base de donn\u00e9es des utilisateurs existants<\/li>\n<li>Fournit une gamme d&rsquo;options de personnalisation, y compris la compatibilit\u00e9 du th\u00e8me et des plugins, des champs de profil personnalis\u00e9s et une prise en charge des m\u00e9dias interactifs<\/li>\n<li>Les outils de mod\u00e9ration int\u00e9gr\u00e9s assurent un environnement social s\u00fbr et s\u00e9curis\u00e9 pour vos utilisateurs<\/li>\n<li>Prend en charge une gamme d&rsquo;options d&rsquo;int\u00e9gration tierces, notamment WooCommerce, BuddyPress et BBPress<\/li>\n<li>Les mises \u00e0 jour et le support r\u00e9guliers garantissent les performances et la compatibilit\u00e9 continues avec les futures versions WordPress.<\/li>\n<\/ul>\n","protected":false},"excerpt":{"rendered":"<p>Peepso Friends, un plugin WordPress remarquable, facilite la connectivit\u00e9 et l&rsquo;interaction transparentes entre les utilisateurs et leurs amis sur leurs sites Web respectifs. Gr\u00e2ce \u00e0 des amis de Peepso, les utilisateurs peuvent cr\u00e9er sans effort des listes d&rsquo;amis, exp\u00e9dier des messages priv\u00e9s, parcourir l&rsquo;activit\u00e9 des amis et profiter d&rsquo;une pl\u00e9thore de fonctionnalit\u00e9s suppl\u00e9mentaires. Ce plugin est un joyau absolu pour les personnes qui cherchent \u00e0 cultiver une communaut\u00e9 sociale florissante ou \u00e0 augmenter la dimension sociale de leur plate-forme en ligne.<\/p>\n","protected":false},"featured_media":144950,"comment_status":"open","ping_status":"open","template":"","meta":[],"product_brand":[2621],"product_cat":[1300,1181,1186],"product_tag":[2297],"class_list":{"0":"post-120733","1":"product","2":"type-product","3":"status-publish","4":"has-post-thumbnail","6":"product_brand-peepso","7":"product_cat-adhesion","8":"product_cat-plugins","9":"product_cat-wordpress-plugins","10":"product_tag-peepso","11":"member-discount","12":"discount-restricted","14":"first","15":"instock","16":"sale","17":"downloadable","18":"virtual","19":"sold-individually","20":"purchasable","21":"product-type-simple"},"_links":{"self":[{"href":"https:\/\/gpl-love.com\/fr\/wp-json\/wp\/v2\/product\/120733","targetHints":{"allow":["GET"]}}],"collection":[{"href":"https:\/\/gpl-love.com\/fr\/wp-json\/wp\/v2\/product"}],"about":[{"href":"https:\/\/gpl-love.com\/fr\/wp-json\/wp\/v2\/types\/product"}],"replies":[{"embeddable":true,"href":"https:\/\/gpl-love.com\/fr\/wp-json\/wp\/v2\/comments?post=120733"}],"wp:featuredmedia":[{"embeddable":true,"href":"https:\/\/gpl-love.com\/fr\/wp-json\/wp\/v2\/media\/144950"}],"wp:attachment":[{"href":"https:\/\/gpl-love.com\/fr\/wp-json\/wp\/v2\/media?parent=120733"}],"wp:term":[{"taxonomy":"product_brand","embeddable":true,"href":"https:\/\/gpl-love.com\/fr\/wp-json\/wp\/v2\/product_brand?post=120733"},{"taxonomy":"product_cat","embeddable":true,"href":"https:\/\/gpl-love.com\/fr\/wp-json\/wp\/v2\/product_cat?post=120733"},{"taxonomy":"product_tag","embeddable":true,"href":"https:\/\/gpl-love.com\/fr\/wp-json\/wp\/v2\/product_tag?post=120733"}],"curies":[{"name":"wp","href":"https:\/\/api.w.org\/{rel}","templated":true}]}}