{"id":120731,"date":"2025-12-12T00:00:00","date_gmt":"2025-12-11T23:00:00","guid":{"rendered":"https:\/\/gpl-love.com\/fr\/produit\/peepso-email-digest\/"},"modified":"2026-03-20T23:31:11","modified_gmt":"2026-03-20T22:31:11","slug":"peepso-email-digest","status":"publish","type":"product","link":"https:\/\/gpl-love.com\/fr\/produit\/peepso-email-digest\/","title":{"rendered":"PeepSo Email Digest 8.0.0.0"},"content":{"rendered":"<h3>PeepSo Email Digest Traits<\/h3>\n<p>Peepso Email Digest, un outil tr\u00e8s efficace m\u00e9ticuleusement con\u00e7u pour assurer une connectivit\u00e9 transparente avec votre communaut\u00e9, propose des mises \u00e0 jour par e-mail r\u00e9guli\u00e8res englobant les derni\u00e8res occurrences sur votre r\u00e9seau social. Ce plugin ing\u00e9nieux s&rsquo;int\u00e8gre de mani\u00e8re transparente \u00e0 la v\u00e9n\u00e9ration de la plate-forme de r\u00e9seautage social Peepso, vous offrant la possibilit\u00e9 de configurer et de personnaliser sans effort vos notifications par e-mail en alignement avec vos pr\u00e9f\u00e9rences sp\u00e9cifiques. En exploitant la puissance de Peepso Email Digest, vous pouvez rester sans effort au courant des messages, commentaires, go\u00fbts, go\u00fbts et un \u00e9ventail des autres activit\u00e9s dynamiques se produisant au sein de votre communaut\u00e9 estim\u00e9e. De plus, l&rsquo;interface conviviale et les commandes con\u00e7ues intuitivement font du processus de cr\u00e9ation et de gestion de vos notifications par e-mail une brise absolue. Que vous vous trouviez dans la position estim\u00e9e d&rsquo;un responsable des m\u00e9dias sociaux, d&rsquo;un leader de la communaut\u00e9 ou simplement d&rsquo;un d\u00e9sir individuel de maintenir une connexion profonde avec sa communaut\u00e9 en ligne, Peepso Email Digest appara\u00eet comme l&rsquo;outil par excellence pour r\u00e9pondre \u00e0 vos d\u00e9sirs.<\/p>\n<ul>\n<li>R\u00e9sum\u00e9 des e-mails quotidiens des activit\u00e9s de r\u00e9seau social PEEPSO<\/li>\n<li>Option de recevoir des digestions par e-mail sur une base hebdomadaire ou bihebdomadaire<\/li>\n<li>Contenu personnalisable inclus dans Email Digest, tels que les derniers articles, commentaires et likes<\/li>\n<li>Interface facile \u00e0 utiliser pour ajuster les pr\u00e9f\u00e9rences d&rsquo;abonnement et les param\u00e8tres de messagerie<\/li>\n<li>Compatible avec les fournisseurs de courriels populaires et accessibles sur les appareils de bureau et mobiles<\/li>\n<li>Augmentation de l&rsquo;engagement avec la communaut\u00e9 PEEPSO en restant inform\u00e9 des derni\u00e8res mises \u00e0 jour et conversations de mani\u00e8re pratique<\/li>\n<li>Solution de gain de temps pour les utilisateurs qui v\u00e9rifient r\u00e9guli\u00e8rement PEEPSO pour les mises \u00e0 jour, mais ne veulent pas passer au crible chaque notification individuelle<\/li>\n<li>Les ant\u00e9c\u00e9dents \u00e9prouv\u00e9s de l&rsquo;am\u00e9lioration de la r\u00e9tention des utilisateurs et de la satisfaction \u00e0 l&rsquo;\u00e9gard de l&rsquo;exp\u00e9rience communautaire de Peepso.<\/li>\n<\/ul>\n","protected":false},"excerpt":{"rendered":"<p>Restez connect\u00e9 avec votre communaut\u00e9 Peepso comme jamais auparavant en vous assurant de ne jamais manquer de mises \u00e0 jour cruciales, gr\u00e2ce \u00e0 notre remarquable fonctionnalit\u00e9 de digestion par e-mail. Avec cette fonctionnalit\u00e9 incroyable, vous pourrez recevoir un r\u00e9sum\u00e9 complet de toutes les derni\u00e8res activit\u00e9s qui se d\u00e9roulent directement dans votre communaut\u00e9 Peepso dans votre bo\u00eete de r\u00e9ception, que ce soit sur une base quotidienne ou hebdomadaire. Ce r\u00e9sum\u00e9 comprendra un large \u00e9ventail d&rsquo;activit\u00e9s, y compris, mais sans s&rsquo;y limiter, les nouveaux articles, commentaires, go\u00fbts et bien plus encore. De plus, la beaut\u00e9 de cette fonctionnalit\u00e9 r\u00e9side dans sa capacit\u00e9 \u00e0 \u00eatre facilement personnalis\u00e9e pour s&rsquo;aligner sur vos pr\u00e9f\u00e9rences individuelles, vous permettant ainsi d&rsquo;adapter le contenu que vous recevez \u00e0 votre go\u00fbt. Dites au revoir \u00e0 la n\u00e9cessit\u00e9 de surveiller constamment votre plate-forme PEEPSO, car notre fonctionnalit\u00e9 de digestion par e-mail in\u00e9gal\u00e9e vous assurera de rester \u00e0 jour sans tracas. Ne manquez pas cette incroyable opportunit\u00e9 et essayez le Peepso Email Digest aujourd&rsquo;hui, garantissant que vous restez connect\u00e9 avec votre communaut\u00e9 comme jamais auparavant.<\/p>\n","protected":false},"featured_media":144949,"comment_status":"open","ping_status":"open","template":"","meta":[],"product_brand":[2621],"product_cat":[1300,1181,1186],"product_tag":[2297],"class_list":{"0":"post-120731","1":"product","2":"type-product","3":"status-publish","4":"has-post-thumbnail","6":"product_brand-peepso","7":"product_cat-adhesion","8":"product_cat-plugins","9":"product_cat-wordpress-plugins","10":"product_tag-peepso","11":"member-discount","12":"discount-restricted","14":"first","15":"instock","16":"sale","17":"downloadable","18":"virtual","19":"sold-individually","20":"purchasable","21":"product-type-simple"},"_links":{"self":[{"href":"https:\/\/gpl-love.com\/fr\/wp-json\/wp\/v2\/product\/120731","targetHints":{"allow":["GET"]}}],"collection":[{"href":"https:\/\/gpl-love.com\/fr\/wp-json\/wp\/v2\/product"}],"about":[{"href":"https:\/\/gpl-love.com\/fr\/wp-json\/wp\/v2\/types\/product"}],"replies":[{"embeddable":true,"href":"https:\/\/gpl-love.com\/fr\/wp-json\/wp\/v2\/comments?post=120731"}],"wp:featuredmedia":[{"embeddable":true,"href":"https:\/\/gpl-love.com\/fr\/wp-json\/wp\/v2\/media\/144949"}],"wp:attachment":[{"href":"https:\/\/gpl-love.com\/fr\/wp-json\/wp\/v2\/media?parent=120731"}],"wp:term":[{"taxonomy":"product_brand","embeddable":true,"href":"https:\/\/gpl-love.com\/fr\/wp-json\/wp\/v2\/product_brand?post=120731"},{"taxonomy":"product_cat","embeddable":true,"href":"https:\/\/gpl-love.com\/fr\/wp-json\/wp\/v2\/product_cat?post=120731"},{"taxonomy":"product_tag","embeddable":true,"href":"https:\/\/gpl-love.com\/fr\/wp-json\/wp\/v2\/product_tag?post=120731"}],"curies":[{"name":"wp","href":"https:\/\/api.w.org\/{rel}","templated":true}]}}