{"id":120729,"date":"2025-12-12T00:00:00","date_gmt":"2025-12-11T23:00:00","guid":{"rendered":"https:\/\/gpl-love.com\/fr\/produit\/peepso-easy-digital-downloads-integration\/"},"modified":"2026-03-20T23:31:10","modified_gmt":"2026-03-20T22:31:10","slug":"peepso-easy-digital-downloads-integration","status":"publish","type":"product","link":"https:\/\/gpl-love.com\/fr\/produit\/peepso-easy-digital-downloads-integration\/","title":{"rendered":"PeepSo Easy Digital Downloads 8.0.0.0"},"content":{"rendered":"<h3>PeepSo Easy Digital Downloads Traits<\/h3>\n<p>Peepso Easy Digital Downlows est un plugin incroyablement robuste et convivial qui accorde aux propri\u00e9taires de sites Web la capacit\u00e9 remarquable de fournir sans effort les produits num\u00e9riques directement \u00e0 partir de leur r\u00e9seau social Peepso. En utilisant ce plugin, les individus sont autoris\u00e9s \u00e0 fabriquer et \u00e0 administrer de mani\u00e8re transparente les produits num\u00e9riques, \u00e0 \u00e9tablir des prix et \u00e0 autoriser les paiements via diverses passerelles de paiement. De plus, les clients ont la commodit\u00e9 de pouvoir effectuer des achats sans \u00eatre oblig\u00e9s de quitter les locaux du r\u00e9seau social. En outre, ce plugin fournit une gamme de fonctionnalit\u00e9s avantageuses, y compris la gestion des commandes, le suivi de t\u00e9l\u00e9chargement et les notifications par e-mail, cimentant ainsi son statut de solution globale \u00e0 des fins de produits num\u00e9riques sur votre r\u00e9seau social. Que vous puissiez \u00eatre un blogueur, un coach ou un cr\u00e9ateur de produits num\u00e9riques, soyez assur\u00e9 que Peepso Easy Digital Downlows sera un instrument exceptionnel \u00e0 travers lequel vous pouvez mon\u00e9tiser avec succ\u00e8s votre r\u00e9seau social et renforcer votre flux de revenus.<\/p>\n<ul>\n<li>Simplifie le processus de vente de produits num\u00e9riques sur votre site Web de la communaut\u00e9 Peepso<\/li>\n<li>Vous permet de t\u00e9l\u00e9charger et de g\u00e9rer facilement vos produits num\u00e9riques sans aucune comp\u00e9tence de codage ou technique requise<\/li>\n<li>Fournit en toute s\u00e9curit\u00e9 vos produits num\u00e9riques aux clients via un lien de t\u00e9l\u00e9chargement personnalisable ou un e-mail<\/li>\n<li>Piste et g\u00e8re toutes vos ventes et activit\u00e9s clients dans un seul endroit pratique<\/li>\n<li>Compatible avec une vari\u00e9t\u00e9 de passerelles de paiement, y compris PayPal et Stripe, pour des transactions faciles<\/li>\n<li>Offre des notifications par e-mail personnalisables pour vous tenir, vous et vos clients, inform\u00e9 tout au long du processus d&rsquo;achat<\/li>\n<li>Fournit une interface conviviale qui s&rsquo;int\u00e8gre parfaitement \u00e0 votre site Web Peepso pour un look et une sensation professionnels et coh\u00e9rents<\/li>\n<li>Id\u00e9al pour tous ceux qui cherchent \u00e0 mon\u00e9tiser leur contenu num\u00e9rique et \u00e0 d\u00e9velopper leurs activit\u00e9s en ligne via leur communaut\u00e9 Peepso.<\/li>\n<\/ul>\n","protected":false},"excerpt":{"rendered":"<p>Peepso Easy Digital Downloads est une plate-forme extr\u00eamement pratique qui pr\u00e9sente une approche remarquablement sans tracas pour vendre des produits num\u00e9riques. Son interface remarquablement intuitive facilite le t\u00e9l\u00e9chargement et la vente rapides d&rsquo;une vaste gamme de produits num\u00e9riques englobant des livres \u00e9lectroniques, des logiciels, de la musique et divers autres \u00e9l\u00e9ments d&rsquo;int\u00e9r\u00eat. L&rsquo;int\u00e9gration transparente des t\u00e9l\u00e9chargements num\u00e9riques Peepso Easy avec votre site Web propuls\u00e9 par Peepso amplifie encore l&rsquo;efficacit\u00e9 et l&rsquo;efficacit\u00e9 de la mon\u00e9tisation de votre r\u00e9seau social. Embrassez la facilit\u00e9 et l&rsquo;efficacit\u00e9 in\u00e9gal\u00e9es de la vente de produits num\u00e9riques en commen\u00e7ant votre voyage avec des t\u00e9l\u00e9chargements num\u00e9riques Easy Easy Peepso aujourd&rsquo;hui.<\/p>\n","protected":false},"featured_media":144948,"comment_status":"open","ping_status":"open","template":"","meta":[],"product_brand":[2621],"product_cat":[1300,1181,1186],"product_tag":[2297],"class_list":{"0":"post-120729","1":"product","2":"type-product","3":"status-publish","4":"has-post-thumbnail","6":"product_brand-peepso","7":"product_cat-adhesion","8":"product_cat-plugins","9":"product_cat-wordpress-plugins","10":"product_tag-peepso","11":"member-discount","12":"discount-restricted","14":"first","15":"instock","16":"sale","17":"downloadable","18":"virtual","19":"sold-individually","20":"purchasable","21":"product-type-simple"},"_links":{"self":[{"href":"https:\/\/gpl-love.com\/fr\/wp-json\/wp\/v2\/product\/120729","targetHints":{"allow":["GET"]}}],"collection":[{"href":"https:\/\/gpl-love.com\/fr\/wp-json\/wp\/v2\/product"}],"about":[{"href":"https:\/\/gpl-love.com\/fr\/wp-json\/wp\/v2\/types\/product"}],"replies":[{"embeddable":true,"href":"https:\/\/gpl-love.com\/fr\/wp-json\/wp\/v2\/comments?post=120729"}],"wp:featuredmedia":[{"embeddable":true,"href":"https:\/\/gpl-love.com\/fr\/wp-json\/wp\/v2\/media\/144948"}],"wp:attachment":[{"href":"https:\/\/gpl-love.com\/fr\/wp-json\/wp\/v2\/media?parent=120729"}],"wp:term":[{"taxonomy":"product_brand","embeddable":true,"href":"https:\/\/gpl-love.com\/fr\/wp-json\/wp\/v2\/product_brand?post=120729"},{"taxonomy":"product_cat","embeddable":true,"href":"https:\/\/gpl-love.com\/fr\/wp-json\/wp\/v2\/product_cat?post=120729"},{"taxonomy":"product_tag","embeddable":true,"href":"https:\/\/gpl-love.com\/fr\/wp-json\/wp\/v2\/product_tag?post=120729"}],"curies":[{"name":"wp","href":"https:\/\/api.w.org\/{rel}","templated":true}]}}