{"id":120727,"date":"2025-12-12T00:00:00","date_gmt":"2025-12-11T23:00:00","guid":{"rendered":"https:\/\/gpl-love.com\/fr\/produit\/peepso-chat\/"},"modified":"2026-03-20T23:31:08","modified_gmt":"2026-03-20T22:31:08","slug":"peepso-chat","status":"publish","type":"product","link":"https:\/\/gpl-love.com\/fr\/produit\/peepso-chat\/","title":{"rendered":"PeepSo Chat 8.0.0.0"},"content":{"rendered":"<h3>PeepSo Chat Traits<\/h3>\n<p>Peepso Chat, un outil de r\u00e9seautage social extr\u00eamement influent, poss\u00e8de la capacit\u00e9 remarquable de faciliter la communication en temps r\u00e9el entre les utilisateurs. Il offre une plate-forme incroyablement r\u00e9siliente et conviviale, offrant aux utilisateurs la possibilit\u00e9 de participer \u00e0 la fois aux interactions de groupe et aux conversations priv\u00e9es, ainsi qu&rsquo;\u00e0 permettre le partage de fichiers transparent et l&rsquo;\u00e9change de contenu multim\u00e9dia. En exploitant le pouvoir du chat de Peepso, les individus peuvent \u00e9tablir sans effort des liens avec leurs connaissances, leurs coll\u00e8gues ou leurs membres de leurs communaut\u00e9s respectives, tout en restant simultan\u00e9ment bien inform\u00e9 sur les nouvelles, les \u00e9v\u00e9nements et les tendances dominantes les plus r\u00e9centes. La plate-forme elle-m\u00eame, remplie de son immense personnalisabilit\u00e9, permet aux utilisateurs de personnaliser leurs exp\u00e9riences de chat en fonction de leurs pr\u00e9f\u00e9rences individuelles, que ce soit en incorporant des emojis, des GIF ou d&rsquo;autres \u00e9l\u00e9ments engageants et divertissants. Ainsi, le chat Peepso assume un r\u00f4le indispensable pour ceux qui cherchent \u00e0 \u00e9lever leurs entreprises de r\u00e9seautage social et \u00e0 maintenir une connectivit\u00e9 in\u00e9branlable avec leur r\u00e9seau d&rsquo;associ\u00e9s.<\/p>\n<ul>\n<li>Fonctionnalit\u00e9 de chat rationalis\u00e9e pour les utilisateurs de Peepso<\/li>\n<li>La messagerie en temps r\u00e9el permet une communication instantan\u00e9e<\/li>\n<li>Chats de groupe pour des conversations plus efficaces avec plusieurs membres<\/li>\n<li>Conception r\u00e9active mobile pour la messagerie en d\u00e9placement<\/li>\n<li>Param\u00e8tres personnalisables pour les notifications et les pr\u00e9f\u00e9rences de confidentialit\u00e9<\/li>\n<li>Int\u00e9gration avec les profils utilisateur de Peepso pour un acc\u00e8s facile aux contacts et \u00e0 l&rsquo;historique des messages<\/li>\n<li>Option pour envoyer du contenu multim\u00e9dia tel que des photos et des vid\u00e9os dans les chats<\/li>\n<li>Capacit\u00e9s de recherche avanc\u00e9es pour trouver des messages ou des contacts sp\u00e9cifiques<\/li>\n<li>Interface facile \u00e0 utiliser pour la navigation transparente entre les chats et les groupes.<\/li>\n<\/ul>\n","protected":false},"excerpt":{"rendered":"<p>Peepso Chat, une plate-forme de communication de chat de chat globale con\u00e7ue sp\u00e9cifiquement pour votre site Web de communaut\u00e9, sert d&rsquo;outil remarquable pour faciliter les connexions en temps r\u00e9el entre vos membres, ce qui leur permet de communiquer avec commodit\u00e9 et instantan\u00e9ment les uns avec les autres. En exploitant la puissance du chat de Peepso, vous gagnez la possibilit\u00e9 d&rsquo;adapter les salles de chat et les groupes \u00e0 vos besoins sp\u00e9cifiques, \u00e0 fournir des capacit\u00e9s de messagerie priv\u00e9es, \u00e0 utiliser une vaste gamme d&rsquo;autocollants et d&rsquo;\u00e9mojis expressifs, et d&rsquo;acc\u00e8s \u00e0 une pl\u00e9thore d&rsquo;autres caract\u00e9ristiques remarquables, toutes des caract\u00e9ristiques, ce qui Contribuer collectivement \u00e0 un niveau d&rsquo;engagement des utilisateurs consid\u00e9rablement accru. En outre, cette plate-forme exceptionnelle s&rsquo;int\u00e8gre de mani\u00e8re transparente \u00e0 d&rsquo;autres plugins Peepso, ce qui le rend une solution compl\u00e8te et tout compris sp\u00e9cialement adapt\u00e9e pour r\u00e9pondre aux besoins de votre site Web de communaut\u00e9.<\/p>\n","protected":false},"featured_media":144946,"comment_status":"open","ping_status":"open","template":"","meta":[],"product_brand":[2621],"product_cat":[1300,1181,1186],"product_tag":[2297],"class_list":{"0":"post-120727","1":"product","2":"type-product","3":"status-publish","4":"has-post-thumbnail","6":"product_brand-peepso","7":"product_cat-adhesion","8":"product_cat-plugins","9":"product_cat-wordpress-plugins","10":"product_tag-peepso","11":"member-discount","12":"discount-restricted","14":"first","15":"instock","16":"sale","17":"downloadable","18":"virtual","19":"sold-individually","20":"purchasable","21":"product-type-simple"},"_links":{"self":[{"href":"https:\/\/gpl-love.com\/fr\/wp-json\/wp\/v2\/product\/120727","targetHints":{"allow":["GET"]}}],"collection":[{"href":"https:\/\/gpl-love.com\/fr\/wp-json\/wp\/v2\/product"}],"about":[{"href":"https:\/\/gpl-love.com\/fr\/wp-json\/wp\/v2\/types\/product"}],"replies":[{"embeddable":true,"href":"https:\/\/gpl-love.com\/fr\/wp-json\/wp\/v2\/comments?post=120727"}],"wp:featuredmedia":[{"embeddable":true,"href":"https:\/\/gpl-love.com\/fr\/wp-json\/wp\/v2\/media\/144946"}],"wp:attachment":[{"href":"https:\/\/gpl-love.com\/fr\/wp-json\/wp\/v2\/media?parent=120727"}],"wp:term":[{"taxonomy":"product_brand","embeddable":true,"href":"https:\/\/gpl-love.com\/fr\/wp-json\/wp\/v2\/product_brand?post=120727"},{"taxonomy":"product_cat","embeddable":true,"href":"https:\/\/gpl-love.com\/fr\/wp-json\/wp\/v2\/product_cat?post=120727"},{"taxonomy":"product_tag","embeddable":true,"href":"https:\/\/gpl-love.com\/fr\/wp-json\/wp\/v2\/product_tag?post=120727"}],"curies":[{"name":"wp","href":"https:\/\/api.w.org\/{rel}","templated":true}]}}