{"id":120725,"date":"2025-12-12T00:00:00","date_gmt":"2025-12-11T23:00:00","guid":{"rendered":"https:\/\/gpl-love.com\/fr\/produit\/peepso-badgeos-integration\/"},"modified":"2026-03-20T23:31:08","modified_gmt":"2026-03-20T22:31:08","slug":"peepso-badgeos-integration","status":"publish","type":"product","link":"https:\/\/gpl-love.com\/fr\/produit\/peepso-badgeos-integration\/","title":{"rendered":"PeepSo BadgeOS Integration 8.0.0.0"},"content":{"rendered":"<h3>PeepSo BadgeOS Integration Traits<\/h3>\n<p>L&rsquo;int\u00e9gration connue sous le nom d&rsquo;int\u00e9gration de Peepso BadgeOS poss\u00e8de un \u00e9ventail impressionnant de fonctionnalit\u00e9s qui permettent aux utilisateurs d&rsquo;orchestrer une exp\u00e9rience de gamification captivante et immersive sur leur site de r\u00e9seautage social estim\u00e9. Cette int\u00e9gration remarquable permet aux propri\u00e9taires de sites la possibilit\u00e9 de fabriquer des badges et des r\u00e9alisations m\u00e9ticuleusement adapt\u00e9s, qui peuvent \u00eatre accord\u00e9s aux utilisateurs m\u00e9ritants en fonction de leur d\u00e9vouement in\u00e9branlable et de leur implication enthousiaste sur le site. Ces badges louables, une fois acquis, peuvent \u00eatre pr\u00e9sent\u00e9s en bonne place sur les profils d&rsquo;utilisateurs, servant de symboles tangibles de triomphe et de reconnaissance m\u00e9ritoire pour leurs efforts infatigables. De plus, cette int\u00e9gration r\u00e9volutionnaire facilite la cr\u00e9ation de classements passionnants, cultivant ainsi un environnement qui motive non seulement les utilisateurs \u00e0 interagir activement avec le site, mais favorise \u00e9galement une saine concurrence entre eux. Gr\u00e2ce \u00e0 l&rsquo;int\u00e9gration remarquable de Peepso Badgeos, les utilisateurs ont le luxe de se livrer \u00e0 une exp\u00e9rience de r\u00e9seautage social plus captivante et plus interactive, tandis que les propri\u00e9taires de sites sont pr\u00eats \u00e0 r\u00e9colter les r\u00e9compenses abondantes de l&rsquo;engagement accru des utilisateurs et des taux de r\u00e9tention in\u00e9gal\u00e9s.<\/p>\n<ul>\n<li>Int\u00e9gration transparente du plugin de r\u00e9seautage social PEEPSO et du plugin de gamification des badges<\/li>\n<li>Capacit\u00e9 \u00e0 attribuer des badges et des r\u00e9alisations bas\u00e9s sur les interactions sociales sur Peepso<\/li>\n<li>Ic\u00f4nes et descriptions de badges personnalisables<\/li>\n<li>Option d&rsquo;afficher les badges sur les profils utilisateur et les flux d&rsquo;activit\u00e9<\/li>\n<li>Am\u00e9lioration de l&rsquo;engagement et de la motivation des utilisateurs sur le r\u00e9seau social Peepso<\/li>\n<li>Compatible avec les derni\u00e8res versions de WordPress, Peepso et Badgeos<\/li>\n<li>Facile \u00e0 installer et \u00e0 utiliser, aucune comp\u00e9tence de codage requise<\/li>\n<li>\u00c9quipe d&rsquo;assistance utile disponible pour aider \u00e0 toute question ou probl\u00e8me<\/li>\n<\/ul>\n","protected":false},"excerpt":{"rendered":"<p>L&rsquo;int\u00e9gration de Peepso Badgeos est un outil exceptionnellement robuste et dynamique qui vous accorde la capacit\u00e9 remarquable de donner sans effort les badges \u00e0 vos membres estim\u00e9s de la communaut\u00e9 en ligne comme un signe d&rsquo;appr\u00e9ciation pour leur engagement profond et leurs r\u00e9alisations remarquables. By seamlessly amalgamating PeepSo, the widely acclaimed social networking plugin specifically designed for WordPress, with BadgeOS, the unrivaled and industry-leading plugin that specializes in creating and adroitly managing badges and achievements on your esteemed website, you are endowed with a plethora of unprecedented opportunities . Cette ing\u00e9nieuse int\u00e9gration vous permet de ne pas faire en sorte que les badges personnalis\u00e9s de mode m\u00e9ticuleux et la contribution m\u00e9ticuleusement contribuent m\u00e9ticuleusement \u00e0 s&rsquo;acquitter sur les pr\u00e9f\u00e9rences et les aspirations uniques de vos utilisateurs estim\u00e9s, revivant ainsi sans \u00e9quivoque et favorisant un sentiment encore plus trit Camaraderie au sein de votre public estim\u00e9 en ligne. Par cons\u00e9quent, si vous nourrissez un fervent d\u00e9sir d&rsquo;\u00e9lever le niveau d&rsquo;engagement au sein de votre communaut\u00e9 estim\u00e9e et de r\u00e9viser simultan\u00e9ment votre syst\u00e8me de r\u00e9compense en place aux hauteurs stratosph\u00e9riques, l&rsquo;int\u00e9gration de Peepso Badgeos \u00e9merge sans aucun doute de la solution par excellence qui est destin\u00e9e \u00e0 r\u00e9pondre \u00e0 tous vos besoins et \u00e0 d\u00e9passer votre attentes \u00e9lev\u00e9es.<\/p>\n","protected":false},"featured_media":144945,"comment_status":"open","ping_status":"open","template":"","meta":[],"product_brand":[2621],"product_cat":[1300,1181,1186],"product_tag":[2297],"class_list":{"0":"post-120725","1":"product","2":"type-product","3":"status-publish","4":"has-post-thumbnail","6":"product_brand-peepso","7":"product_cat-adhesion","8":"product_cat-plugins","9":"product_cat-wordpress-plugins","10":"product_tag-peepso","11":"member-discount","12":"discount-restricted","14":"first","15":"instock","16":"sale","17":"downloadable","18":"virtual","19":"sold-individually","20":"purchasable","21":"product-type-simple"},"_links":{"self":[{"href":"https:\/\/gpl-love.com\/fr\/wp-json\/wp\/v2\/product\/120725","targetHints":{"allow":["GET"]}}],"collection":[{"href":"https:\/\/gpl-love.com\/fr\/wp-json\/wp\/v2\/product"}],"about":[{"href":"https:\/\/gpl-love.com\/fr\/wp-json\/wp\/v2\/types\/product"}],"replies":[{"embeddable":true,"href":"https:\/\/gpl-love.com\/fr\/wp-json\/wp\/v2\/comments?post=120725"}],"wp:featuredmedia":[{"embeddable":true,"href":"https:\/\/gpl-love.com\/fr\/wp-json\/wp\/v2\/media\/144945"}],"wp:attachment":[{"href":"https:\/\/gpl-love.com\/fr\/wp-json\/wp\/v2\/media?parent=120725"}],"wp:term":[{"taxonomy":"product_brand","embeddable":true,"href":"https:\/\/gpl-love.com\/fr\/wp-json\/wp\/v2\/product_brand?post=120725"},{"taxonomy":"product_cat","embeddable":true,"href":"https:\/\/gpl-love.com\/fr\/wp-json\/wp\/v2\/product_cat?post=120725"},{"taxonomy":"product_tag","embeddable":true,"href":"https:\/\/gpl-love.com\/fr\/wp-json\/wp\/v2\/product_tag?post=120725"}],"curies":[{"name":"wp","href":"https:\/\/api.w.org\/{rel}","templated":true}]}}