{"id":120721,"date":"2025-12-12T00:00:00","date_gmt":"2025-12-11T23:00:00","guid":{"rendered":"https:\/\/gpl-love.com\/fr\/produit\/peepso-advanced-ads-integration\/"},"modified":"2026-03-20T23:31:05","modified_gmt":"2026-03-20T22:31:05","slug":"peepso-advanced-ads-integration","status":"publish","type":"product","link":"https:\/\/gpl-love.com\/fr\/produit\/peepso-advanced-ads-integration\/","title":{"rendered":"PeepSo Advanced Ads Integration 8.0.0.0"},"content":{"rendered":"<h3>PeepSo Advanced Ads Integration Traits<\/h3>\n<p>Peepso Advanced Ads Integration, un outil tr\u00e8s puissant, pr\u00e9sente les propri\u00e9taires de sites Web qui ont la possibilit\u00e9 de mon\u00e9tiser efficacement leur r\u00e9seau social. Ce plugin remarquable s&rsquo;amalgate de mani\u00e8re transparente avec Peepso, le plugin de r\u00e9seau social largement acclam\u00e9 pour WordPress, permettant ainsi aux propri\u00e9taires de sites de g\u00e9n\u00e9rer et de r\u00e9guler sans effort des publicit\u00e9s qui seront expos\u00e9es en bonne place sur leur r\u00e9seau social. La fonctionnalit\u00e9 compl\u00e8te de cette int\u00e9gration permet aux propri\u00e9taires de sites Web de cibler pr\u00e9cis\u00e9ment les annonces bas\u00e9es sur un \u00e9ventail de crit\u00e8res, englobant les groupes d&rsquo;utilisateurs et les int\u00e9r\u00eats, leur accordant un niveau de domination in\u00e9gal\u00e9 sur leur strat\u00e9gie publicitaire. En outre, ce plugin poss\u00e8de une vaste suite d&rsquo;analyses d\u00e9taill\u00e9es, facilitant les propri\u00e9taires de sites pour suivre m\u00e9ticuleusement les performances de leurs annonces et apporter les modifications n\u00e9cessaires lorsqu&rsquo;elles sont jug\u00e9es imp\u00e9ratives. Essentiellement, l&rsquo;int\u00e9gration des publicit\u00e9s Peepso Advanced est un outil indispensable pour tout propri\u00e9taire de site Web exigeant aspirant \u00e0 capitaliser sur le potentiel de g\u00e9n\u00e9ration de revenus de leur r\u00e9seau social.<\/p>\n<ul>\n<li>Int\u00e8gre de mani\u00e8re transparente votre r\u00e9seau social Peepso \u00e0 la publicit\u00e9<\/li>\n<li>Vous permet d&rsquo;afficher des annonces cibl\u00e9es \u00e0 des groupes d&rsquo;utilisateurs sp\u00e9cifiques ou aux donn\u00e9es d\u00e9mographiques<\/li>\n<li>Prend en charge plusieurs formats d&rsquo;annonces, y compris les banni\u00e8res publicitaires et les publications sponsoris\u00e9es<\/li>\n<li>Fournit des analyses d\u00e9taill\u00e9es sur les performances publicitaires et l&rsquo;engagement des utilisateurs<\/li>\n<li>Gave le temps et les efforts en automatisant le processus de cr\u00e9ation d&rsquo;annonces et de gestion<\/li>\n<li>Vous donne un contr\u00f4le total sur le placement et la fr\u00e9quence des annonces<\/li>\n<li>Vous permet de mon\u00e9tiser votre r\u00e9seau social et de g\u00e9n\u00e9rer des revenus suppl\u00e9mentaires<\/li>\n<li>Am\u00e9liore l&rsquo;exp\u00e9rience utilisateur en affichant des annonces pertinentes qui ajoutent de la valeur \u00e0 leur exp\u00e9rience de navigation.<\/li>\n<li>Compatible avec les r\u00e9seaux publicitaires populaires tels que Google Adsense<\/li>\n<li>Offre des options de personnalisation pour correspondre \u00e0 l&rsquo;apparence de votre r\u00e9seau social.<\/li>\n<\/ul>\n","protected":false},"excerpt":{"rendered":"<p>L&rsquo;int\u00e9gration des publicit\u00e9s PEEPSO Advanced sert d&rsquo;outil indispensable aux propri\u00e9taires de sites Web qui aspirent \u00e0 mon\u00e9tiser leur communaut\u00e9 Peepso. En raison de cette int\u00e9gration, les individus peuvent int\u00e9grer de mani\u00e8re transparente des alternatives publicitaires de pointe dans leur plate-forme Peepso, englobant des banni\u00e8res de publicit\u00e9, du contenu sponsoris\u00e9 et des annonces indig\u00e8nes. Remarquablement convivial et intuitif, cette int\u00e9gration rationalise le processus de configuration des param\u00e8tres et de surveillance des performances publicitaires. Commencez \u00e0 g\u00e9n\u00e9rer des revenus et \u00e0 renforcer l&rsquo;engagement des utilisateurs avec l&rsquo;int\u00e9gration inestimable des annonces Peepso Advanced.<\/p>\n","protected":false},"featured_media":144943,"comment_status":"open","ping_status":"open","template":"","meta":[],"product_brand":[2621],"product_cat":[1300,1181,1186],"product_tag":[2297],"class_list":{"0":"post-120721","1":"product","2":"type-product","3":"status-publish","4":"has-post-thumbnail","6":"product_brand-peepso","7":"product_cat-adhesion","8":"product_cat-plugins","9":"product_cat-wordpress-plugins","10":"product_tag-peepso","11":"member-discount","12":"discount-restricted","14":"first","15":"instock","16":"sale","17":"downloadable","18":"virtual","19":"sold-individually","20":"purchasable","21":"product-type-simple"},"_links":{"self":[{"href":"https:\/\/gpl-love.com\/fr\/wp-json\/wp\/v2\/product\/120721","targetHints":{"allow":["GET"]}}],"collection":[{"href":"https:\/\/gpl-love.com\/fr\/wp-json\/wp\/v2\/product"}],"about":[{"href":"https:\/\/gpl-love.com\/fr\/wp-json\/wp\/v2\/types\/product"}],"replies":[{"embeddable":true,"href":"https:\/\/gpl-love.com\/fr\/wp-json\/wp\/v2\/comments?post=120721"}],"wp:featuredmedia":[{"embeddable":true,"href":"https:\/\/gpl-love.com\/fr\/wp-json\/wp\/v2\/media\/144943"}],"wp:attachment":[{"href":"https:\/\/gpl-love.com\/fr\/wp-json\/wp\/v2\/media?parent=120721"}],"wp:term":[{"taxonomy":"product_brand","embeddable":true,"href":"https:\/\/gpl-love.com\/fr\/wp-json\/wp\/v2\/product_brand?post=120721"},{"taxonomy":"product_cat","embeddable":true,"href":"https:\/\/gpl-love.com\/fr\/wp-json\/wp\/v2\/product_cat?post=120721"},{"taxonomy":"product_tag","embeddable":true,"href":"https:\/\/gpl-love.com\/fr\/wp-json\/wp\/v2\/product_tag?post=120721"}],"curies":[{"name":"wp","href":"https:\/\/api.w.org\/{rel}","templated":true}]}}