{"id":120717,"date":"2024-12-20T00:00:00","date_gmt":"2024-12-19T23:00:00","guid":{"rendered":"https:\/\/gpl-love.com\/fr\/produit\/kadence-child-theme-builder\/"},"modified":"2026-03-20T23:21:20","modified_gmt":"2026-03-20T22:21:20","slug":"kadence-child-theme-builder","status":"publish","type":"product","link":"https:\/\/gpl-love.com\/fr\/produit\/kadence-child-theme-builder\/","title":{"rendered":"Kadence Child Th\u00e8me Builder 1.0.9"},"content":{"rendered":"<h3>Kadence Child Th\u00e8me Builder Traits<\/h3>\n<p>Le constructeur de th\u00e8me Kadence Child, un outil robuste visant \u00e0 faciliter la cr\u00e9ation de th\u00e8mes WordPress, offrant des sites Web des enfants, offre un \u00e9ventail de fonctionnalit\u00e9s qui d\u00e9passent de loin les attentes des utilisateurs. En exploitant la puissance d&rsquo;une interface de tra\u00een\u00e9e et de d\u00e9p\u00f4t intuitive, associ\u00e9e \u00e0 une vaste s\u00e9lection de mod\u00e8les pr\u00e9d\u00e9finis et d&rsquo;\u00e9l\u00e9ments de conception, les individus sont autoris\u00e9s \u00e0 adapter sans effort leurs th\u00e8mes pour incarner leur marque et leur style uniques. En outre, ce constructeur de th\u00e8me innovant poss\u00e8de des capacit\u00e9s adapt\u00e9es aux mobiles, garantissant une exp\u00e9rience utilisateur impeccable quel que soit l&rsquo;appareil utilis\u00e9. En plus d&rsquo;accorder la possibilit\u00e9 de personnaliser les en-t\u00eates, les pieds de page et les dispositions de page, cet outil remarquable offre m\u00eame aux utilisateurs la possibilit\u00e9 d&rsquo;incorporer de mani\u00e8re transparente leur propre CSS personnalis\u00e9, permettant ainsi un r\u00e9glage fine m\u00e9ticuleux de la conception. Que l&rsquo;on soit un concepteur de sites Web cherchant \u00e0 cr\u00e9er des sites Web visuellement captivants pour leurs clients ou un propri\u00e9taire de site visant \u00e0 concevoir leur propre plate-forme en ligne adapt\u00e9e aux enfants, le constructeur de th\u00e8me Kadence Child appara\u00eet sans aucun doute comme un atout indispensable qui doit \u00eatre adopt\u00e9.<\/p>\n<ul>\n<li>Cr\u00e9er des th\u00e8mes pour enfants personnalisables pour les sites Web WordPress<\/li>\n<li>Modifier et styliser sans effort tous les aspects du th\u00e8me de votre enfant<\/li>\n<li>Aucun codage requis &#8211; toutes les modifications peuvent \u00eatre apport\u00e9es via l&rsquo;\u00e9diteur visuel intuitif<\/li>\n<li>Choisissez parmi une vari\u00e9t\u00e9 de mod\u00e8les pr\u00e9-con\u00e7us ou commencez \u00e0 z\u00e9ro<\/li>\n<li>Aper\u00e7u de vos modifications en temps r\u00e9el pour voir \u00e0 quoi ils ressembleront sur votre site Web<\/li>\n<li>Compatible avec n&rsquo;importe quel th\u00e8me WordPress<\/li>\n<li>Exporter et enregistrer vos th\u00e8mes pour enfants personnalis\u00e9s pour une utilisation future ou pour vendre aux clients<\/li>\n<li>Parfait pour les concepteurs ou les d\u00e9veloppeurs qui cherchent \u00e0 gagner du temps et \u00e0 cr\u00e9er de beaux sites Web uniques pour leurs clients.<\/li>\n<\/ul>\n","protected":false},"excerpt":{"rendered":"<p>Kadence Child Theme Builder, un outil tr\u00e8s polyvalent et convivial, permet aux d\u00e9veloppeurs de sites Web la possibilit\u00e9 d&rsquo;\u00e9laborer rapidement et sans effort sans fondement des th\u00e8mes enfants sur mesure pour leurs sites WordPress. En tirant parti de son interface de glisser-d\u00e9poser intuitive et de sa gamme compl\u00e8te de fonctionnalit\u00e9s, y compris l&rsquo;\u00e9dition CSS en temps r\u00e9el et les choix de conception r\u00e9actifs flexibles, Kadence Child Theme Builder garantit que votre site Web se distinguera sans effort parmi la vaste mer de la pr\u00e9sence en ligne. De plus, avec une vaste s\u00e9lection de mod\u00e8les pr\u00e9-con\u00e7us \u00e0 votre disposition, vous pouvez rapidement commencer le processus de cr\u00e9ation de th\u00e8me de votre enfant sans aucun retard. Ne perdez pas de temps et saisissez l&rsquo;opportunit\u00e9 d&rsquo;\u00e9lever votre site \u00e0 des hauteurs sans pr\u00e9c\u00e9dent en l&rsquo;essayant aujourd&rsquo;hui!<\/p>\n","protected":false},"featured_media":144300,"comment_status":"open","ping_status":"open","template":"","meta":[],"product_brand":[2460],"product_cat":[1189,1181,1186],"product_tag":[1845],"class_list":{"0":"post-120717","1":"product","2":"type-product","3":"status-publish","4":"has-post-thumbnail","6":"product_brand-kadence-wp","7":"product_cat-personnalisation","8":"product_cat-plugins","9":"product_cat-wordpress-plugins","10":"product_tag-kadence-wp","11":"member-discount","12":"discount-restricted","14":"first","15":"instock","16":"sale","17":"downloadable","18":"virtual","19":"sold-individually","20":"purchasable","21":"product-type-simple"},"_links":{"self":[{"href":"https:\/\/gpl-love.com\/fr\/wp-json\/wp\/v2\/product\/120717","targetHints":{"allow":["GET"]}}],"collection":[{"href":"https:\/\/gpl-love.com\/fr\/wp-json\/wp\/v2\/product"}],"about":[{"href":"https:\/\/gpl-love.com\/fr\/wp-json\/wp\/v2\/types\/product"}],"replies":[{"embeddable":true,"href":"https:\/\/gpl-love.com\/fr\/wp-json\/wp\/v2\/comments?post=120717"}],"wp:featuredmedia":[{"embeddable":true,"href":"https:\/\/gpl-love.com\/fr\/wp-json\/wp\/v2\/media\/144300"}],"wp:attachment":[{"href":"https:\/\/gpl-love.com\/fr\/wp-json\/wp\/v2\/media?parent=120717"}],"wp:term":[{"taxonomy":"product_brand","embeddable":true,"href":"https:\/\/gpl-love.com\/fr\/wp-json\/wp\/v2\/product_brand?post=120717"},{"taxonomy":"product_cat","embeddable":true,"href":"https:\/\/gpl-love.com\/fr\/wp-json\/wp\/v2\/product_cat?post=120717"},{"taxonomy":"product_tag","embeddable":true,"href":"https:\/\/gpl-love.com\/fr\/wp-json\/wp\/v2\/product_tag?post=120717"}],"curies":[{"name":"wp","href":"https:\/\/api.w.org\/{rel}","templated":true}]}}