{"id":120715,"date":"2025-07-28T00:00:00","date_gmt":"2025-07-27T22:00:00","guid":{"rendered":"https:\/\/gpl-love.com\/fr\/produit\/kadence-cloud\/"},"modified":"2026-03-20T23:21:20","modified_gmt":"2026-03-20T22:21:20","slug":"kadence-cloud","status":"publish","type":"product","link":"https:\/\/gpl-love.com\/fr\/produit\/kadence-cloud\/","title":{"rendered":"Kadence Cloud 1.1.2"},"content":{"rendered":"<h3>Kadence Cloud Traits<\/h3>\n<p>Kadence Cloud est une solution logicielle de pointe qui pr\u00e9sente aux entreprises un puissant syst\u00e8me de gestion des entr\u00e9es, sans parler du fait qu&rsquo;il fonctionne via le cloud. Cette plate-forme particuli\u00e8re poss\u00e8de une pl\u00e9thore de fonctionnalit\u00e9s qui permettent aux entreprises d&rsquo;acqu\u00e9rir sans effort d&rsquo;acqu\u00e9rir, de g\u00e9rer et de superviser les donn\u00e9es d&rsquo;une myriade de sources, y compris, mais sans s&rsquo;y limiter, des e-mails, des documents et des formulaires. En tirant parti de Kadence Cloud, les entreprises peuvent rationaliser efficacement leurs processus d&rsquo;entr\u00e9e, att\u00e9nuant ainsi les erreurs et augmentant l&rsquo;efficacit\u00e9 dans tous les d\u00e9partements organisationnels. L&rsquo;interface conviviale de la plate-forme, associ\u00e9e \u00e0 ses outils d&rsquo;automatisation de pointe, incite les utilisateurs \u00e0 la possibilit\u00e9 de saisir et de traiter rapidement les donn\u00e9es. De plus, ses capacit\u00e9s de rapports robustes servent de ressources pr\u00e9cieuses, fournissant des informations profondes sur les op\u00e9rations commerciales. Pour le dire succinctement, Kadence Cloud repr\u00e9sente une solution holistique qui aide les entreprises \u00e0 am\u00e9liorer leurs processus de gestion des entr\u00e9es et \u00e0 optimiser leurs flux de travail pour atteindre un maximum de niveaux de productivit\u00e9 et de rentabilit\u00e9.<\/p>\n<ul>\n<li>Kadence Cloud fournit une interface conviviale pour la saisie et la gestion des donn\u00e9es<\/li>\n<li>La plate-forme bas\u00e9e sur le cloud permet une collaboration facile entre les membres de l&rsquo;\u00e9quipe<\/li>\n<li>Avec Kadence Cloud, les donn\u00e9es sont accessibles de n&rsquo;importe o\u00f9 avec une connexion Internet<\/li>\n<li>La plate-forme comprend des champs de donn\u00e9es personnalisables pour r\u00e9pondre \u00e0 vos besoins sp\u00e9cifiques<\/li>\n<li>Les sauvegardes de donn\u00e9es sont automatis\u00e9es et s\u00e9curis\u00e9es dans le cloud<\/li>\n<li>Kadence Cloud offre des capacit\u00e9s avanc\u00e9es de recherche et de rapport pour une analyse efficace des donn\u00e9es<\/li>\n<li>La plate-forme s&rsquo;int\u00e8gre \u00e0 d&rsquo;autres syst\u00e8mes logiciels pour le transfert de donn\u00e9es rationalis\u00e9<\/li>\n<li>Les autorisations flexibles des utilisateurs garantissent la confidentialit\u00e9 et la s\u00e9curit\u00e9 des donn\u00e9es<\/li>\n<li>Les mises \u00e0 jour et les notifications en temps r\u00e9el tiennent les utilisateurs inform\u00e9s des modifications apport\u00e9es aux donn\u00e9es.<\/li>\n<\/ul>\n","protected":false},"excerpt":{"rendered":"<p>Kadence Cloud, un outil bas\u00e9 sur le cloud d&rsquo;avant-garde, pr\u00e9sente une opportunit\u00e9 exceptionnelle de superviser et de synchroniser efficacement vos fichiers sur tous vos appareils, facilitant ainsi le flux de travail ininterrompu quelle que soit votre emplacement. B\u00e9n\u00e9ficiant d&rsquo;une interface conviviale et d&rsquo;attributs de s\u00e9curit\u00e9 fortifi\u00e9s, Kadence Cloud facilite sans effort le stockage, l&rsquo;accessibilit\u00e9 et la diffusion de vos fichiers parmi les coll\u00e8gues et les clients. Que vous vous trouviez immerg\u00e9 dans un projet d&rsquo;\u00e9quipe ou que vous vous engagiez dans des efforts de collaboration avec les clients, Kadence Cloud est une solution puissante pour optimiser votre flux de travail et assurer la plus grande s\u00e9curit\u00e9 et la s\u00e9curit\u00e9 de vos fichiers.<\/p>\n","protected":false},"featured_media":144301,"comment_status":"open","ping_status":"open","template":"","meta":[],"product_brand":[2460],"product_cat":[1189,1181,1186],"product_tag":[1845],"class_list":{"0":"post-120715","1":"product","2":"type-product","3":"status-publish","4":"has-post-thumbnail","6":"product_brand-kadence-wp","7":"product_cat-personnalisation","8":"product_cat-plugins","9":"product_cat-wordpress-plugins","10":"product_tag-kadence-wp","11":"member-discount","12":"discount-restricted","14":"first","15":"instock","16":"sale","17":"downloadable","18":"virtual","19":"sold-individually","20":"purchasable","21":"product-type-simple"},"_links":{"self":[{"href":"https:\/\/gpl-love.com\/fr\/wp-json\/wp\/v2\/product\/120715","targetHints":{"allow":["GET"]}}],"collection":[{"href":"https:\/\/gpl-love.com\/fr\/wp-json\/wp\/v2\/product"}],"about":[{"href":"https:\/\/gpl-love.com\/fr\/wp-json\/wp\/v2\/types\/product"}],"replies":[{"embeddable":true,"href":"https:\/\/gpl-love.com\/fr\/wp-json\/wp\/v2\/comments?post=120715"}],"wp:featuredmedia":[{"embeddable":true,"href":"https:\/\/gpl-love.com\/fr\/wp-json\/wp\/v2\/media\/144301"}],"wp:attachment":[{"href":"https:\/\/gpl-love.com\/fr\/wp-json\/wp\/v2\/media?parent=120715"}],"wp:term":[{"taxonomy":"product_brand","embeddable":true,"href":"https:\/\/gpl-love.com\/fr\/wp-json\/wp\/v2\/product_brand?post=120715"},{"taxonomy":"product_cat","embeddable":true,"href":"https:\/\/gpl-love.com\/fr\/wp-json\/wp\/v2\/product_cat?post=120715"},{"taxonomy":"product_tag","embeddable":true,"href":"https:\/\/gpl-love.com\/fr\/wp-json\/wp\/v2\/product_tag?post=120715"}],"curies":[{"name":"wp","href":"https:\/\/api.w.org\/{rel}","templated":true}]}}