{"id":120713,"date":"2024-11-27T00:00:00","date_gmt":"2024-11-26T23:00:00","guid":{"rendered":"https:\/\/gpl-love.com\/fr\/produit\/ultimate-member-google-recaptcha-addon\/"},"modified":"2026-03-20T23:41:47","modified_gmt":"2026-03-20T22:41:47","slug":"ultimate-member-google-recaptcha-addon","status":"publish","type":"product","link":"https:\/\/gpl-love.com\/fr\/produit\/ultimate-member-google-recaptcha-addon\/","title":{"rendered":"Ultimate Member Google reCAPTCHA 2.3.8"},"content":{"rendered":"<h3>Ultimate Member Google reCAPTCHA Traits<\/h3>\n<p>L&rsquo;utilisation du membre ultime Google Recaptcha sert de m\u00e9canisme influent pour prot\u00e9ger votre site Web contre l&rsquo;intrusion du spam et des activit\u00e9s trompeuses. En incorporant ce plugin extr\u00eamement puissant dans vos formulaires d&rsquo;enregistrement et de connexion des membres ultimes, vous le rendez effectivement presque incomp\u00e9tendable pour les robots et les scripts automatis\u00e9s pour se procurer un acc\u00e8s non autoris\u00e9 \u00e0 votre plateforme en ligne. L&rsquo;installation et la configuration de ce plugin sont remarquablement conviviales, et il s&rsquo;int\u00e8gre parfaitement \u00e0 un membre ultime, garantissant ainsi la s\u00e9curit\u00e9 et la protection perp\u00e9tuelles de votre site Web. Que vous g\u00e9riez un blog diminutif ou un vaste emporium en ligne, le membre ultime Google recaptcha constitue un instrument indispensable qui vous aidera sans aucun doute \u00e0 fortifier votre site Web et \u00e0 prot\u00e9ger votre base d&rsquo;utilisateurs inestimable.<\/p>\n<ul>\n<li>Ajoute Google RecaptCha aux formulaires de r\u00e9initialisation des utilisateurs des membres ultimes et de r\u00e9initialisation des membres<\/li>\n<li>Emp\u00eache les enregistrements de bot de spam et r\u00e9duit les faux comptes d&rsquo;utilisateurs<\/li>\n<li>Facile \u00e0 installer et \u00e0 configurer<\/li>\n<li>Prend en charge les versions recaptcha 2 et 3<\/li>\n<li>Param\u00e8tres personnalisables pour la taille, le th\u00e8me et la langue des recapts<\/li>\n<li>Compatible avec la derni\u00e8re version de Ultimate Member et WordPress<\/li>\n<li>Permet aux utilisateurs de valider facilement qu&rsquo;ils ne sont pas un robot et de terminer le processus d&rsquo;enregistrement<\/li>\n<li>S\u00e9curise le site Web \u00e0 partir des attaques de bot et maintient les donn\u00e9es du site Web propres et dignes de confiance<\/li>\n<\/ul>\n","protected":false},"excerpt":{"rendered":"<p>Le membre ultime Google Recaptcha est un plugin de s\u00e9curit\u00e9 incroyablement robuste, qui sert \u00e0 superposer vos formulaires en ligne avec un niveau suppl\u00e9mentaire de sauvegarde. En utilisant le syst\u00e8me Google Recaptcha largement reconnu et respect\u00e9, ce plugin contrecarte efficacement les efforts des robots automatis\u00e9s et des spammeurs n\u00e9fastes qui visent \u00e0 inonder votre site Web avec des donn\u00e9es falsifi\u00e9es ou un code p\u00e9rilleux. De plus, l&rsquo;int\u00e9gration transparente de ce plugin sur tout formulaire de membre ultime le rend sans effort accessible et convivial. \u00c9levez le niveau de protection sur votre site Web en adoptant le membre ultime Google Recaptcha.<\/p>\n","protected":false},"featured_media":145636,"comment_status":"open","ping_status":"open","template":"","meta":[],"product_brand":[2679],"product_cat":[1300,1181,1186],"product_tag":[2296],"class_list":{"0":"post-120713","1":"product","2":"type-product","3":"status-publish","4":"has-post-thumbnail","6":"product_brand-ultimate-member","7":"product_cat-adhesion","8":"product_cat-plugins","9":"product_cat-wordpress-plugins","10":"product_tag-ultimate-member","11":"member-discount","12":"discount-restricted","14":"first","15":"instock","16":"sale","17":"downloadable","18":"virtual","19":"sold-individually","20":"purchasable","21":"product-type-simple"},"_links":{"self":[{"href":"https:\/\/gpl-love.com\/fr\/wp-json\/wp\/v2\/product\/120713","targetHints":{"allow":["GET"]}}],"collection":[{"href":"https:\/\/gpl-love.com\/fr\/wp-json\/wp\/v2\/product"}],"about":[{"href":"https:\/\/gpl-love.com\/fr\/wp-json\/wp\/v2\/types\/product"}],"replies":[{"embeddable":true,"href":"https:\/\/gpl-love.com\/fr\/wp-json\/wp\/v2\/comments?post=120713"}],"wp:featuredmedia":[{"embeddable":true,"href":"https:\/\/gpl-love.com\/fr\/wp-json\/wp\/v2\/media\/145636"}],"wp:attachment":[{"href":"https:\/\/gpl-love.com\/fr\/wp-json\/wp\/v2\/media?parent=120713"}],"wp:term":[{"taxonomy":"product_brand","embeddable":true,"href":"https:\/\/gpl-love.com\/fr\/wp-json\/wp\/v2\/product_brand?post=120713"},{"taxonomy":"product_cat","embeddable":true,"href":"https:\/\/gpl-love.com\/fr\/wp-json\/wp\/v2\/product_cat?post=120713"},{"taxonomy":"product_tag","embeddable":true,"href":"https:\/\/gpl-love.com\/fr\/wp-json\/wp\/v2\/product_tag?post=120713"}],"curies":[{"name":"wp","href":"https:\/\/api.w.org\/{rel}","templated":true}]}}